{"id":225819,"date":"2024-06-23T21:12:31","date_gmt":"2024-06-23T21:12:31","guid":{"rendered":"https:\/\/tantrade.ee\/?post_type=product&#038;p=225819"},"modified":"2026-02-18T11:48:57","modified_gmt":"2026-02-18T11:48:57","slug":"topelt-seinaga-kruus-250ml","status":"publish","type":"product","link":"https:\/\/tantrade.ee\/en\/product\/topelt-seinaga-kruus-250ml\/","title":{"rendered":"Double walled mug, 250ml"},"content":{"rendered":"<p>Topelt borsilikaatklaas hoiab joogi temperatuuri kaua, nii et su hommikukohv ei k\u00fclmetaks ja v\u00e4rskendavad joogid p\u00fcsivad suvekuumuses kauem jahedad. Selle eeliseks on ka vastupidavus k\u00f5rgetele ja madalatele temperatuuridele, kriimustustele, pragudele ja kemikaalidele. Nad on termilise deformatsiooni suhtes vastupidavamad kui tavaline klaas. N\u00f5udepesumasinas pesemine ei ole soovitatav, sest vesi v\u00f5ib seinte vahele tungida.<\/p>","protected":false},"excerpt":{"rendered":"<p>Borosilikaat topeltklaasist topelt seinaga kruus<\/p>","protected":false},"featured_media":225844,"comment_status":"open","ping_status":"closed","template":"","meta":{"_acf_changed":false},"product_brand":[],"product_cat":[104,151],"product_tag":[],"class_list":{"0":"post-225819","1":"product","2":"type-product","3":"status-publish","4":"has-post-thumbnail","6":"product_cat-tarvikud","7":"product_cat-kruusid","9":"first","10":"instock","11":"taxable","12":"shipping-taxable","13":"purchasable","14":"product-type-simple"},"acf":[],"yoast_head":"<!-- This site is optimized with the Yoast SEO plugin v26.9 - https:\/\/yoast.com\/product\/yoast-seo-wordpress\/ -->\n<title>Topelt seinaga kruus, 250ml - Tantrade<\/title>\n<meta name=\"robots\" content=\"index, follow, max-snippet:-1, max-image-preview:large, max-video-preview:-1\" \/>\n<link rel=\"canonical\" href=\"https:\/\/tantrade.ee\/en\/product\/topelt-seinaga-kruus-250ml\/\" \/>\n<meta property=\"og:locale\" content=\"en_GB\" \/>\n<meta property=\"og:type\" content=\"article\" \/>\n<meta property=\"og:title\" content=\"Topelt seinaga kruus, 250ml - Tantrade\" \/>\n<meta property=\"og:description\" content=\"Borosilikaat topeltklaasist topelt seinaga kruus\" \/>\n<meta property=\"og:url\" content=\"https:\/\/tantrade.ee\/en\/product\/topelt-seinaga-kruus-250ml\/\" \/>\n<meta property=\"og:site_name\" content=\"Tantrade\" \/>\n<meta property=\"article:modified_time\" content=\"2026-02-18T11:48:57+00:00\" \/>\n<meta property=\"og:image\" content=\"https:\/\/tantrade.ee\/wp-content\/uploads\/2024\/06\/1716713473589-39e45ae50ad34fdaa0933375c3ec4e97-goods-Photoroom.jpg\" \/>\n\t<meta property=\"og:image:width\" content=\"800\" \/>\n\t<meta property=\"og:image:height\" content=\"800\" \/>\n\t<meta property=\"og:image:type\" content=\"image\/jpeg\" \/>\n<meta name=\"twitter:card\" content=\"summary_large_image\" \/>\n<meta name=\"twitter:label1\" content=\"Estimated reading time\" \/>\n\t<meta name=\"twitter:data1\" content=\"1 minute\" \/>\n<script type=\"application\/ld+json\" class=\"yoast-schema-graph\">{\"@context\":\"https:\/\/schema.org\",\"@graph\":[{\"@type\":\"WebPage\",\"@id\":\"https:\/\/tantrade.ee\/toode\/topelt-seinaga-kruus-250ml\/\",\"url\":\"https:\/\/tantrade.ee\/toode\/topelt-seinaga-kruus-250ml\/\",\"name\":\"Topelt seinaga kruus, 250ml - Tantrade\",\"isPartOf\":{\"@id\":\"https:\/\/tantrade.ee\/#website\"},\"primaryImageOfPage\":{\"@id\":\"https:\/\/tantrade.ee\/toode\/topelt-seinaga-kruus-250ml\/#primaryimage\"},\"image\":{\"@id\":\"https:\/\/tantrade.ee\/toode\/topelt-seinaga-kruus-250ml\/#primaryimage\"},\"thumbnailUrl\":\"https:\/\/tantrade.ee\/wp-content\/uploads\/2024\/06\/1716713473589-39e45ae50ad34fdaa0933375c3ec4e97-goods-Photoroom.jpg\",\"datePublished\":\"2024-06-23T21:12:31+00:00\",\"dateModified\":\"2026-02-18T11:48:57+00:00\",\"breadcrumb\":{\"@id\":\"https:\/\/tantrade.ee\/toode\/topelt-seinaga-kruus-250ml\/#breadcrumb\"},\"inLanguage\":\"en-GB\",\"potentialAction\":[{\"@type\":\"ReadAction\",\"target\":[\"https:\/\/tantrade.ee\/toode\/topelt-seinaga-kruus-250ml\/\"]}]},{\"@type\":\"ImageObject\",\"inLanguage\":\"en-GB\",\"@id\":\"https:\/\/tantrade.ee\/toode\/topelt-seinaga-kruus-250ml\/#primaryimage\",\"url\":\"https:\/\/tantrade.ee\/wp-content\/uploads\/2024\/06\/1716713473589-39e45ae50ad34fdaa0933375c3ec4e97-goods-Photoroom.jpg\",\"contentUrl\":\"https:\/\/tantrade.ee\/wp-content\/uploads\/2024\/06\/1716713473589-39e45ae50ad34fdaa0933375c3ec4e97-goods-Photoroom.jpg\",\"width\":800,\"height\":800},{\"@type\":\"BreadcrumbList\",\"@id\":\"https:\/\/tantrade.ee\/toode\/topelt-seinaga-kruus-250ml\/#breadcrumb\",\"itemListElement\":[{\"@type\":\"ListItem\",\"position\":1,\"name\":\"Home\",\"item\":\"https:\/\/tantrade.ee\/\"},{\"@type\":\"ListItem\",\"position\":2,\"name\":\"E-pood\",\"item\":\"https:\/\/tantrade.ee\/ru\/e-pood\/\"},{\"@type\":\"ListItem\",\"position\":3,\"name\":\"Topelt seinaga kruus, 250ml\"}]},{\"@type\":\"WebSite\",\"@id\":\"https:\/\/tantrade.ee\/#website\",\"url\":\"https:\/\/tantrade.ee\/\",\"name\":\"Tantrade Veebipood\",\"description\":\"E-pood\",\"publisher\":{\"@id\":\"https:\/\/tantrade.ee\/#organization\"},\"potentialAction\":[{\"@type\":\"SearchAction\",\"target\":{\"@type\":\"EntryPoint\",\"urlTemplate\":\"https:\/\/tantrade.ee\/?s={search_term_string}\"},\"query-input\":{\"@type\":\"PropertyValueSpecification\",\"valueRequired\":true,\"valueName\":\"search_term_string\"}}],\"inLanguage\":\"en-GB\"},{\"@type\":\"Organization\",\"@id\":\"https:\/\/tantrade.ee\/#organization\",\"name\":\"Tantrade O\u00dc\",\"url\":\"https:\/\/tantrade.ee\/\",\"logo\":{\"@type\":\"ImageObject\",\"inLanguage\":\"en-GB\",\"@id\":\"https:\/\/tantrade.ee\/#\/schema\/logo\/image\/\",\"url\":\"https:\/\/tantrade.ee\/wp-content\/uploads\/2023\/12\/Tantrade_logo.png\",\"contentUrl\":\"https:\/\/tantrade.ee\/wp-content\/uploads\/2023\/12\/Tantrade_logo.png\",\"width\":350,\"height\":338,\"caption\":\"Tantrade O\u00dc\"},\"image\":{\"@id\":\"https:\/\/tantrade.ee\/#\/schema\/logo\/image\/\"}}]}<\/script>\n<!-- \/ Yoast SEO plugin. -->","yoast_head_json":{"title":"Topelt seinaga kruus, 250ml - Tantrade","robots":{"index":"index","follow":"follow","max-snippet":"max-snippet:-1","max-image-preview":"max-image-preview:large","max-video-preview":"max-video-preview:-1"},"canonical":"https:\/\/tantrade.ee\/en\/product\/topelt-seinaga-kruus-250ml\/","og_locale":"en_GB","og_type":"article","og_title":"Topelt seinaga kruus, 250ml - Tantrade","og_description":"Borosilikaat topeltklaasist topelt seinaga kruus","og_url":"https:\/\/tantrade.ee\/en\/product\/topelt-seinaga-kruus-250ml\/","og_site_name":"Tantrade","article_modified_time":"2026-02-18T11:48:57+00:00","og_image":[{"width":800,"height":800,"url":"https:\/\/tantrade.ee\/wp-content\/uploads\/2024\/06\/1716713473589-39e45ae50ad34fdaa0933375c3ec4e97-goods-Photoroom.jpg","type":"image\/jpeg"}],"twitter_card":"summary_large_image","twitter_misc":{"Estimated reading time":"1 minute"},"schema":{"@context":"https:\/\/schema.org","@graph":[{"@type":"WebPage","@id":"https:\/\/tantrade.ee\/toode\/topelt-seinaga-kruus-250ml\/","url":"https:\/\/tantrade.ee\/toode\/topelt-seinaga-kruus-250ml\/","name":"Topelt seinaga kruus, 250ml - Tantrade","isPartOf":{"@id":"https:\/\/tantrade.ee\/#website"},"primaryImageOfPage":{"@id":"https:\/\/tantrade.ee\/toode\/topelt-seinaga-kruus-250ml\/#primaryimage"},"image":{"@id":"https:\/\/tantrade.ee\/toode\/topelt-seinaga-kruus-250ml\/#primaryimage"},"thumbnailUrl":"https:\/\/tantrade.ee\/wp-content\/uploads\/2024\/06\/1716713473589-39e45ae50ad34fdaa0933375c3ec4e97-goods-Photoroom.jpg","datePublished":"2024-06-23T21:12:31+00:00","dateModified":"2026-02-18T11:48:57+00:00","breadcrumb":{"@id":"https:\/\/tantrade.ee\/toode\/topelt-seinaga-kruus-250ml\/#breadcrumb"},"inLanguage":"en-GB","potentialAction":[{"@type":"ReadAction","target":["https:\/\/tantrade.ee\/toode\/topelt-seinaga-kruus-250ml\/"]}]},{"@type":"ImageObject","inLanguage":"en-GB","@id":"https:\/\/tantrade.ee\/toode\/topelt-seinaga-kruus-250ml\/#primaryimage","url":"https:\/\/tantrade.ee\/wp-content\/uploads\/2024\/06\/1716713473589-39e45ae50ad34fdaa0933375c3ec4e97-goods-Photoroom.jpg","contentUrl":"https:\/\/tantrade.ee\/wp-content\/uploads\/2024\/06\/1716713473589-39e45ae50ad34fdaa0933375c3ec4e97-goods-Photoroom.jpg","width":800,"height":800},{"@type":"BreadcrumbList","@id":"https:\/\/tantrade.ee\/toode\/topelt-seinaga-kruus-250ml\/#breadcrumb","itemListElement":[{"@type":"ListItem","position":1,"name":"Home","item":"https:\/\/tantrade.ee\/"},{"@type":"ListItem","position":2,"name":"E-pood","item":"https:\/\/tantrade.ee\/ru\/e-pood\/"},{"@type":"ListItem","position":3,"name":"Topelt seinaga kruus, 250ml"}]},{"@type":"WebSite","@id":"https:\/\/tantrade.ee\/#website","url":"https:\/\/tantrade.ee\/","name":"Tantrade Veebipood","description":"E-shop","publisher":{"@id":"https:\/\/tantrade.ee\/#organization"},"potentialAction":[{"@type":"SearchAction","target":{"@type":"EntryPoint","urlTemplate":"https:\/\/tantrade.ee\/?s={search_term_string}"},"query-input":{"@type":"PropertyValueSpecification","valueRequired":true,"valueName":"search_term_string"}}],"inLanguage":"en-GB"},{"@type":"Organization","@id":"https:\/\/tantrade.ee\/#organization","name":"Tantrade O\u00dc","url":"https:\/\/tantrade.ee\/","logo":{"@type":"ImageObject","inLanguage":"en-GB","@id":"https:\/\/tantrade.ee\/#\/schema\/logo\/image\/","url":"https:\/\/tantrade.ee\/wp-content\/uploads\/2023\/12\/Tantrade_logo.png","contentUrl":"https:\/\/tantrade.ee\/wp-content\/uploads\/2023\/12\/Tantrade_logo.png","width":350,"height":338,"caption":"Tantrade O\u00dc"},"image":{"@id":"https:\/\/tantrade.ee\/#\/schema\/logo\/image\/"}}]}},"_links":{"self":[{"href":"https:\/\/tantrade.ee\/en\/wp-json\/wp\/v2\/product\/225819","targetHints":{"allow":["GET"]}}],"collection":[{"href":"https:\/\/tantrade.ee\/en\/wp-json\/wp\/v2\/product"}],"about":[{"href":"https:\/\/tantrade.ee\/en\/wp-json\/wp\/v2\/types\/product"}],"replies":[{"embeddable":true,"href":"https:\/\/tantrade.ee\/en\/wp-json\/wp\/v2\/comments?post=225819"}],"wp:featuredmedia":[{"embeddable":true,"href":"https:\/\/tantrade.ee\/en\/wp-json\/wp\/v2\/media\/225844"}],"wp:attachment":[{"href":"https:\/\/tantrade.ee\/en\/wp-json\/wp\/v2\/media?parent=225819"}],"wp:term":[{"taxonomy":"product_brand","embeddable":true,"href":"https:\/\/tantrade.ee\/en\/wp-json\/wp\/v2\/product_brand?post=225819"},{"taxonomy":"product_cat","embeddable":true,"href":"https:\/\/tantrade.ee\/en\/wp-json\/wp\/v2\/product_cat?post=225819"},{"taxonomy":"product_tag","embeddable":true,"href":"https:\/\/tantrade.ee\/en\/wp-json\/wp\/v2\/product_tag?post=225819"}],"curies":[{"name":"wp","href":"https:\/\/api.w.org\/{rel}","templated":true}]}}