{"id":225874,"date":"2024-09-08T18:41:13","date_gmt":"2024-09-08T18:41:13","guid":{"rendered":"https:\/\/tantrade.ee\/?post_type=product&#038;p=225874"},"modified":"2026-03-19T09:41:08","modified_gmt":"2026-03-19T09:41:08","slug":"prawn-crackers-teriyaki-50g","status":"publish","type":"product","link":"https:\/\/tantrade.ee\/en\/product\/prawn-crackers-teriyaki-50g\/","title":{"rendered":"Prawn Crackers Teriyaki 50g"},"content":{"rendered":"<p>Crispy shrimp crisps with a shrimp content of 25% are enriched with the perfect teriyaki flavour. The crisps are made from natural shrimp and tapioca starch, providing an authentic and satisfying crunch. The sweet and savoury flavour of the teriyaki sauce brings out the natural richness of the shrimps, creating a unique and indulgent snack perfect for any occasion.<\/p>","protected":false},"excerpt":{"rendered":"<p>Shrimp crisps with teriyaki sauce<\/p>","protected":false},"featured_media":225875,"comment_status":"open","ping_status":"closed","template":"","meta":{"_acf_changed":false},"product_brand":[164],"product_cat":[149,150],"product_tag":[108,107,66,64,110],"class_list":{"0":"post-225874","1":"product","2":"type-product","3":"status-publish","4":"has-post-thumbnail","6":"product_brand-objerky","7":"product_cat-snakid","8":"product_cat-krevetikropsud","9":"product_tag-krevetid","10":"product_tag-krevetikropsud","11":"product_tag-kropsud","12":"product_tag-snakid","13":"product_tag-teriyaki","15":"first","16":"instock","17":"taxable","18":"shipping-taxable","19":"purchasable","20":"product-type-simple"},"acf":[],"yoast_head":"<!-- This site is optimized with the Yoast SEO plugin v26.9 - https:\/\/yoast.com\/product\/yoast-seo-wordpress\/ -->\n<title>Prawn Crackers Teriyaki 50g - Tantrade<\/title>\n<meta name=\"description\" content=\"Kr\u00f5bedad teriyaki maitsega krevetikr\u00f5psud, mille krevetisisaldus on 25%. Valmistatud naturaalsetest krevettidest ja tapiokat\u00e4rklisest!\" \/>\n<meta name=\"robots\" content=\"index, follow, max-snippet:-1, max-image-preview:large, max-video-preview:-1\" \/>\n<link rel=\"canonical\" href=\"https:\/\/tantrade.ee\/en\/product\/prawn-crackers-teriyaki-50g\/\" \/>\n<meta property=\"og:locale\" content=\"en_GB\" \/>\n<meta property=\"og:type\" content=\"article\" \/>\n<meta property=\"og:title\" content=\"Prawn Crackers Teriyaki 50g - Tantrade\" \/>\n<meta property=\"og:description\" content=\"Kr\u00f5bedad teriyaki maitsega krevetikr\u00f5psud, mille krevetisisaldus on 25%. Valmistatud naturaalsetest krevettidest ja tapiokat\u00e4rklisest!\" \/>\n<meta property=\"og:url\" content=\"https:\/\/tantrade.ee\/en\/product\/prawn-crackers-teriyaki-50g\/\" \/>\n<meta property=\"og:site_name\" content=\"Tantrade\" \/>\n<meta property=\"article:modified_time\" content=\"2026-03-19T09:41:08+00:00\" \/>\n<meta property=\"og:image\" content=\"https:\/\/tantrade.ee\/wp-content\/uploads\/2024\/09\/shrips-teriyaki.webp\" \/>\n\t<meta property=\"og:image:width\" content=\"600\" \/>\n\t<meta property=\"og:image:height\" content=\"570\" \/>\n\t<meta property=\"og:image:type\" content=\"image\/webp\" \/>\n<meta name=\"twitter:card\" content=\"summary_large_image\" \/>\n<meta name=\"twitter:label1\" content=\"Estimated reading time\" \/>\n\t<meta name=\"twitter:data1\" content=\"1 minute\" \/>\n<script type=\"application\/ld+json\" class=\"yoast-schema-graph\">{\"@context\":\"https:\/\/schema.org\",\"@graph\":[{\"@type\":\"WebPage\",\"@id\":\"https:\/\/tantrade.ee\/toode\/prawn-crackers-teriyaki-50g\/\",\"url\":\"https:\/\/tantrade.ee\/toode\/prawn-crackers-teriyaki-50g\/\",\"name\":\"Prawn Crackers Teriyaki 50g - Tantrade\",\"isPartOf\":{\"@id\":\"https:\/\/tantrade.ee\/#website\"},\"primaryImageOfPage\":{\"@id\":\"https:\/\/tantrade.ee\/toode\/prawn-crackers-teriyaki-50g\/#primaryimage\"},\"image\":{\"@id\":\"https:\/\/tantrade.ee\/toode\/prawn-crackers-teriyaki-50g\/#primaryimage\"},\"thumbnailUrl\":\"https:\/\/tantrade.ee\/wp-content\/uploads\/2024\/09\/shrips-teriyaki.webp\",\"datePublished\":\"2024-09-08T18:41:13+00:00\",\"dateModified\":\"2026-03-19T09:41:08+00:00\",\"description\":\"Kr\u00f5bedad teriyaki maitsega krevetikr\u00f5psud, mille krevetisisaldus on 25%. Valmistatud naturaalsetest krevettidest ja tapiokat\u00e4rklisest!\",\"breadcrumb\":{\"@id\":\"https:\/\/tantrade.ee\/toode\/prawn-crackers-teriyaki-50g\/#breadcrumb\"},\"inLanguage\":\"en-GB\",\"potentialAction\":[{\"@type\":\"ReadAction\",\"target\":[\"https:\/\/tantrade.ee\/toode\/prawn-crackers-teriyaki-50g\/\"]}]},{\"@type\":\"ImageObject\",\"inLanguage\":\"en-GB\",\"@id\":\"https:\/\/tantrade.ee\/toode\/prawn-crackers-teriyaki-50g\/#primaryimage\",\"url\":\"https:\/\/tantrade.ee\/wp-content\/uploads\/2024\/09\/shrips-teriyaki.webp\",\"contentUrl\":\"https:\/\/tantrade.ee\/wp-content\/uploads\/2024\/09\/shrips-teriyaki.webp\",\"width\":600,\"height\":570},{\"@type\":\"BreadcrumbList\",\"@id\":\"https:\/\/tantrade.ee\/toode\/prawn-crackers-teriyaki-50g\/#breadcrumb\",\"itemListElement\":[{\"@type\":\"ListItem\",\"position\":1,\"name\":\"Home\",\"item\":\"https:\/\/tantrade.ee\/\"},{\"@type\":\"ListItem\",\"position\":2,\"name\":\"E-pood\",\"item\":\"https:\/\/tantrade.ee\/ru\/e-pood\/\"},{\"@type\":\"ListItem\",\"position\":3,\"name\":\"Prawn Crackers Teriyaki 50g\"}]},{\"@type\":\"WebSite\",\"@id\":\"https:\/\/tantrade.ee\/#website\",\"url\":\"https:\/\/tantrade.ee\/\",\"name\":\"Tantrade Veebipood\",\"description\":\"E-pood\",\"publisher\":{\"@id\":\"https:\/\/tantrade.ee\/#organization\"},\"potentialAction\":[{\"@type\":\"SearchAction\",\"target\":{\"@type\":\"EntryPoint\",\"urlTemplate\":\"https:\/\/tantrade.ee\/?s={search_term_string}\"},\"query-input\":{\"@type\":\"PropertyValueSpecification\",\"valueRequired\":true,\"valueName\":\"search_term_string\"}}],\"inLanguage\":\"en-GB\"},{\"@type\":\"Organization\",\"@id\":\"https:\/\/tantrade.ee\/#organization\",\"name\":\"Tantrade O\u00dc\",\"url\":\"https:\/\/tantrade.ee\/\",\"logo\":{\"@type\":\"ImageObject\",\"inLanguage\":\"en-GB\",\"@id\":\"https:\/\/tantrade.ee\/#\/schema\/logo\/image\/\",\"url\":\"https:\/\/tantrade.ee\/wp-content\/uploads\/2023\/12\/Tantrade_logo.png\",\"contentUrl\":\"https:\/\/tantrade.ee\/wp-content\/uploads\/2023\/12\/Tantrade_logo.png\",\"width\":350,\"height\":338,\"caption\":\"Tantrade O\u00dc\"},\"image\":{\"@id\":\"https:\/\/tantrade.ee\/#\/schema\/logo\/image\/\"}}]}<\/script>\n<!-- \/ Yoast SEO plugin. -->","yoast_head_json":{"title":"Prawn Crackers Teriyaki 50g - Tantrade","description":"Kr\u00f5bedad teriyaki maitsega krevetikr\u00f5psud, mille krevetisisaldus on 25%. Valmistatud naturaalsetest krevettidest ja tapiokat\u00e4rklisest!","robots":{"index":"index","follow":"follow","max-snippet":"max-snippet:-1","max-image-preview":"max-image-preview:large","max-video-preview":"max-video-preview:-1"},"canonical":"https:\/\/tantrade.ee\/en\/product\/prawn-crackers-teriyaki-50g\/","og_locale":"en_GB","og_type":"article","og_title":"Prawn Crackers Teriyaki 50g - Tantrade","og_description":"Kr\u00f5bedad teriyaki maitsega krevetikr\u00f5psud, mille krevetisisaldus on 25%. Valmistatud naturaalsetest krevettidest ja tapiokat\u00e4rklisest!","og_url":"https:\/\/tantrade.ee\/en\/product\/prawn-crackers-teriyaki-50g\/","og_site_name":"Tantrade","article_modified_time":"2026-03-19T09:41:08+00:00","og_image":[{"width":600,"height":570,"url":"https:\/\/tantrade.ee\/wp-content\/uploads\/2024\/09\/shrips-teriyaki.webp","type":"image\/webp"}],"twitter_card":"summary_large_image","twitter_misc":{"Estimated reading time":"1 minute"},"schema":{"@context":"https:\/\/schema.org","@graph":[{"@type":"WebPage","@id":"https:\/\/tantrade.ee\/toode\/prawn-crackers-teriyaki-50g\/","url":"https:\/\/tantrade.ee\/toode\/prawn-crackers-teriyaki-50g\/","name":"Prawn Crackers Teriyaki 50g - Tantrade","isPartOf":{"@id":"https:\/\/tantrade.ee\/#website"},"primaryImageOfPage":{"@id":"https:\/\/tantrade.ee\/toode\/prawn-crackers-teriyaki-50g\/#primaryimage"},"image":{"@id":"https:\/\/tantrade.ee\/toode\/prawn-crackers-teriyaki-50g\/#primaryimage"},"thumbnailUrl":"https:\/\/tantrade.ee\/wp-content\/uploads\/2024\/09\/shrips-teriyaki.webp","datePublished":"2024-09-08T18:41:13+00:00","dateModified":"2026-03-19T09:41:08+00:00","description":"Kr\u00f5bedad teriyaki maitsega krevetikr\u00f5psud, mille krevetisisaldus on 25%. Valmistatud naturaalsetest krevettidest ja tapiokat\u00e4rklisest!","breadcrumb":{"@id":"https:\/\/tantrade.ee\/toode\/prawn-crackers-teriyaki-50g\/#breadcrumb"},"inLanguage":"en-GB","potentialAction":[{"@type":"ReadAction","target":["https:\/\/tantrade.ee\/toode\/prawn-crackers-teriyaki-50g\/"]}]},{"@type":"ImageObject","inLanguage":"en-GB","@id":"https:\/\/tantrade.ee\/toode\/prawn-crackers-teriyaki-50g\/#primaryimage","url":"https:\/\/tantrade.ee\/wp-content\/uploads\/2024\/09\/shrips-teriyaki.webp","contentUrl":"https:\/\/tantrade.ee\/wp-content\/uploads\/2024\/09\/shrips-teriyaki.webp","width":600,"height":570},{"@type":"BreadcrumbList","@id":"https:\/\/tantrade.ee\/toode\/prawn-crackers-teriyaki-50g\/#breadcrumb","itemListElement":[{"@type":"ListItem","position":1,"name":"Home","item":"https:\/\/tantrade.ee\/"},{"@type":"ListItem","position":2,"name":"E-pood","item":"https:\/\/tantrade.ee\/ru\/e-pood\/"},{"@type":"ListItem","position":3,"name":"Prawn Crackers Teriyaki 50g"}]},{"@type":"WebSite","@id":"https:\/\/tantrade.ee\/#website","url":"https:\/\/tantrade.ee\/","name":"Tantrade Veebipood","description":"E-shop","publisher":{"@id":"https:\/\/tantrade.ee\/#organization"},"potentialAction":[{"@type":"SearchAction","target":{"@type":"EntryPoint","urlTemplate":"https:\/\/tantrade.ee\/?s={search_term_string}"},"query-input":{"@type":"PropertyValueSpecification","valueRequired":true,"valueName":"search_term_string"}}],"inLanguage":"en-GB"},{"@type":"Organization","@id":"https:\/\/tantrade.ee\/#organization","name":"Tantrade O\u00dc","url":"https:\/\/tantrade.ee\/","logo":{"@type":"ImageObject","inLanguage":"en-GB","@id":"https:\/\/tantrade.ee\/#\/schema\/logo\/image\/","url":"https:\/\/tantrade.ee\/wp-content\/uploads\/2023\/12\/Tantrade_logo.png","contentUrl":"https:\/\/tantrade.ee\/wp-content\/uploads\/2023\/12\/Tantrade_logo.png","width":350,"height":338,"caption":"Tantrade O\u00dc"},"image":{"@id":"https:\/\/tantrade.ee\/#\/schema\/logo\/image\/"}}]}},"_links":{"self":[{"href":"https:\/\/tantrade.ee\/en\/wp-json\/wp\/v2\/product\/225874","targetHints":{"allow":["GET"]}}],"collection":[{"href":"https:\/\/tantrade.ee\/en\/wp-json\/wp\/v2\/product"}],"about":[{"href":"https:\/\/tantrade.ee\/en\/wp-json\/wp\/v2\/types\/product"}],"replies":[{"embeddable":true,"href":"https:\/\/tantrade.ee\/en\/wp-json\/wp\/v2\/comments?post=225874"}],"wp:featuredmedia":[{"embeddable":true,"href":"https:\/\/tantrade.ee\/en\/wp-json\/wp\/v2\/media\/225875"}],"wp:attachment":[{"href":"https:\/\/tantrade.ee\/en\/wp-json\/wp\/v2\/media?parent=225874"}],"wp:term":[{"taxonomy":"product_brand","embeddable":true,"href":"https:\/\/tantrade.ee\/en\/wp-json\/wp\/v2\/product_brand?post=225874"},{"taxonomy":"product_cat","embeddable":true,"href":"https:\/\/tantrade.ee\/en\/wp-json\/wp\/v2\/product_cat?post=225874"},{"taxonomy":"product_tag","embeddable":true,"href":"https:\/\/tantrade.ee\/en\/wp-json\/wp\/v2\/product_tag?post=225874"}],"curies":[{"name":"wp","href":"https:\/\/api.w.org\/{rel}","templated":true}]}}