{"id":226338,"date":"2026-03-19T07:51:19","date_gmt":"2026-03-19T07:51:19","guid":{"rendered":"https:\/\/tantrade.ee\/?post_type=product&#038;p=226338"},"modified":"2026-03-19T07:56:34","modified_gmt":"2026-03-19T07:56:34","slug":"tortufel-halva","status":"publish","type":"product","link":"https:\/\/tantrade.ee\/en\/product\/tortufel-halva\/","title":{"rendered":"Tortufel Halva"},"content":{"rendered":"<p>TORTUFEL HALVA is a glazed wafer candy with a thick halva and peanut filling. It is suited to those who enjoy classic Eastern-style flavors and the contrast between a crisp wafer shell and a rich nut filling.<\/p>\n<p>No trans fats and palm oil!<\/p>","protected":false},"excerpt":{"rendered":"<p>Glazed wafer candy with halva and peanuts<\/p>","protected":false},"featured_media":226341,"comment_status":"open","ping_status":"closed","template":"","meta":{"_acf_changed":false},"product_brand":[119],"product_cat":[42,147],"product_tag":[],"class_list":{"0":"post-226338","1":"product","2":"type-product","3":"status-publish","4":"has-post-thumbnail","6":"product_brand-chocoboom","7":"product_cat-kondiitritooted","8":"product_cat-kommid","10":"first","11":"instock","12":"taxable","13":"shipping-taxable","14":"purchasable","15":"product-type-variable"},"acf":[],"yoast_head":"<!-- This site is optimized with the Yoast SEO plugin v26.9 - https:\/\/yoast.com\/product\/yoast-seo-wordpress\/ -->\n<title>Tortufel Halva - Tantrade<\/title>\n<meta name=\"description\" content=\"Glasuuritud vahvlikomm halvaa- ja maap\u00e4hklit\u00e4idisega. Kui Teile meeldivad idamaised maitsed ning vahvli ja t\u00e4idise meeldiv kontrast \u00fches kommis!\" \/>\n<meta name=\"robots\" content=\"index, follow, max-snippet:-1, max-image-preview:large, max-video-preview:-1\" \/>\n<link rel=\"canonical\" href=\"https:\/\/tantrade.ee\/en\/product\/tortufel-halva\/\" \/>\n<meta property=\"og:locale\" content=\"en_GB\" \/>\n<meta property=\"og:type\" content=\"article\" \/>\n<meta property=\"og:title\" content=\"Tortufel Halva - Tantrade\" \/>\n<meta property=\"og:description\" content=\"Glasuuritud vahvlikomm halvaa- ja maap\u00e4hklit\u00e4idisega. Kui Teile meeldivad idamaised maitsed ning vahvli ja t\u00e4idise meeldiv kontrast \u00fches kommis!\" \/>\n<meta property=\"og:url\" content=\"https:\/\/tantrade.ee\/en\/product\/tortufel-halva\/\" \/>\n<meta property=\"og:site_name\" content=\"Tantrade\" \/>\n<meta property=\"article:modified_time\" content=\"2026-03-19T07:56:34+00:00\" \/>\n<meta property=\"og:image\" content=\"https:\/\/tantrade.ee\/wp-content\/uploads\/2026\/03\/TORTUFEL-HALVA.webp\" \/>\n\t<meta property=\"og:image:width\" content=\"1459\" \/>\n\t<meta property=\"og:image:height\" content=\"1043\" \/>\n\t<meta property=\"og:image:type\" content=\"image\/webp\" \/>\n<meta name=\"twitter:card\" content=\"summary_large_image\" \/>\n<meta name=\"twitter:label1\" content=\"Estimated reading time\" \/>\n\t<meta name=\"twitter:data1\" content=\"1 minute\" \/>\n<script type=\"application\/ld+json\" class=\"yoast-schema-graph\">{\"@context\":\"https:\/\/schema.org\",\"@graph\":[{\"@type\":\"WebPage\",\"@id\":\"https:\/\/tantrade.ee\/toode\/tortufel-halva\/\",\"url\":\"https:\/\/tantrade.ee\/toode\/tortufel-halva\/\",\"name\":\"Tortufel Halva - Tantrade\",\"isPartOf\":{\"@id\":\"https:\/\/tantrade.ee\/#website\"},\"primaryImageOfPage\":{\"@id\":\"https:\/\/tantrade.ee\/toode\/tortufel-halva\/#primaryimage\"},\"image\":{\"@id\":\"https:\/\/tantrade.ee\/toode\/tortufel-halva\/#primaryimage\"},\"thumbnailUrl\":\"https:\/\/tantrade.ee\/wp-content\/uploads\/2026\/03\/TORTUFEL-HALVA.webp\",\"datePublished\":\"2026-03-19T07:51:19+00:00\",\"dateModified\":\"2026-03-19T07:56:34+00:00\",\"description\":\"Glasuuritud vahvlikomm halvaa- ja maap\u00e4hklit\u00e4idisega. Kui Teile meeldivad idamaised maitsed ning vahvli ja t\u00e4idise meeldiv kontrast \u00fches kommis!\",\"breadcrumb\":{\"@id\":\"https:\/\/tantrade.ee\/toode\/tortufel-halva\/#breadcrumb\"},\"inLanguage\":\"en-GB\",\"potentialAction\":[{\"@type\":\"ReadAction\",\"target\":[\"https:\/\/tantrade.ee\/toode\/tortufel-halva\/\"]}]},{\"@type\":\"ImageObject\",\"inLanguage\":\"en-GB\",\"@id\":\"https:\/\/tantrade.ee\/toode\/tortufel-halva\/#primaryimage\",\"url\":\"https:\/\/tantrade.ee\/wp-content\/uploads\/2026\/03\/TORTUFEL-HALVA.webp\",\"contentUrl\":\"https:\/\/tantrade.ee\/wp-content\/uploads\/2026\/03\/TORTUFEL-HALVA.webp\",\"width\":1459,\"height\":1043},{\"@type\":\"BreadcrumbList\",\"@id\":\"https:\/\/tantrade.ee\/toode\/tortufel-halva\/#breadcrumb\",\"itemListElement\":[{\"@type\":\"ListItem\",\"position\":1,\"name\":\"Home\",\"item\":\"https:\/\/tantrade.ee\/\"},{\"@type\":\"ListItem\",\"position\":2,\"name\":\"E-pood\",\"item\":\"https:\/\/tantrade.ee\/ru\/e-pood\/\"},{\"@type\":\"ListItem\",\"position\":3,\"name\":\"Tortufel Halva\"}]},{\"@type\":\"WebSite\",\"@id\":\"https:\/\/tantrade.ee\/#website\",\"url\":\"https:\/\/tantrade.ee\/\",\"name\":\"Tantrade Veebipood\",\"description\":\"E-pood\",\"publisher\":{\"@id\":\"https:\/\/tantrade.ee\/#organization\"},\"potentialAction\":[{\"@type\":\"SearchAction\",\"target\":{\"@type\":\"EntryPoint\",\"urlTemplate\":\"https:\/\/tantrade.ee\/?s={search_term_string}\"},\"query-input\":{\"@type\":\"PropertyValueSpecification\",\"valueRequired\":true,\"valueName\":\"search_term_string\"}}],\"inLanguage\":\"en-GB\"},{\"@type\":\"Organization\",\"@id\":\"https:\/\/tantrade.ee\/#organization\",\"name\":\"Tantrade O\u00dc\",\"url\":\"https:\/\/tantrade.ee\/\",\"logo\":{\"@type\":\"ImageObject\",\"inLanguage\":\"en-GB\",\"@id\":\"https:\/\/tantrade.ee\/#\/schema\/logo\/image\/\",\"url\":\"https:\/\/tantrade.ee\/wp-content\/uploads\/2023\/12\/Tantrade_logo.png\",\"contentUrl\":\"https:\/\/tantrade.ee\/wp-content\/uploads\/2023\/12\/Tantrade_logo.png\",\"width\":350,\"height\":338,\"caption\":\"Tantrade O\u00dc\"},\"image\":{\"@id\":\"https:\/\/tantrade.ee\/#\/schema\/logo\/image\/\"}}]}<\/script>\n<!-- \/ Yoast SEO plugin. -->","yoast_head_json":{"title":"Tortufel Halva - Tantrade","description":"Glasuuritud vahvlikomm halvaa- ja maap\u00e4hklit\u00e4idisega. Kui Teile meeldivad idamaised maitsed ning vahvli ja t\u00e4idise meeldiv kontrast \u00fches kommis!","robots":{"index":"index","follow":"follow","max-snippet":"max-snippet:-1","max-image-preview":"max-image-preview:large","max-video-preview":"max-video-preview:-1"},"canonical":"https:\/\/tantrade.ee\/en\/product\/tortufel-halva\/","og_locale":"en_GB","og_type":"article","og_title":"Tortufel Halva - Tantrade","og_description":"Glasuuritud vahvlikomm halvaa- ja maap\u00e4hklit\u00e4idisega. Kui Teile meeldivad idamaised maitsed ning vahvli ja t\u00e4idise meeldiv kontrast \u00fches kommis!","og_url":"https:\/\/tantrade.ee\/en\/product\/tortufel-halva\/","og_site_name":"Tantrade","article_modified_time":"2026-03-19T07:56:34+00:00","og_image":[{"width":1459,"height":1043,"url":"https:\/\/tantrade.ee\/wp-content\/uploads\/2026\/03\/TORTUFEL-HALVA.webp","type":"image\/webp"}],"twitter_card":"summary_large_image","twitter_misc":{"Estimated reading time":"1 minute"},"schema":{"@context":"https:\/\/schema.org","@graph":[{"@type":"WebPage","@id":"https:\/\/tantrade.ee\/toode\/tortufel-halva\/","url":"https:\/\/tantrade.ee\/toode\/tortufel-halva\/","name":"Tortufel Halva - Tantrade","isPartOf":{"@id":"https:\/\/tantrade.ee\/#website"},"primaryImageOfPage":{"@id":"https:\/\/tantrade.ee\/toode\/tortufel-halva\/#primaryimage"},"image":{"@id":"https:\/\/tantrade.ee\/toode\/tortufel-halva\/#primaryimage"},"thumbnailUrl":"https:\/\/tantrade.ee\/wp-content\/uploads\/2026\/03\/TORTUFEL-HALVA.webp","datePublished":"2026-03-19T07:51:19+00:00","dateModified":"2026-03-19T07:56:34+00:00","description":"Glasuuritud vahvlikomm halvaa- ja maap\u00e4hklit\u00e4idisega. Kui Teile meeldivad idamaised maitsed ning vahvli ja t\u00e4idise meeldiv kontrast \u00fches kommis!","breadcrumb":{"@id":"https:\/\/tantrade.ee\/toode\/tortufel-halva\/#breadcrumb"},"inLanguage":"en-GB","potentialAction":[{"@type":"ReadAction","target":["https:\/\/tantrade.ee\/toode\/tortufel-halva\/"]}]},{"@type":"ImageObject","inLanguage":"en-GB","@id":"https:\/\/tantrade.ee\/toode\/tortufel-halva\/#primaryimage","url":"https:\/\/tantrade.ee\/wp-content\/uploads\/2026\/03\/TORTUFEL-HALVA.webp","contentUrl":"https:\/\/tantrade.ee\/wp-content\/uploads\/2026\/03\/TORTUFEL-HALVA.webp","width":1459,"height":1043},{"@type":"BreadcrumbList","@id":"https:\/\/tantrade.ee\/toode\/tortufel-halva\/#breadcrumb","itemListElement":[{"@type":"ListItem","position":1,"name":"Home","item":"https:\/\/tantrade.ee\/"},{"@type":"ListItem","position":2,"name":"E-pood","item":"https:\/\/tantrade.ee\/ru\/e-pood\/"},{"@type":"ListItem","position":3,"name":"Tortufel Halva"}]},{"@type":"WebSite","@id":"https:\/\/tantrade.ee\/#website","url":"https:\/\/tantrade.ee\/","name":"Tantrade Veebipood","description":"E-shop","publisher":{"@id":"https:\/\/tantrade.ee\/#organization"},"potentialAction":[{"@type":"SearchAction","target":{"@type":"EntryPoint","urlTemplate":"https:\/\/tantrade.ee\/?s={search_term_string}"},"query-input":{"@type":"PropertyValueSpecification","valueRequired":true,"valueName":"search_term_string"}}],"inLanguage":"en-GB"},{"@type":"Organization","@id":"https:\/\/tantrade.ee\/#organization","name":"Tantrade O\u00dc","url":"https:\/\/tantrade.ee\/","logo":{"@type":"ImageObject","inLanguage":"en-GB","@id":"https:\/\/tantrade.ee\/#\/schema\/logo\/image\/","url":"https:\/\/tantrade.ee\/wp-content\/uploads\/2023\/12\/Tantrade_logo.png","contentUrl":"https:\/\/tantrade.ee\/wp-content\/uploads\/2023\/12\/Tantrade_logo.png","width":350,"height":338,"caption":"Tantrade O\u00dc"},"image":{"@id":"https:\/\/tantrade.ee\/#\/schema\/logo\/image\/"}}]}},"_links":{"self":[{"href":"https:\/\/tantrade.ee\/en\/wp-json\/wp\/v2\/product\/226338","targetHints":{"allow":["GET"]}}],"collection":[{"href":"https:\/\/tantrade.ee\/en\/wp-json\/wp\/v2\/product"}],"about":[{"href":"https:\/\/tantrade.ee\/en\/wp-json\/wp\/v2\/types\/product"}],"replies":[{"embeddable":true,"href":"https:\/\/tantrade.ee\/en\/wp-json\/wp\/v2\/comments?post=226338"}],"wp:featuredmedia":[{"embeddable":true,"href":"https:\/\/tantrade.ee\/en\/wp-json\/wp\/v2\/media\/226341"}],"wp:attachment":[{"href":"https:\/\/tantrade.ee\/en\/wp-json\/wp\/v2\/media?parent=226338"}],"wp:term":[{"taxonomy":"product_brand","embeddable":true,"href":"https:\/\/tantrade.ee\/en\/wp-json\/wp\/v2\/product_brand?post=226338"},{"taxonomy":"product_cat","embeddable":true,"href":"https:\/\/tantrade.ee\/en\/wp-json\/wp\/v2\/product_cat?post=226338"},{"taxonomy":"product_tag","embeddable":true,"href":"https:\/\/tantrade.ee\/en\/wp-json\/wp\/v2\/product_tag?post=226338"}],"curies":[{"name":"wp","href":"https:\/\/api.w.org\/{rel}","templated":true}]}}