{"id":226364,"date":"2026-03-19T10:55:57","date_gmt":"2026-03-19T10:55:57","guid":{"rendered":"https:\/\/tantrade.ee\/?post_type=product&#038;p=226364"},"modified":"2026-03-19T10:56:26","modified_gmt":"2026-03-19T10:56:26","slug":"guliver","status":"publish","type":"product","link":"https:\/\/tantrade.ee\/en\/product\/guliver\/","title":{"rendered":"Guliver"},"content":{"rendered":"<p>Guliver is a large glazed wafer candy with nut and chocolate filling. It combines wafer layers and filling and is suited to those who prefer classic large-format wafer sweets.<\/p>","protected":false},"excerpt":{"rendered":"<p>Large glazed wafer candy with nut and chocolate filling<\/p>","protected":false},"featured_media":226363,"comment_status":"open","ping_status":"closed","template":"","meta":{"_acf_changed":false},"product_brand":[119],"product_cat":[42,147],"product_tag":[],"class_list":{"0":"post-226364","1":"product","2":"type-product","3":"status-publish","4":"has-post-thumbnail","6":"product_brand-chocoboom","7":"product_cat-kondiitritooted","8":"product_cat-kommid","10":"first","11":"instock","12":"taxable","13":"shipping-taxable","14":"purchasable","15":"product-type-variable"},"acf":[],"yoast_head":"<!-- This site is optimized with the Yoast SEO plugin v26.9 - https:\/\/yoast.com\/product\/yoast-seo-wordpress\/ -->\n<title>Guliver - Tantrade<\/title>\n<meta name=\"description\" content=\"Guliver on suur glasuuritud vahvlikomm p\u00e4hkli- ja \u0161okolaadit\u00e4idisega. Sobib neile, kes eelistavad klassikalisi suure formaadiga vahvlikomme.\" \/>\n<meta name=\"robots\" content=\"index, follow, max-snippet:-1, max-image-preview:large, max-video-preview:-1\" \/>\n<link rel=\"canonical\" href=\"https:\/\/tantrade.ee\/en\/product\/guliver\/\" \/>\n<meta property=\"og:locale\" content=\"en_GB\" \/>\n<meta property=\"og:type\" content=\"article\" \/>\n<meta property=\"og:title\" content=\"Guliver - Tantrade\" \/>\n<meta property=\"og:description\" content=\"Guliver on suur glasuuritud vahvlikomm p\u00e4hkli- ja \u0161okolaadit\u00e4idisega. Sobib neile, kes eelistavad klassikalisi suure formaadiga vahvlikomme.\" \/>\n<meta property=\"og:url\" content=\"https:\/\/tantrade.ee\/en\/product\/guliver\/\" \/>\n<meta property=\"og:site_name\" content=\"Tantrade\" \/>\n<meta property=\"article:modified_time\" content=\"2026-03-19T10:56:26+00:00\" \/>\n<meta property=\"og:image\" content=\"https:\/\/tantrade.ee\/wp-content\/uploads\/2026\/03\/guliver-voldi.webp\" \/>\n\t<meta property=\"og:image:width\" content=\"441\" \/>\n\t<meta property=\"og:image:height\" content=\"550\" \/>\n\t<meta property=\"og:image:type\" content=\"image\/webp\" \/>\n<meta name=\"twitter:card\" content=\"summary_large_image\" \/>\n<meta name=\"twitter:label1\" content=\"Estimated reading time\" \/>\n\t<meta name=\"twitter:data1\" content=\"1 minute\" \/>\n<script type=\"application\/ld+json\" class=\"yoast-schema-graph\">{\"@context\":\"https:\/\/schema.org\",\"@graph\":[{\"@type\":\"WebPage\",\"@id\":\"https:\/\/tantrade.ee\/toode\/guliver\/\",\"url\":\"https:\/\/tantrade.ee\/toode\/guliver\/\",\"name\":\"Guliver - Tantrade\",\"isPartOf\":{\"@id\":\"https:\/\/tantrade.ee\/#website\"},\"primaryImageOfPage\":{\"@id\":\"https:\/\/tantrade.ee\/toode\/guliver\/#primaryimage\"},\"image\":{\"@id\":\"https:\/\/tantrade.ee\/toode\/guliver\/#primaryimage\"},\"thumbnailUrl\":\"https:\/\/tantrade.ee\/wp-content\/uploads\/2026\/03\/guliver-voldi.webp\",\"datePublished\":\"2026-03-19T10:55:57+00:00\",\"dateModified\":\"2026-03-19T10:56:26+00:00\",\"description\":\"Guliver on suur glasuuritud vahvlikomm p\u00e4hkli- ja \u0161okolaadit\u00e4idisega. Sobib neile, kes eelistavad klassikalisi suure formaadiga vahvlikomme.\",\"breadcrumb\":{\"@id\":\"https:\/\/tantrade.ee\/toode\/guliver\/#breadcrumb\"},\"inLanguage\":\"en-GB\",\"potentialAction\":[{\"@type\":\"ReadAction\",\"target\":[\"https:\/\/tantrade.ee\/toode\/guliver\/\"]}]},{\"@type\":\"ImageObject\",\"inLanguage\":\"en-GB\",\"@id\":\"https:\/\/tantrade.ee\/toode\/guliver\/#primaryimage\",\"url\":\"https:\/\/tantrade.ee\/wp-content\/uploads\/2026\/03\/guliver-voldi.webp\",\"contentUrl\":\"https:\/\/tantrade.ee\/wp-content\/uploads\/2026\/03\/guliver-voldi.webp\",\"width\":441,\"height\":550},{\"@type\":\"BreadcrumbList\",\"@id\":\"https:\/\/tantrade.ee\/toode\/guliver\/#breadcrumb\",\"itemListElement\":[{\"@type\":\"ListItem\",\"position\":1,\"name\":\"Home\",\"item\":\"https:\/\/tantrade.ee\/\"},{\"@type\":\"ListItem\",\"position\":2,\"name\":\"E-pood\",\"item\":\"https:\/\/tantrade.ee\/ru\/e-pood\/\"},{\"@type\":\"ListItem\",\"position\":3,\"name\":\"Guliver\"}]},{\"@type\":\"WebSite\",\"@id\":\"https:\/\/tantrade.ee\/#website\",\"url\":\"https:\/\/tantrade.ee\/\",\"name\":\"Tantrade Veebipood\",\"description\":\"E-pood\",\"publisher\":{\"@id\":\"https:\/\/tantrade.ee\/#organization\"},\"potentialAction\":[{\"@type\":\"SearchAction\",\"target\":{\"@type\":\"EntryPoint\",\"urlTemplate\":\"https:\/\/tantrade.ee\/?s={search_term_string}\"},\"query-input\":{\"@type\":\"PropertyValueSpecification\",\"valueRequired\":true,\"valueName\":\"search_term_string\"}}],\"inLanguage\":\"en-GB\"},{\"@type\":\"Organization\",\"@id\":\"https:\/\/tantrade.ee\/#organization\",\"name\":\"Tantrade O\u00dc\",\"url\":\"https:\/\/tantrade.ee\/\",\"logo\":{\"@type\":\"ImageObject\",\"inLanguage\":\"en-GB\",\"@id\":\"https:\/\/tantrade.ee\/#\/schema\/logo\/image\/\",\"url\":\"https:\/\/tantrade.ee\/wp-content\/uploads\/2023\/12\/Tantrade_logo.png\",\"contentUrl\":\"https:\/\/tantrade.ee\/wp-content\/uploads\/2023\/12\/Tantrade_logo.png\",\"width\":350,\"height\":338,\"caption\":\"Tantrade O\u00dc\"},\"image\":{\"@id\":\"https:\/\/tantrade.ee\/#\/schema\/logo\/image\/\"}}]}<\/script>\n<!-- \/ Yoast SEO plugin. -->","yoast_head_json":{"title":"Guliver - Tantrade","description":"Guliver on suur glasuuritud vahvlikomm p\u00e4hkli- ja \u0161okolaadit\u00e4idisega. Sobib neile, kes eelistavad klassikalisi suure formaadiga vahvlikomme.","robots":{"index":"index","follow":"follow","max-snippet":"max-snippet:-1","max-image-preview":"max-image-preview:large","max-video-preview":"max-video-preview:-1"},"canonical":"https:\/\/tantrade.ee\/en\/product\/guliver\/","og_locale":"en_GB","og_type":"article","og_title":"Guliver - Tantrade","og_description":"Guliver on suur glasuuritud vahvlikomm p\u00e4hkli- ja \u0161okolaadit\u00e4idisega. Sobib neile, kes eelistavad klassikalisi suure formaadiga vahvlikomme.","og_url":"https:\/\/tantrade.ee\/en\/product\/guliver\/","og_site_name":"Tantrade","article_modified_time":"2026-03-19T10:56:26+00:00","og_image":[{"width":441,"height":550,"url":"https:\/\/tantrade.ee\/wp-content\/uploads\/2026\/03\/guliver-voldi.webp","type":"image\/webp"}],"twitter_card":"summary_large_image","twitter_misc":{"Estimated reading time":"1 minute"},"schema":{"@context":"https:\/\/schema.org","@graph":[{"@type":"WebPage","@id":"https:\/\/tantrade.ee\/toode\/guliver\/","url":"https:\/\/tantrade.ee\/toode\/guliver\/","name":"Guliver - Tantrade","isPartOf":{"@id":"https:\/\/tantrade.ee\/#website"},"primaryImageOfPage":{"@id":"https:\/\/tantrade.ee\/toode\/guliver\/#primaryimage"},"image":{"@id":"https:\/\/tantrade.ee\/toode\/guliver\/#primaryimage"},"thumbnailUrl":"https:\/\/tantrade.ee\/wp-content\/uploads\/2026\/03\/guliver-voldi.webp","datePublished":"2026-03-19T10:55:57+00:00","dateModified":"2026-03-19T10:56:26+00:00","description":"Guliver on suur glasuuritud vahvlikomm p\u00e4hkli- ja \u0161okolaadit\u00e4idisega. Sobib neile, kes eelistavad klassikalisi suure formaadiga vahvlikomme.","breadcrumb":{"@id":"https:\/\/tantrade.ee\/toode\/guliver\/#breadcrumb"},"inLanguage":"en-GB","potentialAction":[{"@type":"ReadAction","target":["https:\/\/tantrade.ee\/toode\/guliver\/"]}]},{"@type":"ImageObject","inLanguage":"en-GB","@id":"https:\/\/tantrade.ee\/toode\/guliver\/#primaryimage","url":"https:\/\/tantrade.ee\/wp-content\/uploads\/2026\/03\/guliver-voldi.webp","contentUrl":"https:\/\/tantrade.ee\/wp-content\/uploads\/2026\/03\/guliver-voldi.webp","width":441,"height":550},{"@type":"BreadcrumbList","@id":"https:\/\/tantrade.ee\/toode\/guliver\/#breadcrumb","itemListElement":[{"@type":"ListItem","position":1,"name":"Home","item":"https:\/\/tantrade.ee\/"},{"@type":"ListItem","position":2,"name":"E-pood","item":"https:\/\/tantrade.ee\/ru\/e-pood\/"},{"@type":"ListItem","position":3,"name":"Guliver"}]},{"@type":"WebSite","@id":"https:\/\/tantrade.ee\/#website","url":"https:\/\/tantrade.ee\/","name":"Tantrade Veebipood","description":"E-shop","publisher":{"@id":"https:\/\/tantrade.ee\/#organization"},"potentialAction":[{"@type":"SearchAction","target":{"@type":"EntryPoint","urlTemplate":"https:\/\/tantrade.ee\/?s={search_term_string}"},"query-input":{"@type":"PropertyValueSpecification","valueRequired":true,"valueName":"search_term_string"}}],"inLanguage":"en-GB"},{"@type":"Organization","@id":"https:\/\/tantrade.ee\/#organization","name":"Tantrade O\u00dc","url":"https:\/\/tantrade.ee\/","logo":{"@type":"ImageObject","inLanguage":"en-GB","@id":"https:\/\/tantrade.ee\/#\/schema\/logo\/image\/","url":"https:\/\/tantrade.ee\/wp-content\/uploads\/2023\/12\/Tantrade_logo.png","contentUrl":"https:\/\/tantrade.ee\/wp-content\/uploads\/2023\/12\/Tantrade_logo.png","width":350,"height":338,"caption":"Tantrade O\u00dc"},"image":{"@id":"https:\/\/tantrade.ee\/#\/schema\/logo\/image\/"}}]}},"_links":{"self":[{"href":"https:\/\/tantrade.ee\/en\/wp-json\/wp\/v2\/product\/226364","targetHints":{"allow":["GET"]}}],"collection":[{"href":"https:\/\/tantrade.ee\/en\/wp-json\/wp\/v2\/product"}],"about":[{"href":"https:\/\/tantrade.ee\/en\/wp-json\/wp\/v2\/types\/product"}],"replies":[{"embeddable":true,"href":"https:\/\/tantrade.ee\/en\/wp-json\/wp\/v2\/comments?post=226364"}],"wp:featuredmedia":[{"embeddable":true,"href":"https:\/\/tantrade.ee\/en\/wp-json\/wp\/v2\/media\/226363"}],"wp:attachment":[{"href":"https:\/\/tantrade.ee\/en\/wp-json\/wp\/v2\/media?parent=226364"}],"wp:term":[{"taxonomy":"product_brand","embeddable":true,"href":"https:\/\/tantrade.ee\/en\/wp-json\/wp\/v2\/product_brand?post=226364"},{"taxonomy":"product_cat","embeddable":true,"href":"https:\/\/tantrade.ee\/en\/wp-json\/wp\/v2\/product_cat?post=226364"},{"taxonomy":"product_tag","embeddable":true,"href":"https:\/\/tantrade.ee\/en\/wp-json\/wp\/v2\/product_tag?post=226364"}],"curies":[{"name":"wp","href":"https:\/\/api.w.org\/{rel}","templated":true}]}}