{"id":226378,"date":"2026-04-02T14:10:53","date_gmt":"2026-04-02T14:10:53","guid":{"rendered":"https:\/\/tantrade.ee\/?post_type=product&#038;p=226378"},"modified":"2026-04-02T14:10:53","modified_gmt":"2026-04-02T14:10:53","slug":"coco-deli-mango-30-g","status":"publish","type":"product","link":"https:\/\/tantrade.ee\/en\/product\/coco-deli-mango-30-g\/","title":{"rendered":"Coco Deli Mango, 30 g"},"content":{"rendered":"<p>Coco Deli Mango combines crispy coconut chips with mango puree. It makes a light snack with a tropical note at home or on the go.<\/p>","protected":false},"excerpt":{"rendered":"<p>Crispy coconut chips with mango<\/p>","protected":false},"featured_media":226379,"comment_status":"open","ping_status":"closed","template":"","meta":{"_acf_changed":false},"product_brand":[164],"product_cat":[166,149],"product_tag":[],"class_list":{"0":"post-226378","1":"product","2":"type-product","3":"status-publish","4":"has-post-thumbnail","6":"product_brand-objerky","7":"product_cat-kookosekropsud","8":"product_cat-snakid","10":"first","11":"instock","12":"taxable","13":"shipping-taxable","14":"purchasable","15":"product-type-simple"},"acf":[],"yoast_head":"<!-- This site is optimized with the Yoast SEO plugin v26.9 - https:\/\/yoast.com\/product\/yoast-seo-wordpress\/ -->\n<title>Coco Deli Mango, 30 g - Tantrade<\/title>\n<meta name=\"description\" content=\"Coco Deli mangoga on kr\u00f5bedad kookosekr\u00f5psud mangop\u00fcreega. Toode sobib kergeks troopilise n\u00fcansiga vahepalaks nii kodus kui ka liikvel olles.\" \/>\n<meta name=\"robots\" content=\"index, follow, max-snippet:-1, max-image-preview:large, max-video-preview:-1\" \/>\n<link rel=\"canonical\" href=\"https:\/\/tantrade.ee\/en\/product\/coco-deli-mango-30-g\/\" \/>\n<meta property=\"og:locale\" content=\"en_GB\" \/>\n<meta property=\"og:type\" content=\"article\" \/>\n<meta property=\"og:title\" content=\"Coco Deli Mango, 30 g - Tantrade\" \/>\n<meta property=\"og:description\" content=\"Coco Deli mangoga on kr\u00f5bedad kookosekr\u00f5psud mangop\u00fcreega. Toode sobib kergeks troopilise n\u00fcansiga vahepalaks nii kodus kui ka liikvel olles.\" \/>\n<meta property=\"og:url\" content=\"https:\/\/tantrade.ee\/en\/product\/coco-deli-mango-30-g\/\" \/>\n<meta property=\"og:site_name\" content=\"Tantrade\" \/>\n<meta property=\"og:image\" content=\"https:\/\/tantrade.ee\/wp-content\/uploads\/2026\/04\/cocodeli-mango.webp\" \/>\n\t<meta property=\"og:image:width\" content=\"1600\" \/>\n\t<meta property=\"og:image:height\" content=\"1600\" \/>\n\t<meta property=\"og:image:type\" content=\"image\/webp\" \/>\n<meta name=\"twitter:card\" content=\"summary_large_image\" \/>\n<meta name=\"twitter:label1\" content=\"Estimated reading time\" \/>\n\t<meta name=\"twitter:data1\" content=\"1 minute\" \/>\n<script type=\"application\/ld+json\" class=\"yoast-schema-graph\">{\"@context\":\"https:\/\/schema.org\",\"@graph\":[{\"@type\":\"WebPage\",\"@id\":\"https:\/\/tantrade.ee\/toode\/coco-deli-mango-30-g\/\",\"url\":\"https:\/\/tantrade.ee\/toode\/coco-deli-mango-30-g\/\",\"name\":\"Coco Deli Mango, 30 g - Tantrade\",\"isPartOf\":{\"@id\":\"https:\/\/tantrade.ee\/#website\"},\"primaryImageOfPage\":{\"@id\":\"https:\/\/tantrade.ee\/toode\/coco-deli-mango-30-g\/#primaryimage\"},\"image\":{\"@id\":\"https:\/\/tantrade.ee\/toode\/coco-deli-mango-30-g\/#primaryimage\"},\"thumbnailUrl\":\"https:\/\/tantrade.ee\/wp-content\/uploads\/2026\/04\/cocodeli-mango.webp\",\"datePublished\":\"2026-04-02T14:10:53+00:00\",\"description\":\"Coco Deli mangoga on kr\u00f5bedad kookosekr\u00f5psud mangop\u00fcreega. Toode sobib kergeks troopilise n\u00fcansiga vahepalaks nii kodus kui ka liikvel olles.\",\"breadcrumb\":{\"@id\":\"https:\/\/tantrade.ee\/toode\/coco-deli-mango-30-g\/#breadcrumb\"},\"inLanguage\":\"en-GB\",\"potentialAction\":[{\"@type\":\"ReadAction\",\"target\":[\"https:\/\/tantrade.ee\/toode\/coco-deli-mango-30-g\/\"]}]},{\"@type\":\"ImageObject\",\"inLanguage\":\"en-GB\",\"@id\":\"https:\/\/tantrade.ee\/toode\/coco-deli-mango-30-g\/#primaryimage\",\"url\":\"https:\/\/tantrade.ee\/wp-content\/uploads\/2026\/04\/cocodeli-mango.webp\",\"contentUrl\":\"https:\/\/tantrade.ee\/wp-content\/uploads\/2026\/04\/cocodeli-mango.webp\",\"width\":1600,\"height\":1600},{\"@type\":\"BreadcrumbList\",\"@id\":\"https:\/\/tantrade.ee\/toode\/coco-deli-mango-30-g\/#breadcrumb\",\"itemListElement\":[{\"@type\":\"ListItem\",\"position\":1,\"name\":\"Home\",\"item\":\"https:\/\/tantrade.ee\/\"},{\"@type\":\"ListItem\",\"position\":2,\"name\":\"E-pood\",\"item\":\"https:\/\/tantrade.ee\/ru\/e-pood\/\"},{\"@type\":\"ListItem\",\"position\":3,\"name\":\"Coco Deli Mango, 30 g\"}]},{\"@type\":\"WebSite\",\"@id\":\"https:\/\/tantrade.ee\/#website\",\"url\":\"https:\/\/tantrade.ee\/\",\"name\":\"Tantrade Veebipood\",\"description\":\"E-pood\",\"publisher\":{\"@id\":\"https:\/\/tantrade.ee\/#organization\"},\"potentialAction\":[{\"@type\":\"SearchAction\",\"target\":{\"@type\":\"EntryPoint\",\"urlTemplate\":\"https:\/\/tantrade.ee\/?s={search_term_string}\"},\"query-input\":{\"@type\":\"PropertyValueSpecification\",\"valueRequired\":true,\"valueName\":\"search_term_string\"}}],\"inLanguage\":\"en-GB\"},{\"@type\":\"Organization\",\"@id\":\"https:\/\/tantrade.ee\/#organization\",\"name\":\"Tantrade O\u00dc\",\"url\":\"https:\/\/tantrade.ee\/\",\"logo\":{\"@type\":\"ImageObject\",\"inLanguage\":\"en-GB\",\"@id\":\"https:\/\/tantrade.ee\/#\/schema\/logo\/image\/\",\"url\":\"https:\/\/tantrade.ee\/wp-content\/uploads\/2023\/12\/Tantrade_logo.png\",\"contentUrl\":\"https:\/\/tantrade.ee\/wp-content\/uploads\/2023\/12\/Tantrade_logo.png\",\"width\":350,\"height\":338,\"caption\":\"Tantrade O\u00dc\"},\"image\":{\"@id\":\"https:\/\/tantrade.ee\/#\/schema\/logo\/image\/\"}}]}<\/script>\n<!-- \/ Yoast SEO plugin. -->","yoast_head_json":{"title":"Coco Deli Mango, 30 g - Tantrade","description":"Coco Deli Mango combines crispy coconut chips with mango puree. It makes a light snack with a tropical note at home or on the go.","robots":{"index":"index","follow":"follow","max-snippet":"max-snippet:-1","max-image-preview":"max-image-preview:large","max-video-preview":"max-video-preview:-1"},"canonical":"https:\/\/tantrade.ee\/en\/product\/coco-deli-mango-30-g\/","og_locale":"en_GB","og_type":"article","og_title":"Coco Deli Mango, 30 g - Tantrade","og_description":"Coco Deli mangoga on kr\u00f5bedad kookosekr\u00f5psud mangop\u00fcreega. Toode sobib kergeks troopilise n\u00fcansiga vahepalaks nii kodus kui ka liikvel olles.","og_url":"https:\/\/tantrade.ee\/en\/product\/coco-deli-mango-30-g\/","og_site_name":"Tantrade","og_image":[{"width":1600,"height":1600,"url":"https:\/\/tantrade.ee\/wp-content\/uploads\/2026\/04\/cocodeli-mango.webp","type":"image\/webp"}],"twitter_card":"summary_large_image","twitter_misc":{"Estimated reading time":"1 minute"},"schema":{"@context":"https:\/\/schema.org","@graph":[{"@type":"WebPage","@id":"https:\/\/tantrade.ee\/toode\/coco-deli-mango-30-g\/","url":"https:\/\/tantrade.ee\/toode\/coco-deli-mango-30-g\/","name":"Coco Deli Mango, 30 g - Tantrade","isPartOf":{"@id":"https:\/\/tantrade.ee\/#website"},"primaryImageOfPage":{"@id":"https:\/\/tantrade.ee\/toode\/coco-deli-mango-30-g\/#primaryimage"},"image":{"@id":"https:\/\/tantrade.ee\/toode\/coco-deli-mango-30-g\/#primaryimage"},"thumbnailUrl":"https:\/\/tantrade.ee\/wp-content\/uploads\/2026\/04\/cocodeli-mango.webp","datePublished":"2026-04-02T14:10:53+00:00","description":"Coco Deli Mango combines crispy coconut chips with mango puree. It makes a light snack with a tropical note at home or on the go.","breadcrumb":{"@id":"https:\/\/tantrade.ee\/toode\/coco-deli-mango-30-g\/#breadcrumb"},"inLanguage":"en-GB","potentialAction":[{"@type":"ReadAction","target":["https:\/\/tantrade.ee\/toode\/coco-deli-mango-30-g\/"]}]},{"@type":"ImageObject","inLanguage":"en-GB","@id":"https:\/\/tantrade.ee\/toode\/coco-deli-mango-30-g\/#primaryimage","url":"https:\/\/tantrade.ee\/wp-content\/uploads\/2026\/04\/cocodeli-mango.webp","contentUrl":"https:\/\/tantrade.ee\/wp-content\/uploads\/2026\/04\/cocodeli-mango.webp","width":1600,"height":1600},{"@type":"BreadcrumbList","@id":"https:\/\/tantrade.ee\/toode\/coco-deli-mango-30-g\/#breadcrumb","itemListElement":[{"@type":"ListItem","position":1,"name":"Home","item":"https:\/\/tantrade.ee\/"},{"@type":"ListItem","position":2,"name":"E-pood","item":"https:\/\/tantrade.ee\/ru\/e-pood\/"},{"@type":"ListItem","position":3,"name":"Coco Deli Mango, 30 g"}]},{"@type":"WebSite","@id":"https:\/\/tantrade.ee\/#website","url":"https:\/\/tantrade.ee\/","name":"Tantrade Veebipood","description":"E-shop","publisher":{"@id":"https:\/\/tantrade.ee\/#organization"},"potentialAction":[{"@type":"SearchAction","target":{"@type":"EntryPoint","urlTemplate":"https:\/\/tantrade.ee\/?s={search_term_string}"},"query-input":{"@type":"PropertyValueSpecification","valueRequired":true,"valueName":"search_term_string"}}],"inLanguage":"en-GB"},{"@type":"Organization","@id":"https:\/\/tantrade.ee\/#organization","name":"Tantrade O\u00dc","url":"https:\/\/tantrade.ee\/","logo":{"@type":"ImageObject","inLanguage":"en-GB","@id":"https:\/\/tantrade.ee\/#\/schema\/logo\/image\/","url":"https:\/\/tantrade.ee\/wp-content\/uploads\/2023\/12\/Tantrade_logo.png","contentUrl":"https:\/\/tantrade.ee\/wp-content\/uploads\/2023\/12\/Tantrade_logo.png","width":350,"height":338,"caption":"Tantrade O\u00dc"},"image":{"@id":"https:\/\/tantrade.ee\/#\/schema\/logo\/image\/"}}]}},"_links":{"self":[{"href":"https:\/\/tantrade.ee\/en\/wp-json\/wp\/v2\/product\/226378","targetHints":{"allow":["GET"]}}],"collection":[{"href":"https:\/\/tantrade.ee\/en\/wp-json\/wp\/v2\/product"}],"about":[{"href":"https:\/\/tantrade.ee\/en\/wp-json\/wp\/v2\/types\/product"}],"replies":[{"embeddable":true,"href":"https:\/\/tantrade.ee\/en\/wp-json\/wp\/v2\/comments?post=226378"}],"wp:featuredmedia":[{"embeddable":true,"href":"https:\/\/tantrade.ee\/en\/wp-json\/wp\/v2\/media\/226379"}],"wp:attachment":[{"href":"https:\/\/tantrade.ee\/en\/wp-json\/wp\/v2\/media?parent=226378"}],"wp:term":[{"taxonomy":"product_brand","embeddable":true,"href":"https:\/\/tantrade.ee\/en\/wp-json\/wp\/v2\/product_brand?post=226378"},{"taxonomy":"product_cat","embeddable":true,"href":"https:\/\/tantrade.ee\/en\/wp-json\/wp\/v2\/product_cat?post=226378"},{"taxonomy":"product_tag","embeddable":true,"href":"https:\/\/tantrade.ee\/en\/wp-json\/wp\/v2\/product_tag?post=226378"}],"curies":[{"name":"wp","href":"https:\/\/api.w.org\/{rel}","templated":true}]}}