{"id":226417,"date":"2026-04-07T16:48:28","date_gmt":"2026-04-07T16:48:28","guid":{"rendered":"https:\/\/tantrade.ee\/?post_type=product&#038;p=226417"},"modified":"2026-04-13T08:21:10","modified_gmt":"2026-04-13T08:21:10","slug":"mountea-summer-infusion-25g","status":"publish","type":"product","link":"https:\/\/tantrade.ee\/en\/product\/mountea-summer-infusion-25g\/","title":{"rendered":"Mountea Summer Infusion, 25g"},"content":{"rendered":"<p>A light and refreshing herbal blend combining herbs that have traditionally been valued for their beneficial properties.<\/p>\n<p>Ivan tea is known for its mild calming and generally strengthening effect. Peppermint supports digestion, refreshes, and helps relieve feelings of heaviness. Thyme is especially valued for its warming qualities and for supporting the respiratory system during the colder season.<\/p>","protected":false},"excerpt":{"rendered":"<p>Ivan tea, thyme, peppermint<\/p>","protected":false},"featured_media":226416,"comment_status":"open","ping_status":"closed","template":"","meta":{"_acf_changed":false},"product_brand":[167],"product_cat":[20,158],"product_tag":[],"class_list":{"0":"post-226417","1":"product","2":"type-product","3":"status-publish","4":"has-post-thumbnail","6":"product_brand-mountea","7":"product_cat-tee","8":"product_cat-taimetee","10":"first","11":"instock","12":"taxable","13":"shipping-taxable","14":"purchasable","15":"product-type-simple"},"acf":[],"yoast_head":"<!-- This site is optimized with the Yoast SEO plugin v26.9 - https:\/\/yoast.com\/product\/yoast-seo-wordpress\/ -->\n<title>Mountea Summer Infusion, 25g - Tantrade<\/title>\n<meta name=\"description\" content=\"Mountea suvev\u00e4rskus \u00fchendab ivanitee, t\u00fc\u00fcmiani ja piparm\u00fcndi \u2013 kerge ja v\u00e4rskendav taimetee puhta maitse ning loodusliku koostisega.\" \/>\n<meta name=\"robots\" content=\"index, follow, max-snippet:-1, max-image-preview:large, max-video-preview:-1\" \/>\n<link rel=\"canonical\" href=\"https:\/\/tantrade.ee\/en\/product\/mountea-summer-infusion-25g\/\" \/>\n<meta property=\"og:locale\" content=\"en_GB\" \/>\n<meta property=\"og:type\" content=\"article\" \/>\n<meta property=\"og:title\" content=\"Mountea Summer Infusion, 25g - Tantrade\" \/>\n<meta property=\"og:description\" content=\"Mountea suvev\u00e4rskus \u00fchendab ivanitee, t\u00fc\u00fcmiani ja piparm\u00fcndi \u2013 kerge ja v\u00e4rskendav taimetee puhta maitse ning loodusliku koostisega.\" \/>\n<meta property=\"og:url\" content=\"https:\/\/tantrade.ee\/en\/product\/mountea-summer-infusion-25g\/\" \/>\n<meta property=\"og:site_name\" content=\"Tantrade\" \/>\n<meta property=\"article:modified_time\" content=\"2026-04-13T08:21:10+00:00\" \/>\n<meta property=\"og:image\" content=\"https:\/\/tantrade.ee\/wp-content\/uploads\/2026\/04\/summer-influsion.jpg\" \/>\n\t<meta property=\"og:image:width\" content=\"1000\" \/>\n\t<meta property=\"og:image:height\" content=\"1000\" \/>\n\t<meta property=\"og:image:type\" content=\"image\/jpeg\" \/>\n<meta name=\"twitter:card\" content=\"summary_large_image\" \/>\n<meta name=\"twitter:label1\" content=\"Estimated reading time\" \/>\n\t<meta name=\"twitter:data1\" content=\"1 minute\" \/>\n<script type=\"application\/ld+json\" class=\"yoast-schema-graph\">{\"@context\":\"https:\/\/schema.org\",\"@graph\":[{\"@type\":\"WebPage\",\"@id\":\"https:\/\/tantrade.ee\/toode\/mountea-summer-infusion-25g\/\",\"url\":\"https:\/\/tantrade.ee\/toode\/mountea-summer-infusion-25g\/\",\"name\":\"Mountea Summer Infusion, 25g - Tantrade\",\"isPartOf\":{\"@id\":\"https:\/\/tantrade.ee\/#website\"},\"primaryImageOfPage\":{\"@id\":\"https:\/\/tantrade.ee\/toode\/mountea-summer-infusion-25g\/#primaryimage\"},\"image\":{\"@id\":\"https:\/\/tantrade.ee\/toode\/mountea-summer-infusion-25g\/#primaryimage\"},\"thumbnailUrl\":\"https:\/\/tantrade.ee\/wp-content\/uploads\/2026\/04\/summer-influsion.jpg\",\"datePublished\":\"2026-04-07T16:48:28+00:00\",\"dateModified\":\"2026-04-13T08:21:10+00:00\",\"description\":\"Mountea suvev\u00e4rskus \u00fchendab ivanitee, t\u00fc\u00fcmiani ja piparm\u00fcndi \u2013 kerge ja v\u00e4rskendav taimetee puhta maitse ning loodusliku koostisega.\",\"breadcrumb\":{\"@id\":\"https:\/\/tantrade.ee\/toode\/mountea-summer-infusion-25g\/#breadcrumb\"},\"inLanguage\":\"en-GB\",\"potentialAction\":[{\"@type\":\"ReadAction\",\"target\":[\"https:\/\/tantrade.ee\/toode\/mountea-summer-infusion-25g\/\"]}]},{\"@type\":\"ImageObject\",\"inLanguage\":\"en-GB\",\"@id\":\"https:\/\/tantrade.ee\/toode\/mountea-summer-infusion-25g\/#primaryimage\",\"url\":\"https:\/\/tantrade.ee\/wp-content\/uploads\/2026\/04\/summer-influsion.jpg\",\"contentUrl\":\"https:\/\/tantrade.ee\/wp-content\/uploads\/2026\/04\/summer-influsion.jpg\",\"width\":1000,\"height\":1000},{\"@type\":\"BreadcrumbList\",\"@id\":\"https:\/\/tantrade.ee\/toode\/mountea-summer-infusion-25g\/#breadcrumb\",\"itemListElement\":[{\"@type\":\"ListItem\",\"position\":1,\"name\":\"Home\",\"item\":\"https:\/\/tantrade.ee\/\"},{\"@type\":\"ListItem\",\"position\":2,\"name\":\"E-pood\",\"item\":\"https:\/\/tantrade.ee\/ru\/e-pood\/\"},{\"@type\":\"ListItem\",\"position\":3,\"name\":\"Mountea Summer Infusion, 25g\"}]},{\"@type\":\"WebSite\",\"@id\":\"https:\/\/tantrade.ee\/#website\",\"url\":\"https:\/\/tantrade.ee\/\",\"name\":\"Tantrade Veebipood\",\"description\":\"E-pood\",\"publisher\":{\"@id\":\"https:\/\/tantrade.ee\/#organization\"},\"potentialAction\":[{\"@type\":\"SearchAction\",\"target\":{\"@type\":\"EntryPoint\",\"urlTemplate\":\"https:\/\/tantrade.ee\/?s={search_term_string}\"},\"query-input\":{\"@type\":\"PropertyValueSpecification\",\"valueRequired\":true,\"valueName\":\"search_term_string\"}}],\"inLanguage\":\"en-GB\"},{\"@type\":\"Organization\",\"@id\":\"https:\/\/tantrade.ee\/#organization\",\"name\":\"Tantrade O\u00dc\",\"url\":\"https:\/\/tantrade.ee\/\",\"logo\":{\"@type\":\"ImageObject\",\"inLanguage\":\"en-GB\",\"@id\":\"https:\/\/tantrade.ee\/#\/schema\/logo\/image\/\",\"url\":\"https:\/\/tantrade.ee\/wp-content\/uploads\/2023\/12\/Tantrade_logo.png\",\"contentUrl\":\"https:\/\/tantrade.ee\/wp-content\/uploads\/2023\/12\/Tantrade_logo.png\",\"width\":350,\"height\":338,\"caption\":\"Tantrade O\u00dc\"},\"image\":{\"@id\":\"https:\/\/tantrade.ee\/#\/schema\/logo\/image\/\"}}]}<\/script>\n<!-- \/ Yoast SEO plugin. -->","yoast_head_json":{"title":"Mountea Summer Infusion, 25g - Tantrade","description":"Mountea Summer Infusion combines ivan tea, thyme and peppermint \u2014 a light and refreshing herbal tea with a clean taste and natural ingredients.","robots":{"index":"index","follow":"follow","max-snippet":"max-snippet:-1","max-image-preview":"max-image-preview:large","max-video-preview":"max-video-preview:-1"},"canonical":"https:\/\/tantrade.ee\/en\/product\/mountea-summer-infusion-25g\/","og_locale":"en_GB","og_type":"article","og_title":"Mountea Summer Infusion, 25g - Tantrade","og_description":"Mountea suvev\u00e4rskus \u00fchendab ivanitee, t\u00fc\u00fcmiani ja piparm\u00fcndi \u2013 kerge ja v\u00e4rskendav taimetee puhta maitse ning loodusliku koostisega.","og_url":"https:\/\/tantrade.ee\/en\/product\/mountea-summer-infusion-25g\/","og_site_name":"Tantrade","article_modified_time":"2026-04-13T08:21:10+00:00","og_image":[{"width":1000,"height":1000,"url":"https:\/\/tantrade.ee\/wp-content\/uploads\/2026\/04\/summer-influsion.jpg","type":"image\/jpeg"}],"twitter_card":"summary_large_image","twitter_misc":{"Estimated reading time":"1 minute"},"schema":{"@context":"https:\/\/schema.org","@graph":[{"@type":"WebPage","@id":"https:\/\/tantrade.ee\/toode\/mountea-summer-infusion-25g\/","url":"https:\/\/tantrade.ee\/toode\/mountea-summer-infusion-25g\/","name":"Mountea Summer Infusion, 25g - Tantrade","isPartOf":{"@id":"https:\/\/tantrade.ee\/#website"},"primaryImageOfPage":{"@id":"https:\/\/tantrade.ee\/toode\/mountea-summer-infusion-25g\/#primaryimage"},"image":{"@id":"https:\/\/tantrade.ee\/toode\/mountea-summer-infusion-25g\/#primaryimage"},"thumbnailUrl":"https:\/\/tantrade.ee\/wp-content\/uploads\/2026\/04\/summer-influsion.jpg","datePublished":"2026-04-07T16:48:28+00:00","dateModified":"2026-04-13T08:21:10+00:00","description":"Mountea Summer Infusion combines ivan tea, thyme and peppermint \u2014 a light and refreshing herbal tea with a clean taste and natural ingredients.","breadcrumb":{"@id":"https:\/\/tantrade.ee\/toode\/mountea-summer-infusion-25g\/#breadcrumb"},"inLanguage":"en-GB","potentialAction":[{"@type":"ReadAction","target":["https:\/\/tantrade.ee\/toode\/mountea-summer-infusion-25g\/"]}]},{"@type":"ImageObject","inLanguage":"en-GB","@id":"https:\/\/tantrade.ee\/toode\/mountea-summer-infusion-25g\/#primaryimage","url":"https:\/\/tantrade.ee\/wp-content\/uploads\/2026\/04\/summer-influsion.jpg","contentUrl":"https:\/\/tantrade.ee\/wp-content\/uploads\/2026\/04\/summer-influsion.jpg","width":1000,"height":1000},{"@type":"BreadcrumbList","@id":"https:\/\/tantrade.ee\/toode\/mountea-summer-infusion-25g\/#breadcrumb","itemListElement":[{"@type":"ListItem","position":1,"name":"Home","item":"https:\/\/tantrade.ee\/"},{"@type":"ListItem","position":2,"name":"E-pood","item":"https:\/\/tantrade.ee\/ru\/e-pood\/"},{"@type":"ListItem","position":3,"name":"Mountea Summer Infusion, 25g"}]},{"@type":"WebSite","@id":"https:\/\/tantrade.ee\/#website","url":"https:\/\/tantrade.ee\/","name":"Tantrade Veebipood","description":"E-shop","publisher":{"@id":"https:\/\/tantrade.ee\/#organization"},"potentialAction":[{"@type":"SearchAction","target":{"@type":"EntryPoint","urlTemplate":"https:\/\/tantrade.ee\/?s={search_term_string}"},"query-input":{"@type":"PropertyValueSpecification","valueRequired":true,"valueName":"search_term_string"}}],"inLanguage":"en-GB"},{"@type":"Organization","@id":"https:\/\/tantrade.ee\/#organization","name":"Tantrade O\u00dc","url":"https:\/\/tantrade.ee\/","logo":{"@type":"ImageObject","inLanguage":"en-GB","@id":"https:\/\/tantrade.ee\/#\/schema\/logo\/image\/","url":"https:\/\/tantrade.ee\/wp-content\/uploads\/2023\/12\/Tantrade_logo.png","contentUrl":"https:\/\/tantrade.ee\/wp-content\/uploads\/2023\/12\/Tantrade_logo.png","width":350,"height":338,"caption":"Tantrade O\u00dc"},"image":{"@id":"https:\/\/tantrade.ee\/#\/schema\/logo\/image\/"}}]}},"_links":{"self":[{"href":"https:\/\/tantrade.ee\/en\/wp-json\/wp\/v2\/product\/226417","targetHints":{"allow":["GET"]}}],"collection":[{"href":"https:\/\/tantrade.ee\/en\/wp-json\/wp\/v2\/product"}],"about":[{"href":"https:\/\/tantrade.ee\/en\/wp-json\/wp\/v2\/types\/product"}],"replies":[{"embeddable":true,"href":"https:\/\/tantrade.ee\/en\/wp-json\/wp\/v2\/comments?post=226417"}],"wp:featuredmedia":[{"embeddable":true,"href":"https:\/\/tantrade.ee\/en\/wp-json\/wp\/v2\/media\/226416"}],"wp:attachment":[{"href":"https:\/\/tantrade.ee\/en\/wp-json\/wp\/v2\/media?parent=226417"}],"wp:term":[{"taxonomy":"product_brand","embeddable":true,"href":"https:\/\/tantrade.ee\/en\/wp-json\/wp\/v2\/product_brand?post=226417"},{"taxonomy":"product_cat","embeddable":true,"href":"https:\/\/tantrade.ee\/en\/wp-json\/wp\/v2\/product_cat?post=226417"},{"taxonomy":"product_tag","embeddable":true,"href":"https:\/\/tantrade.ee\/en\/wp-json\/wp\/v2\/product_tag?post=226417"}],"curies":[{"name":"wp","href":"https:\/\/api.w.org\/{rel}","templated":true}]}}