{"id":226425,"date":"2026-04-13T11:12:20","date_gmt":"2026-04-13T11:12:20","guid":{"rendered":"https:\/\/tantrade.ee\/?post_type=product&#038;p=226425"},"modified":"2026-04-13T11:12:20","modified_gmt":"2026-04-13T11:12:20","slug":"mountea-calm-of-soul-25g","status":"publish","type":"product","link":"https:\/\/tantrade.ee\/en\/product\/mountea-calm-of-soul-25g\/","title":{"rendered":"Mountea Calm of Soul, 25g"},"content":{"rendered":"<p>A herbal blend with a gentle calming and supportive effect, designed to reduce nervous tension and support more restful sleep.<\/p>\n<p>Lemon balm is used to relieve mild symptoms of stress, support falling asleep, and help with minor digestive discomfort. Valerian is known for its use in cases of mild nervous tension and sleep disturbances. Motherwort is traditionally used to reduce nervous tension and relieve stress-related sensations of heart pounding.<\/p>","protected":false},"excerpt":{"rendered":"<p>Lemon balm, valerian, motherwort<\/p>","protected":false},"featured_media":226426,"comment_status":"open","ping_status":"closed","template":"","meta":{"_acf_changed":false},"product_brand":[167],"product_cat":[20,158],"product_tag":[],"class_list":{"0":"post-226425","1":"product","2":"type-product","3":"status-publish","4":"has-post-thumbnail","6":"product_brand-mountea","7":"product_cat-tee","8":"product_cat-taimetee","10":"first","11":"instock","12":"taxable","13":"shipping-taxable","14":"purchasable","15":"product-type-simple"},"acf":[],"yoast_head":"<!-- This site is optimized with the Yoast SEO plugin v26.9 - https:\/\/yoast.com\/product\/yoast-seo-wordpress\/ -->\n<title>Mountea Calm of Soul, 25g - Tantrade<\/title>\n<meta name=\"description\" content=\"Mountea tee sidrunmelissi, palderjani ja s\u00fcdamerohuga on maheda toimega taimetee, mis aitab v\u00e4hendada n\u00e4rvipinget ja toetab rahulikumat und.\" \/>\n<meta name=\"robots\" content=\"index, follow, max-snippet:-1, max-image-preview:large, max-video-preview:-1\" \/>\n<link rel=\"canonical\" href=\"https:\/\/tantrade.ee\/en\/product\/mountea-calm-of-soul-25g\/\" \/>\n<meta property=\"og:locale\" content=\"en_GB\" \/>\n<meta property=\"og:type\" content=\"article\" \/>\n<meta property=\"og:title\" content=\"Mountea Calm of Soul, 25g - Tantrade\" \/>\n<meta property=\"og:description\" content=\"Mountea tee sidrunmelissi, palderjani ja s\u00fcdamerohuga on maheda toimega taimetee, mis aitab v\u00e4hendada n\u00e4rvipinget ja toetab rahulikumat und.\" \/>\n<meta property=\"og:url\" content=\"https:\/\/tantrade.ee\/en\/product\/mountea-calm-of-soul-25g\/\" \/>\n<meta property=\"og:site_name\" content=\"Tantrade\" \/>\n<meta property=\"og:image\" content=\"https:\/\/tantrade.ee\/wp-content\/uploads\/2026\/04\/calm-of-soul.jpg\" \/>\n\t<meta property=\"og:image:width\" content=\"900\" \/>\n\t<meta property=\"og:image:height\" content=\"900\" \/>\n\t<meta property=\"og:image:type\" content=\"image\/jpeg\" \/>\n<meta name=\"twitter:card\" content=\"summary_large_image\" \/>\n<meta name=\"twitter:label1\" content=\"Estimated reading time\" \/>\n\t<meta name=\"twitter:data1\" content=\"1 minute\" \/>\n<script type=\"application\/ld+json\" class=\"yoast-schema-graph\">{\"@context\":\"https:\/\/schema.org\",\"@graph\":[{\"@type\":\"WebPage\",\"@id\":\"https:\/\/tantrade.ee\/toode\/mountea-calm-of-soul-25g\/\",\"url\":\"https:\/\/tantrade.ee\/toode\/mountea-calm-of-soul-25g\/\",\"name\":\"Mountea Calm of Soul, 25g - Tantrade\",\"isPartOf\":{\"@id\":\"https:\/\/tantrade.ee\/#website\"},\"primaryImageOfPage\":{\"@id\":\"https:\/\/tantrade.ee\/toode\/mountea-calm-of-soul-25g\/#primaryimage\"},\"image\":{\"@id\":\"https:\/\/tantrade.ee\/toode\/mountea-calm-of-soul-25g\/#primaryimage\"},\"thumbnailUrl\":\"https:\/\/tantrade.ee\/wp-content\/uploads\/2026\/04\/calm-of-soul.jpg\",\"datePublished\":\"2026-04-13T11:12:20+00:00\",\"description\":\"Mountea tee sidrunmelissi, palderjani ja s\u00fcdamerohuga on maheda toimega taimetee, mis aitab v\u00e4hendada n\u00e4rvipinget ja toetab rahulikumat und.\",\"breadcrumb\":{\"@id\":\"https:\/\/tantrade.ee\/toode\/mountea-calm-of-soul-25g\/#breadcrumb\"},\"inLanguage\":\"en-GB\",\"potentialAction\":[{\"@type\":\"ReadAction\",\"target\":[\"https:\/\/tantrade.ee\/toode\/mountea-calm-of-soul-25g\/\"]}]},{\"@type\":\"ImageObject\",\"inLanguage\":\"en-GB\",\"@id\":\"https:\/\/tantrade.ee\/toode\/mountea-calm-of-soul-25g\/#primaryimage\",\"url\":\"https:\/\/tantrade.ee\/wp-content\/uploads\/2026\/04\/calm-of-soul.jpg\",\"contentUrl\":\"https:\/\/tantrade.ee\/wp-content\/uploads\/2026\/04\/calm-of-soul.jpg\",\"width\":900,\"height\":900},{\"@type\":\"BreadcrumbList\",\"@id\":\"https:\/\/tantrade.ee\/toode\/mountea-calm-of-soul-25g\/#breadcrumb\",\"itemListElement\":[{\"@type\":\"ListItem\",\"position\":1,\"name\":\"Home\",\"item\":\"https:\/\/tantrade.ee\/\"},{\"@type\":\"ListItem\",\"position\":2,\"name\":\"E-pood\",\"item\":\"https:\/\/tantrade.ee\/ru\/e-pood\/\"},{\"@type\":\"ListItem\",\"position\":3,\"name\":\"Mountea Calm of Soul, 25g\"}]},{\"@type\":\"WebSite\",\"@id\":\"https:\/\/tantrade.ee\/#website\",\"url\":\"https:\/\/tantrade.ee\/\",\"name\":\"Tantrade Veebipood\",\"description\":\"E-pood\",\"publisher\":{\"@id\":\"https:\/\/tantrade.ee\/#organization\"},\"potentialAction\":[{\"@type\":\"SearchAction\",\"target\":{\"@type\":\"EntryPoint\",\"urlTemplate\":\"https:\/\/tantrade.ee\/?s={search_term_string}\"},\"query-input\":{\"@type\":\"PropertyValueSpecification\",\"valueRequired\":true,\"valueName\":\"search_term_string\"}}],\"inLanguage\":\"en-GB\"},{\"@type\":\"Organization\",\"@id\":\"https:\/\/tantrade.ee\/#organization\",\"name\":\"Tantrade O\u00dc\",\"url\":\"https:\/\/tantrade.ee\/\",\"logo\":{\"@type\":\"ImageObject\",\"inLanguage\":\"en-GB\",\"@id\":\"https:\/\/tantrade.ee\/#\/schema\/logo\/image\/\",\"url\":\"https:\/\/tantrade.ee\/wp-content\/uploads\/2023\/12\/Tantrade_logo.png\",\"contentUrl\":\"https:\/\/tantrade.ee\/wp-content\/uploads\/2023\/12\/Tantrade_logo.png\",\"width\":350,\"height\":338,\"caption\":\"Tantrade O\u00dc\"},\"image\":{\"@id\":\"https:\/\/tantrade.ee\/#\/schema\/logo\/image\/\"}}]}<\/script>\n<!-- \/ Yoast SEO plugin. -->","yoast_head_json":{"title":"Mountea Calm of Soul, 25g - Tantrade","description":"Mountea tea with lemon balm, valerian and motherwort is a gentle herbal blend that helps reduce nervous tension and supports more restful sleep.","robots":{"index":"index","follow":"follow","max-snippet":"max-snippet:-1","max-image-preview":"max-image-preview:large","max-video-preview":"max-video-preview:-1"},"canonical":"https:\/\/tantrade.ee\/en\/product\/mountea-calm-of-soul-25g\/","og_locale":"en_GB","og_type":"article","og_title":"Mountea Calm of Soul, 25g - Tantrade","og_description":"Mountea tee sidrunmelissi, palderjani ja s\u00fcdamerohuga on maheda toimega taimetee, mis aitab v\u00e4hendada n\u00e4rvipinget ja toetab rahulikumat und.","og_url":"https:\/\/tantrade.ee\/en\/product\/mountea-calm-of-soul-25g\/","og_site_name":"Tantrade","og_image":[{"width":900,"height":900,"url":"https:\/\/tantrade.ee\/wp-content\/uploads\/2026\/04\/calm-of-soul.jpg","type":"image\/jpeg"}],"twitter_card":"summary_large_image","twitter_misc":{"Estimated reading time":"1 minute"},"schema":{"@context":"https:\/\/schema.org","@graph":[{"@type":"WebPage","@id":"https:\/\/tantrade.ee\/toode\/mountea-calm-of-soul-25g\/","url":"https:\/\/tantrade.ee\/toode\/mountea-calm-of-soul-25g\/","name":"Mountea Calm of Soul, 25g - Tantrade","isPartOf":{"@id":"https:\/\/tantrade.ee\/#website"},"primaryImageOfPage":{"@id":"https:\/\/tantrade.ee\/toode\/mountea-calm-of-soul-25g\/#primaryimage"},"image":{"@id":"https:\/\/tantrade.ee\/toode\/mountea-calm-of-soul-25g\/#primaryimage"},"thumbnailUrl":"https:\/\/tantrade.ee\/wp-content\/uploads\/2026\/04\/calm-of-soul.jpg","datePublished":"2026-04-13T11:12:20+00:00","description":"Mountea tea with lemon balm, valerian and motherwort is a gentle herbal blend that helps reduce nervous tension and supports more restful sleep.","breadcrumb":{"@id":"https:\/\/tantrade.ee\/toode\/mountea-calm-of-soul-25g\/#breadcrumb"},"inLanguage":"en-GB","potentialAction":[{"@type":"ReadAction","target":["https:\/\/tantrade.ee\/toode\/mountea-calm-of-soul-25g\/"]}]},{"@type":"ImageObject","inLanguage":"en-GB","@id":"https:\/\/tantrade.ee\/toode\/mountea-calm-of-soul-25g\/#primaryimage","url":"https:\/\/tantrade.ee\/wp-content\/uploads\/2026\/04\/calm-of-soul.jpg","contentUrl":"https:\/\/tantrade.ee\/wp-content\/uploads\/2026\/04\/calm-of-soul.jpg","width":900,"height":900},{"@type":"BreadcrumbList","@id":"https:\/\/tantrade.ee\/toode\/mountea-calm-of-soul-25g\/#breadcrumb","itemListElement":[{"@type":"ListItem","position":1,"name":"Home","item":"https:\/\/tantrade.ee\/"},{"@type":"ListItem","position":2,"name":"E-pood","item":"https:\/\/tantrade.ee\/ru\/e-pood\/"},{"@type":"ListItem","position":3,"name":"Mountea Calm of Soul, 25g"}]},{"@type":"WebSite","@id":"https:\/\/tantrade.ee\/#website","url":"https:\/\/tantrade.ee\/","name":"Tantrade Veebipood","description":"E-shop","publisher":{"@id":"https:\/\/tantrade.ee\/#organization"},"potentialAction":[{"@type":"SearchAction","target":{"@type":"EntryPoint","urlTemplate":"https:\/\/tantrade.ee\/?s={search_term_string}"},"query-input":{"@type":"PropertyValueSpecification","valueRequired":true,"valueName":"search_term_string"}}],"inLanguage":"en-GB"},{"@type":"Organization","@id":"https:\/\/tantrade.ee\/#organization","name":"Tantrade O\u00dc","url":"https:\/\/tantrade.ee\/","logo":{"@type":"ImageObject","inLanguage":"en-GB","@id":"https:\/\/tantrade.ee\/#\/schema\/logo\/image\/","url":"https:\/\/tantrade.ee\/wp-content\/uploads\/2023\/12\/Tantrade_logo.png","contentUrl":"https:\/\/tantrade.ee\/wp-content\/uploads\/2023\/12\/Tantrade_logo.png","width":350,"height":338,"caption":"Tantrade O\u00dc"},"image":{"@id":"https:\/\/tantrade.ee\/#\/schema\/logo\/image\/"}}]}},"_links":{"self":[{"href":"https:\/\/tantrade.ee\/en\/wp-json\/wp\/v2\/product\/226425","targetHints":{"allow":["GET"]}}],"collection":[{"href":"https:\/\/tantrade.ee\/en\/wp-json\/wp\/v2\/product"}],"about":[{"href":"https:\/\/tantrade.ee\/en\/wp-json\/wp\/v2\/types\/product"}],"replies":[{"embeddable":true,"href":"https:\/\/tantrade.ee\/en\/wp-json\/wp\/v2\/comments?post=226425"}],"wp:featuredmedia":[{"embeddable":true,"href":"https:\/\/tantrade.ee\/en\/wp-json\/wp\/v2\/media\/226426"}],"wp:attachment":[{"href":"https:\/\/tantrade.ee\/en\/wp-json\/wp\/v2\/media?parent=226425"}],"wp:term":[{"taxonomy":"product_brand","embeddable":true,"href":"https:\/\/tantrade.ee\/en\/wp-json\/wp\/v2\/product_brand?post=226425"},{"taxonomy":"product_cat","embeddable":true,"href":"https:\/\/tantrade.ee\/en\/wp-json\/wp\/v2\/product_cat?post=226425"},{"taxonomy":"product_tag","embeddable":true,"href":"https:\/\/tantrade.ee\/en\/wp-json\/wp\/v2\/product_tag?post=226425"}],"curies":[{"name":"wp","href":"https:\/\/api.w.org\/{rel}","templated":true}]}}