{"id":226427,"date":"2026-04-13T11:41:14","date_gmt":"2026-04-13T11:41:14","guid":{"rendered":"https:\/\/tantrade.ee\/?post_type=product&#038;p=226427"},"modified":"2026-04-13T11:41:14","modified_gmt":"2026-04-13T11:41:14","slug":"mountea-leaf-of-calm-25g","status":"publish","type":"product","link":"https:\/\/tantrade.ee\/en\/product\/mountea-leaf-of-calm-25g\/","title":{"rendered":"Mountea Leaf of Calm, 25g"},"content":{"rendered":"<p data-start=\"58\" data-end=\"193\">A herbal blend for a calm evening, relaxation, and gentle digestive support.<\/p>\n<p data-start=\"195\" data-end=\"444\">Lemon balm is used to relieve mild symptoms of stress, support falling asleep, and help with minor digestive discomfort. Oregano is traditionally used for bloating, feelings of heaviness, and general digestive discomfort.<\/p>","protected":false},"excerpt":{"rendered":"<p>Oregano, lemon balm<\/p>","protected":false},"featured_media":226428,"comment_status":"open","ping_status":"closed","template":"","meta":{"_acf_changed":false},"product_brand":[167],"product_cat":[20,158],"product_tag":[],"class_list":{"0":"post-226427","1":"product","2":"type-product","3":"status-publish","4":"has-post-thumbnail","6":"product_brand-mountea","7":"product_cat-tee","8":"product_cat-taimetee","10":"first","11":"instock","12":"taxable","13":"shipping-taxable","14":"purchasable","15":"product-type-simple"},"acf":[],"yoast_head":"<!-- This site is optimized with the Yoast SEO plugin v26.9 - https:\/\/yoast.com\/product\/yoast-seo-wordpress\/ -->\n<title>Mountea Leaf of Calm, 25g - Tantrade<\/title>\n<meta name=\"description\" content=\"Mountea Leaf of Calm tee pune ja sidrunmelissiga on taimetee rahulikuks \u00f5htuks, l\u00f5\u00f5gastumiseks ja seedimise \u00f5rnaks toetamiseks.\" \/>\n<meta name=\"robots\" content=\"index, follow, max-snippet:-1, max-image-preview:large, max-video-preview:-1\" \/>\n<link rel=\"canonical\" href=\"https:\/\/tantrade.ee\/en\/product\/mountea-leaf-of-calm-25g\/\" \/>\n<meta property=\"og:locale\" content=\"en_GB\" \/>\n<meta property=\"og:type\" content=\"article\" \/>\n<meta property=\"og:title\" content=\"Mountea Leaf of Calm, 25g - Tantrade\" \/>\n<meta property=\"og:description\" content=\"Mountea Leaf of Calm tee pune ja sidrunmelissiga on taimetee rahulikuks \u00f5htuks, l\u00f5\u00f5gastumiseks ja seedimise \u00f5rnaks toetamiseks.\" \/>\n<meta property=\"og:url\" content=\"https:\/\/tantrade.ee\/en\/product\/mountea-leaf-of-calm-25g\/\" \/>\n<meta property=\"og:site_name\" content=\"Tantrade\" \/>\n<meta property=\"og:image\" content=\"https:\/\/tantrade.ee\/wp-content\/uploads\/2026\/04\/leaf-of-calm.jpg\" \/>\n\t<meta property=\"og:image:width\" content=\"900\" \/>\n\t<meta property=\"og:image:height\" content=\"900\" \/>\n\t<meta property=\"og:image:type\" content=\"image\/jpeg\" \/>\n<meta name=\"twitter:card\" content=\"summary_large_image\" \/>\n<meta name=\"twitter:label1\" content=\"Estimated reading time\" \/>\n\t<meta name=\"twitter:data1\" content=\"1 minute\" \/>\n<script type=\"application\/ld+json\" class=\"yoast-schema-graph\">{\"@context\":\"https:\/\/schema.org\",\"@graph\":[{\"@type\":\"WebPage\",\"@id\":\"https:\/\/tantrade.ee\/toode\/mountea-leaf-of-calm-25g\/\",\"url\":\"https:\/\/tantrade.ee\/toode\/mountea-leaf-of-calm-25g\/\",\"name\":\"Mountea Leaf of Calm, 25g - Tantrade\",\"isPartOf\":{\"@id\":\"https:\/\/tantrade.ee\/#website\"},\"primaryImageOfPage\":{\"@id\":\"https:\/\/tantrade.ee\/toode\/mountea-leaf-of-calm-25g\/#primaryimage\"},\"image\":{\"@id\":\"https:\/\/tantrade.ee\/toode\/mountea-leaf-of-calm-25g\/#primaryimage\"},\"thumbnailUrl\":\"https:\/\/tantrade.ee\/wp-content\/uploads\/2026\/04\/leaf-of-calm.jpg\",\"datePublished\":\"2026-04-13T11:41:14+00:00\",\"description\":\"Mountea Leaf of Calm tee pune ja sidrunmelissiga on taimetee rahulikuks \u00f5htuks, l\u00f5\u00f5gastumiseks ja seedimise \u00f5rnaks toetamiseks.\",\"breadcrumb\":{\"@id\":\"https:\/\/tantrade.ee\/toode\/mountea-leaf-of-calm-25g\/#breadcrumb\"},\"inLanguage\":\"en-GB\",\"potentialAction\":[{\"@type\":\"ReadAction\",\"target\":[\"https:\/\/tantrade.ee\/toode\/mountea-leaf-of-calm-25g\/\"]}]},{\"@type\":\"ImageObject\",\"inLanguage\":\"en-GB\",\"@id\":\"https:\/\/tantrade.ee\/toode\/mountea-leaf-of-calm-25g\/#primaryimage\",\"url\":\"https:\/\/tantrade.ee\/wp-content\/uploads\/2026\/04\/leaf-of-calm.jpg\",\"contentUrl\":\"https:\/\/tantrade.ee\/wp-content\/uploads\/2026\/04\/leaf-of-calm.jpg\",\"width\":900,\"height\":900},{\"@type\":\"BreadcrumbList\",\"@id\":\"https:\/\/tantrade.ee\/toode\/mountea-leaf-of-calm-25g\/#breadcrumb\",\"itemListElement\":[{\"@type\":\"ListItem\",\"position\":1,\"name\":\"Home\",\"item\":\"https:\/\/tantrade.ee\/\"},{\"@type\":\"ListItem\",\"position\":2,\"name\":\"E-pood\",\"item\":\"https:\/\/tantrade.ee\/ru\/e-pood\/\"},{\"@type\":\"ListItem\",\"position\":3,\"name\":\"Mountea Leaf of Calm, 25g\"}]},{\"@type\":\"WebSite\",\"@id\":\"https:\/\/tantrade.ee\/#website\",\"url\":\"https:\/\/tantrade.ee\/\",\"name\":\"Tantrade Veebipood\",\"description\":\"E-pood\",\"publisher\":{\"@id\":\"https:\/\/tantrade.ee\/#organization\"},\"potentialAction\":[{\"@type\":\"SearchAction\",\"target\":{\"@type\":\"EntryPoint\",\"urlTemplate\":\"https:\/\/tantrade.ee\/?s={search_term_string}\"},\"query-input\":{\"@type\":\"PropertyValueSpecification\",\"valueRequired\":true,\"valueName\":\"search_term_string\"}}],\"inLanguage\":\"en-GB\"},{\"@type\":\"Organization\",\"@id\":\"https:\/\/tantrade.ee\/#organization\",\"name\":\"Tantrade O\u00dc\",\"url\":\"https:\/\/tantrade.ee\/\",\"logo\":{\"@type\":\"ImageObject\",\"inLanguage\":\"en-GB\",\"@id\":\"https:\/\/tantrade.ee\/#\/schema\/logo\/image\/\",\"url\":\"https:\/\/tantrade.ee\/wp-content\/uploads\/2023\/12\/Tantrade_logo.png\",\"contentUrl\":\"https:\/\/tantrade.ee\/wp-content\/uploads\/2023\/12\/Tantrade_logo.png\",\"width\":350,\"height\":338,\"caption\":\"Tantrade O\u00dc\"},\"image\":{\"@id\":\"https:\/\/tantrade.ee\/#\/schema\/logo\/image\/\"}}]}<\/script>\n<!-- \/ Yoast SEO plugin. -->","yoast_head_json":{"title":"Mountea Leaf of Calm, 25g - Tantrade","description":"Mountea tea with oregano and lemon balm is a herbal blend for a calm evening, relaxation, and gentle digestive support.","robots":{"index":"index","follow":"follow","max-snippet":"max-snippet:-1","max-image-preview":"max-image-preview:large","max-video-preview":"max-video-preview:-1"},"canonical":"https:\/\/tantrade.ee\/en\/product\/mountea-leaf-of-calm-25g\/","og_locale":"en_GB","og_type":"article","og_title":"Mountea Leaf of Calm, 25g - Tantrade","og_description":"Mountea Leaf of Calm tee pune ja sidrunmelissiga on taimetee rahulikuks \u00f5htuks, l\u00f5\u00f5gastumiseks ja seedimise \u00f5rnaks toetamiseks.","og_url":"https:\/\/tantrade.ee\/en\/product\/mountea-leaf-of-calm-25g\/","og_site_name":"Tantrade","og_image":[{"width":900,"height":900,"url":"https:\/\/tantrade.ee\/wp-content\/uploads\/2026\/04\/leaf-of-calm.jpg","type":"image\/jpeg"}],"twitter_card":"summary_large_image","twitter_misc":{"Estimated reading time":"1 minute"},"schema":{"@context":"https:\/\/schema.org","@graph":[{"@type":"WebPage","@id":"https:\/\/tantrade.ee\/toode\/mountea-leaf-of-calm-25g\/","url":"https:\/\/tantrade.ee\/toode\/mountea-leaf-of-calm-25g\/","name":"Mountea Leaf of Calm, 25g - Tantrade","isPartOf":{"@id":"https:\/\/tantrade.ee\/#website"},"primaryImageOfPage":{"@id":"https:\/\/tantrade.ee\/toode\/mountea-leaf-of-calm-25g\/#primaryimage"},"image":{"@id":"https:\/\/tantrade.ee\/toode\/mountea-leaf-of-calm-25g\/#primaryimage"},"thumbnailUrl":"https:\/\/tantrade.ee\/wp-content\/uploads\/2026\/04\/leaf-of-calm.jpg","datePublished":"2026-04-13T11:41:14+00:00","description":"Mountea tea with oregano and lemon balm is a herbal blend for a calm evening, relaxation, and gentle digestive support.","breadcrumb":{"@id":"https:\/\/tantrade.ee\/toode\/mountea-leaf-of-calm-25g\/#breadcrumb"},"inLanguage":"en-GB","potentialAction":[{"@type":"ReadAction","target":["https:\/\/tantrade.ee\/toode\/mountea-leaf-of-calm-25g\/"]}]},{"@type":"ImageObject","inLanguage":"en-GB","@id":"https:\/\/tantrade.ee\/toode\/mountea-leaf-of-calm-25g\/#primaryimage","url":"https:\/\/tantrade.ee\/wp-content\/uploads\/2026\/04\/leaf-of-calm.jpg","contentUrl":"https:\/\/tantrade.ee\/wp-content\/uploads\/2026\/04\/leaf-of-calm.jpg","width":900,"height":900},{"@type":"BreadcrumbList","@id":"https:\/\/tantrade.ee\/toode\/mountea-leaf-of-calm-25g\/#breadcrumb","itemListElement":[{"@type":"ListItem","position":1,"name":"Home","item":"https:\/\/tantrade.ee\/"},{"@type":"ListItem","position":2,"name":"E-pood","item":"https:\/\/tantrade.ee\/ru\/e-pood\/"},{"@type":"ListItem","position":3,"name":"Mountea Leaf of Calm, 25g"}]},{"@type":"WebSite","@id":"https:\/\/tantrade.ee\/#website","url":"https:\/\/tantrade.ee\/","name":"Tantrade Veebipood","description":"E-shop","publisher":{"@id":"https:\/\/tantrade.ee\/#organization"},"potentialAction":[{"@type":"SearchAction","target":{"@type":"EntryPoint","urlTemplate":"https:\/\/tantrade.ee\/?s={search_term_string}"},"query-input":{"@type":"PropertyValueSpecification","valueRequired":true,"valueName":"search_term_string"}}],"inLanguage":"en-GB"},{"@type":"Organization","@id":"https:\/\/tantrade.ee\/#organization","name":"Tantrade O\u00dc","url":"https:\/\/tantrade.ee\/","logo":{"@type":"ImageObject","inLanguage":"en-GB","@id":"https:\/\/tantrade.ee\/#\/schema\/logo\/image\/","url":"https:\/\/tantrade.ee\/wp-content\/uploads\/2023\/12\/Tantrade_logo.png","contentUrl":"https:\/\/tantrade.ee\/wp-content\/uploads\/2023\/12\/Tantrade_logo.png","width":350,"height":338,"caption":"Tantrade O\u00dc"},"image":{"@id":"https:\/\/tantrade.ee\/#\/schema\/logo\/image\/"}}]}},"_links":{"self":[{"href":"https:\/\/tantrade.ee\/en\/wp-json\/wp\/v2\/product\/226427","targetHints":{"allow":["GET"]}}],"collection":[{"href":"https:\/\/tantrade.ee\/en\/wp-json\/wp\/v2\/product"}],"about":[{"href":"https:\/\/tantrade.ee\/en\/wp-json\/wp\/v2\/types\/product"}],"replies":[{"embeddable":true,"href":"https:\/\/tantrade.ee\/en\/wp-json\/wp\/v2\/comments?post=226427"}],"wp:featuredmedia":[{"embeddable":true,"href":"https:\/\/tantrade.ee\/en\/wp-json\/wp\/v2\/media\/226428"}],"wp:attachment":[{"href":"https:\/\/tantrade.ee\/en\/wp-json\/wp\/v2\/media?parent=226427"}],"wp:term":[{"taxonomy":"product_brand","embeddable":true,"href":"https:\/\/tantrade.ee\/en\/wp-json\/wp\/v2\/product_brand?post=226427"},{"taxonomy":"product_cat","embeddable":true,"href":"https:\/\/tantrade.ee\/en\/wp-json\/wp\/v2\/product_cat?post=226427"},{"taxonomy":"product_tag","embeddable":true,"href":"https:\/\/tantrade.ee\/en\/wp-json\/wp\/v2\/product_tag?post=226427"}],"curies":[{"name":"wp","href":"https:\/\/api.w.org\/{rel}","templated":true}]}}