{"id":226429,"date":"2026-04-13T12:21:36","date_gmt":"2026-04-13T12:21:36","guid":{"rendered":"https:\/\/tantrade.ee\/?post_type=product&#038;p=226429"},"modified":"2026-04-13T12:21:36","modified_gmt":"2026-04-13T12:21:36","slug":"mountea-verdant-whisper-25g","status":"publish","type":"product","link":"https:\/\/tantrade.ee\/en\/product\/mountea-verdant-whisper-25g\/","title":{"rendered":"Mountea Verdant Whisper, 25g"},"content":{"rendered":"<p data-start=\"52\" data-end=\"303\">A herbal blend with a bright, fresh, and spicy character, created to support the respiratory system and provide gentle digestive support. Thyme gives the infusion warm herbal depth and a light astringent edge, while wild mint adds coolness, freshness, and a lighter note.<\/p>\n<p data-start=\"305\" data-end=\"562\">Thyme is traditionally used as an expectorant for cough associated with colds and for respiratory support. Mint leaves are used for mild digestive discomfort, including bloating, feelings of heaviness, and flatulence.<\/p>","protected":false},"excerpt":{"rendered":"<p>Thyme, wild mint<\/p>","protected":false},"featured_media":226430,"comment_status":"open","ping_status":"closed","template":"","meta":{"_acf_changed":false},"product_brand":[167],"product_cat":[20,158],"product_tag":[],"class_list":{"0":"post-226429","1":"product","2":"type-product","3":"status-publish","4":"has-post-thumbnail","6":"product_brand-mountea","7":"product_cat-tee","8":"product_cat-taimetee","10":"first","11":"instock","12":"taxable","13":"shipping-taxable","14":"purchasable","15":"product-type-simple"},"acf":[],"yoast_head":"<!-- This site is optimized with the Yoast SEO plugin v26.9 - https:\/\/yoast.com\/product\/yoast-seo-wordpress\/ -->\n<title>Mountea Verdant Whisper, 25g - Tantrade<\/title>\n<meta name=\"description\" content=\"Mountea tee t\u00fc\u00fcmiani ja metsiku m\u00fcndiga on v\u00e4rske ja v\u00fcrtsika iseloomuga taimetee hingamisteede toetamiseks ja seedimise \u00f5rnaks toetamiseks.\" \/>\n<meta name=\"robots\" content=\"index, follow, max-snippet:-1, max-image-preview:large, max-video-preview:-1\" \/>\n<link rel=\"canonical\" href=\"https:\/\/tantrade.ee\/en\/product\/mountea-verdant-whisper-25g\/\" \/>\n<meta property=\"og:locale\" content=\"en_GB\" \/>\n<meta property=\"og:type\" content=\"article\" \/>\n<meta property=\"og:title\" content=\"Mountea Verdant Whisper, 25g - Tantrade\" \/>\n<meta property=\"og:description\" content=\"Mountea tee t\u00fc\u00fcmiani ja metsiku m\u00fcndiga on v\u00e4rske ja v\u00fcrtsika iseloomuga taimetee hingamisteede toetamiseks ja seedimise \u00f5rnaks toetamiseks.\" \/>\n<meta property=\"og:url\" content=\"https:\/\/tantrade.ee\/en\/product\/mountea-verdant-whisper-25g\/\" \/>\n<meta property=\"og:site_name\" content=\"Tantrade\" \/>\n<meta property=\"og:image\" content=\"https:\/\/tantrade.ee\/wp-content\/uploads\/2026\/04\/verdant-whisper.jpg\" \/>\n\t<meta property=\"og:image:width\" content=\"900\" \/>\n\t<meta property=\"og:image:height\" content=\"900\" \/>\n\t<meta property=\"og:image:type\" content=\"image\/jpeg\" \/>\n<meta name=\"twitter:card\" content=\"summary_large_image\" \/>\n<meta name=\"twitter:label1\" content=\"Estimated reading time\" \/>\n\t<meta name=\"twitter:data1\" content=\"1 minute\" \/>\n<script type=\"application\/ld+json\" class=\"yoast-schema-graph\">{\"@context\":\"https:\/\/schema.org\",\"@graph\":[{\"@type\":\"WebPage\",\"@id\":\"https:\/\/tantrade.ee\/toode\/mountea-verdant-whisper-25g\/\",\"url\":\"https:\/\/tantrade.ee\/toode\/mountea-verdant-whisper-25g\/\",\"name\":\"Mountea Verdant Whisper, 25g - Tantrade\",\"isPartOf\":{\"@id\":\"https:\/\/tantrade.ee\/#website\"},\"primaryImageOfPage\":{\"@id\":\"https:\/\/tantrade.ee\/toode\/mountea-verdant-whisper-25g\/#primaryimage\"},\"image\":{\"@id\":\"https:\/\/tantrade.ee\/toode\/mountea-verdant-whisper-25g\/#primaryimage\"},\"thumbnailUrl\":\"https:\/\/tantrade.ee\/wp-content\/uploads\/2026\/04\/verdant-whisper.jpg\",\"datePublished\":\"2026-04-13T12:21:36+00:00\",\"description\":\"Mountea tee t\u00fc\u00fcmiani ja metsiku m\u00fcndiga on v\u00e4rske ja v\u00fcrtsika iseloomuga taimetee hingamisteede toetamiseks ja seedimise \u00f5rnaks toetamiseks.\",\"breadcrumb\":{\"@id\":\"https:\/\/tantrade.ee\/toode\/mountea-verdant-whisper-25g\/#breadcrumb\"},\"inLanguage\":\"en-GB\",\"potentialAction\":[{\"@type\":\"ReadAction\",\"target\":[\"https:\/\/tantrade.ee\/toode\/mountea-verdant-whisper-25g\/\"]}]},{\"@type\":\"ImageObject\",\"inLanguage\":\"en-GB\",\"@id\":\"https:\/\/tantrade.ee\/toode\/mountea-verdant-whisper-25g\/#primaryimage\",\"url\":\"https:\/\/tantrade.ee\/wp-content\/uploads\/2026\/04\/verdant-whisper.jpg\",\"contentUrl\":\"https:\/\/tantrade.ee\/wp-content\/uploads\/2026\/04\/verdant-whisper.jpg\",\"width\":900,\"height\":900},{\"@type\":\"BreadcrumbList\",\"@id\":\"https:\/\/tantrade.ee\/toode\/mountea-verdant-whisper-25g\/#breadcrumb\",\"itemListElement\":[{\"@type\":\"ListItem\",\"position\":1,\"name\":\"Home\",\"item\":\"https:\/\/tantrade.ee\/\"},{\"@type\":\"ListItem\",\"position\":2,\"name\":\"E-pood\",\"item\":\"https:\/\/tantrade.ee\/ru\/e-pood\/\"},{\"@type\":\"ListItem\",\"position\":3,\"name\":\"Mountea Verdant Whisper, 25g\"}]},{\"@type\":\"WebSite\",\"@id\":\"https:\/\/tantrade.ee\/#website\",\"url\":\"https:\/\/tantrade.ee\/\",\"name\":\"Tantrade Veebipood\",\"description\":\"E-pood\",\"publisher\":{\"@id\":\"https:\/\/tantrade.ee\/#organization\"},\"potentialAction\":[{\"@type\":\"SearchAction\",\"target\":{\"@type\":\"EntryPoint\",\"urlTemplate\":\"https:\/\/tantrade.ee\/?s={search_term_string}\"},\"query-input\":{\"@type\":\"PropertyValueSpecification\",\"valueRequired\":true,\"valueName\":\"search_term_string\"}}],\"inLanguage\":\"en-GB\"},{\"@type\":\"Organization\",\"@id\":\"https:\/\/tantrade.ee\/#organization\",\"name\":\"Tantrade O\u00dc\",\"url\":\"https:\/\/tantrade.ee\/\",\"logo\":{\"@type\":\"ImageObject\",\"inLanguage\":\"en-GB\",\"@id\":\"https:\/\/tantrade.ee\/#\/schema\/logo\/image\/\",\"url\":\"https:\/\/tantrade.ee\/wp-content\/uploads\/2023\/12\/Tantrade_logo.png\",\"contentUrl\":\"https:\/\/tantrade.ee\/wp-content\/uploads\/2023\/12\/Tantrade_logo.png\",\"width\":350,\"height\":338,\"caption\":\"Tantrade O\u00dc\"},\"image\":{\"@id\":\"https:\/\/tantrade.ee\/#\/schema\/logo\/image\/\"}}]}<\/script>\n<!-- \/ Yoast SEO plugin. -->","yoast_head_json":{"title":"Mountea Verdant Whisper, 25g - Tantrade","description":"Mountea tee t\u00fc\u00fcmiani ja metsiku m\u00fcndiga on v\u00e4rske ja v\u00fcrtsika iseloomuga taimetee hingamisteede toetamiseks ja seedimise \u00f5rnaks toetamiseks.","robots":{"index":"index","follow":"follow","max-snippet":"max-snippet:-1","max-image-preview":"max-image-preview:large","max-video-preview":"max-video-preview:-1"},"canonical":"https:\/\/tantrade.ee\/en\/product\/mountea-verdant-whisper-25g\/","og_locale":"en_GB","og_type":"article","og_title":"Mountea Verdant Whisper, 25g - Tantrade","og_description":"Mountea tee t\u00fc\u00fcmiani ja metsiku m\u00fcndiga on v\u00e4rske ja v\u00fcrtsika iseloomuga taimetee hingamisteede toetamiseks ja seedimise \u00f5rnaks toetamiseks.","og_url":"https:\/\/tantrade.ee\/en\/product\/mountea-verdant-whisper-25g\/","og_site_name":"Tantrade","og_image":[{"width":900,"height":900,"url":"https:\/\/tantrade.ee\/wp-content\/uploads\/2026\/04\/verdant-whisper.jpg","type":"image\/jpeg"}],"twitter_card":"summary_large_image","twitter_misc":{"Estimated reading time":"1 minute"},"schema":{"@context":"https:\/\/schema.org","@graph":[{"@type":"WebPage","@id":"https:\/\/tantrade.ee\/toode\/mountea-verdant-whisper-25g\/","url":"https:\/\/tantrade.ee\/toode\/mountea-verdant-whisper-25g\/","name":"Mountea Verdant Whisper, 25g - Tantrade","isPartOf":{"@id":"https:\/\/tantrade.ee\/#website"},"primaryImageOfPage":{"@id":"https:\/\/tantrade.ee\/toode\/mountea-verdant-whisper-25g\/#primaryimage"},"image":{"@id":"https:\/\/tantrade.ee\/toode\/mountea-verdant-whisper-25g\/#primaryimage"},"thumbnailUrl":"https:\/\/tantrade.ee\/wp-content\/uploads\/2026\/04\/verdant-whisper.jpg","datePublished":"2026-04-13T12:21:36+00:00","description":"Mountea tee t\u00fc\u00fcmiani ja metsiku m\u00fcndiga on v\u00e4rske ja v\u00fcrtsika iseloomuga taimetee hingamisteede toetamiseks ja seedimise \u00f5rnaks toetamiseks.","breadcrumb":{"@id":"https:\/\/tantrade.ee\/toode\/mountea-verdant-whisper-25g\/#breadcrumb"},"inLanguage":"en-GB","potentialAction":[{"@type":"ReadAction","target":["https:\/\/tantrade.ee\/toode\/mountea-verdant-whisper-25g\/"]}]},{"@type":"ImageObject","inLanguage":"en-GB","@id":"https:\/\/tantrade.ee\/toode\/mountea-verdant-whisper-25g\/#primaryimage","url":"https:\/\/tantrade.ee\/wp-content\/uploads\/2026\/04\/verdant-whisper.jpg","contentUrl":"https:\/\/tantrade.ee\/wp-content\/uploads\/2026\/04\/verdant-whisper.jpg","width":900,"height":900},{"@type":"BreadcrumbList","@id":"https:\/\/tantrade.ee\/toode\/mountea-verdant-whisper-25g\/#breadcrumb","itemListElement":[{"@type":"ListItem","position":1,"name":"Home","item":"https:\/\/tantrade.ee\/"},{"@type":"ListItem","position":2,"name":"E-pood","item":"https:\/\/tantrade.ee\/ru\/e-pood\/"},{"@type":"ListItem","position":3,"name":"Mountea Verdant Whisper, 25g"}]},{"@type":"WebSite","@id":"https:\/\/tantrade.ee\/#website","url":"https:\/\/tantrade.ee\/","name":"Tantrade Veebipood","description":"E-shop","publisher":{"@id":"https:\/\/tantrade.ee\/#organization"},"potentialAction":[{"@type":"SearchAction","target":{"@type":"EntryPoint","urlTemplate":"https:\/\/tantrade.ee\/?s={search_term_string}"},"query-input":{"@type":"PropertyValueSpecification","valueRequired":true,"valueName":"search_term_string"}}],"inLanguage":"en-GB"},{"@type":"Organization","@id":"https:\/\/tantrade.ee\/#organization","name":"Tantrade O\u00dc","url":"https:\/\/tantrade.ee\/","logo":{"@type":"ImageObject","inLanguage":"en-GB","@id":"https:\/\/tantrade.ee\/#\/schema\/logo\/image\/","url":"https:\/\/tantrade.ee\/wp-content\/uploads\/2023\/12\/Tantrade_logo.png","contentUrl":"https:\/\/tantrade.ee\/wp-content\/uploads\/2023\/12\/Tantrade_logo.png","width":350,"height":338,"caption":"Tantrade O\u00dc"},"image":{"@id":"https:\/\/tantrade.ee\/#\/schema\/logo\/image\/"}}]}},"_links":{"self":[{"href":"https:\/\/tantrade.ee\/en\/wp-json\/wp\/v2\/product\/226429","targetHints":{"allow":["GET"]}}],"collection":[{"href":"https:\/\/tantrade.ee\/en\/wp-json\/wp\/v2\/product"}],"about":[{"href":"https:\/\/tantrade.ee\/en\/wp-json\/wp\/v2\/types\/product"}],"replies":[{"embeddable":true,"href":"https:\/\/tantrade.ee\/en\/wp-json\/wp\/v2\/comments?post=226429"}],"wp:featuredmedia":[{"embeddable":true,"href":"https:\/\/tantrade.ee\/en\/wp-json\/wp\/v2\/media\/226430"}],"wp:attachment":[{"href":"https:\/\/tantrade.ee\/en\/wp-json\/wp\/v2\/media?parent=226429"}],"wp:term":[{"taxonomy":"product_brand","embeddable":true,"href":"https:\/\/tantrade.ee\/en\/wp-json\/wp\/v2\/product_brand?post=226429"},{"taxonomy":"product_cat","embeddable":true,"href":"https:\/\/tantrade.ee\/en\/wp-json\/wp\/v2\/product_cat?post=226429"},{"taxonomy":"product_tag","embeddable":true,"href":"https:\/\/tantrade.ee\/en\/wp-json\/wp\/v2\/product_tag?post=226429"}],"curies":[{"name":"wp","href":"https:\/\/api.w.org\/{rel}","templated":true}]}}