{"id":226442,"date":"2026-04-17T11:51:39","date_gmt":"2026-04-17T11:51:39","guid":{"rendered":"https:\/\/tantrade.ee\/?post_type=product&#038;p=226442"},"modified":"2026-04-17T11:55:24","modified_gmt":"2026-04-17T11:55:24","slug":"sokolaadikaste-green-leaf-90g","status":"publish","type":"product","link":"https:\/\/tantrade.ee\/en\/product\/sokolaadikaste-green-leaf-90g\/","title":{"rendered":"Chocolate topping GREEN LEAF, 90g"},"content":{"rendered":"<p>An incredibly chocolatey and healthy topping with stevia. All healthy eating enthusiasts can enjoy this chocolate masterpiece.<\/p>\n<p>This refined dessert contains no added sugar or lactose and is suitable for vegans. It is an ideal choice for those who limit sugar or dairy intake or struggle with excess weight. The sauce adds a unique aroma and rich chocolate taste to any dish, making it an excellent and healthier option for the whole family. Enjoy GREEN LEAF chocolate sauce without limits.<\/p>","protected":false},"excerpt":{"rendered":"<p>Chocolate topping with sweet stevia<\/p>","protected":false},"featured_media":226443,"comment_status":"open","ping_status":"closed","template":"","meta":{"_acf_changed":false},"product_brand":[124],"product_cat":[168,42],"product_tag":[],"class_list":{"0":"post-226442","1":"product","2":"type-product","3":"status-publish","4":"has-post-thumbnail","6":"product_brand-green-leaf","7":"product_cat-suhkruvabad","8":"product_cat-kondiitritooted","10":"first","11":"instock","12":"taxable","13":"shipping-taxable","14":"purchasable","15":"product-type-simple"},"acf":[],"yoast_head":"<!-- This site is optimized with the Yoast SEO plugin v26.9 - https:\/\/yoast.com\/product\/yoast-seo-wordpress\/ -->\n<title>Chocolate topping GREEN LEAF, 90g - Tantrade<\/title>\n<meta name=\"description\" content=\"Suhkruvaba \u0161okolaadikaste steeviaga. Vegan ja laktoosivaba topping rikkaliku \u0161okolaadimaitsega dessertidele, pannkookidele ja hommikus\u00f6\u00f6gile.\" \/>\n<meta name=\"robots\" content=\"index, follow, max-snippet:-1, max-image-preview:large, max-video-preview:-1\" \/>\n<link rel=\"canonical\" href=\"https:\/\/tantrade.ee\/en\/product\/sokolaadikaste-green-leaf-90g\/\" \/>\n<meta property=\"og:locale\" content=\"en_GB\" \/>\n<meta property=\"og:type\" content=\"article\" \/>\n<meta property=\"og:title\" content=\"Chocolate topping GREEN LEAF, 90g - Tantrade\" \/>\n<meta property=\"og:description\" content=\"Suhkruvaba \u0161okolaadikaste steeviaga. Vegan ja laktoosivaba topping rikkaliku \u0161okolaadimaitsega dessertidele, pannkookidele ja hommikus\u00f6\u00f6gile.\" \/>\n<meta property=\"og:url\" content=\"https:\/\/tantrade.ee\/en\/product\/sokolaadikaste-green-leaf-90g\/\" \/>\n<meta property=\"og:site_name\" content=\"Tantrade\" \/>\n<meta property=\"article:modified_time\" content=\"2026-04-17T11:55:24+00:00\" \/>\n<meta property=\"og:image\" content=\"https:\/\/tantrade.ee\/wp-content\/uploads\/2026\/04\/3d_toppingchocolate_white_fon-3-768x768-1.webp\" \/>\n\t<meta property=\"og:image:width\" content=\"768\" \/>\n\t<meta property=\"og:image:height\" content=\"768\" \/>\n\t<meta property=\"og:image:type\" content=\"image\/webp\" \/>\n<meta name=\"twitter:card\" content=\"summary_large_image\" \/>\n<meta name=\"twitter:label1\" content=\"Estimated reading time\" \/>\n\t<meta name=\"twitter:data1\" content=\"1 minute\" \/>\n<script type=\"application\/ld+json\" class=\"yoast-schema-graph\">{\"@context\":\"https:\/\/schema.org\",\"@graph\":[{\"@type\":\"WebPage\",\"@id\":\"https:\/\/tantrade.ee\/toode\/sokolaadikaste-green-leaf-90g\/\",\"url\":\"https:\/\/tantrade.ee\/toode\/sokolaadikaste-green-leaf-90g\/\",\"name\":\"Chocolate topping GREEN LEAF, 90g - Tantrade\",\"isPartOf\":{\"@id\":\"https:\/\/tantrade.ee\/#website\"},\"primaryImageOfPage\":{\"@id\":\"https:\/\/tantrade.ee\/toode\/sokolaadikaste-green-leaf-90g\/#primaryimage\"},\"image\":{\"@id\":\"https:\/\/tantrade.ee\/toode\/sokolaadikaste-green-leaf-90g\/#primaryimage\"},\"thumbnailUrl\":\"https:\/\/tantrade.ee\/wp-content\/uploads\/2026\/04\/3d_toppingchocolate_white_fon-3-768x768-1.webp\",\"datePublished\":\"2026-04-17T11:51:39+00:00\",\"dateModified\":\"2026-04-17T11:55:24+00:00\",\"description\":\"Suhkruvaba \u0161okolaadikaste steeviaga. Vegan ja laktoosivaba topping rikkaliku \u0161okolaadimaitsega dessertidele, pannkookidele ja hommikus\u00f6\u00f6gile.\",\"breadcrumb\":{\"@id\":\"https:\/\/tantrade.ee\/toode\/sokolaadikaste-green-leaf-90g\/#breadcrumb\"},\"inLanguage\":\"en-GB\",\"potentialAction\":[{\"@type\":\"ReadAction\",\"target\":[\"https:\/\/tantrade.ee\/toode\/sokolaadikaste-green-leaf-90g\/\"]}]},{\"@type\":\"ImageObject\",\"inLanguage\":\"en-GB\",\"@id\":\"https:\/\/tantrade.ee\/toode\/sokolaadikaste-green-leaf-90g\/#primaryimage\",\"url\":\"https:\/\/tantrade.ee\/wp-content\/uploads\/2026\/04\/3d_toppingchocolate_white_fon-3-768x768-1.webp\",\"contentUrl\":\"https:\/\/tantrade.ee\/wp-content\/uploads\/2026\/04\/3d_toppingchocolate_white_fon-3-768x768-1.webp\",\"width\":768,\"height\":768},{\"@type\":\"BreadcrumbList\",\"@id\":\"https:\/\/tantrade.ee\/toode\/sokolaadikaste-green-leaf-90g\/#breadcrumb\",\"itemListElement\":[{\"@type\":\"ListItem\",\"position\":1,\"name\":\"Home\",\"item\":\"https:\/\/tantrade.ee\/\"},{\"@type\":\"ListItem\",\"position\":2,\"name\":\"E-pood\",\"item\":\"https:\/\/tantrade.ee\/ru\/e-pood\/\"},{\"@type\":\"ListItem\",\"position\":3,\"name\":\"Chocolate topping GREEN LEAF, 90g\"}]},{\"@type\":\"WebSite\",\"@id\":\"https:\/\/tantrade.ee\/#website\",\"url\":\"https:\/\/tantrade.ee\/\",\"name\":\"Tantrade Veebipood\",\"description\":\"E-pood\",\"publisher\":{\"@id\":\"https:\/\/tantrade.ee\/#organization\"},\"potentialAction\":[{\"@type\":\"SearchAction\",\"target\":{\"@type\":\"EntryPoint\",\"urlTemplate\":\"https:\/\/tantrade.ee\/?s={search_term_string}\"},\"query-input\":{\"@type\":\"PropertyValueSpecification\",\"valueRequired\":true,\"valueName\":\"search_term_string\"}}],\"inLanguage\":\"en-GB\"},{\"@type\":\"Organization\",\"@id\":\"https:\/\/tantrade.ee\/#organization\",\"name\":\"Tantrade O\u00dc\",\"url\":\"https:\/\/tantrade.ee\/\",\"logo\":{\"@type\":\"ImageObject\",\"inLanguage\":\"en-GB\",\"@id\":\"https:\/\/tantrade.ee\/#\/schema\/logo\/image\/\",\"url\":\"https:\/\/tantrade.ee\/wp-content\/uploads\/2023\/12\/Tantrade_logo.png\",\"contentUrl\":\"https:\/\/tantrade.ee\/wp-content\/uploads\/2023\/12\/Tantrade_logo.png\",\"width\":350,\"height\":338,\"caption\":\"Tantrade O\u00dc\"},\"image\":{\"@id\":\"https:\/\/tantrade.ee\/#\/schema\/logo\/image\/\"}}]}<\/script>\n<!-- \/ Yoast SEO plugin. -->","yoast_head_json":{"title":"Chocolate topping GREEN LEAF, 90g - Tantrade","description":"Sugar-free chocolate sauce with stevia. A vegan and lactose-free topping with a rich chocolate taste for desserts, pancakes, and breakfasts.","robots":{"index":"index","follow":"follow","max-snippet":"max-snippet:-1","max-image-preview":"max-image-preview:large","max-video-preview":"max-video-preview:-1"},"canonical":"https:\/\/tantrade.ee\/en\/product\/sokolaadikaste-green-leaf-90g\/","og_locale":"en_GB","og_type":"article","og_title":"Chocolate topping GREEN LEAF, 90g - Tantrade","og_description":"Suhkruvaba \u0161okolaadikaste steeviaga. Vegan ja laktoosivaba topping rikkaliku \u0161okolaadimaitsega dessertidele, pannkookidele ja hommikus\u00f6\u00f6gile.","og_url":"https:\/\/tantrade.ee\/en\/product\/sokolaadikaste-green-leaf-90g\/","og_site_name":"Tantrade","article_modified_time":"2026-04-17T11:55:24+00:00","og_image":[{"width":768,"height":768,"url":"https:\/\/tantrade.ee\/wp-content\/uploads\/2026\/04\/3d_toppingchocolate_white_fon-3-768x768-1.webp","type":"image\/webp"}],"twitter_card":"summary_large_image","twitter_misc":{"Estimated reading time":"1 minute"},"schema":{"@context":"https:\/\/schema.org","@graph":[{"@type":"WebPage","@id":"https:\/\/tantrade.ee\/toode\/sokolaadikaste-green-leaf-90g\/","url":"https:\/\/tantrade.ee\/toode\/sokolaadikaste-green-leaf-90g\/","name":"Chocolate topping GREEN LEAF, 90g - Tantrade","isPartOf":{"@id":"https:\/\/tantrade.ee\/#website"},"primaryImageOfPage":{"@id":"https:\/\/tantrade.ee\/toode\/sokolaadikaste-green-leaf-90g\/#primaryimage"},"image":{"@id":"https:\/\/tantrade.ee\/toode\/sokolaadikaste-green-leaf-90g\/#primaryimage"},"thumbnailUrl":"https:\/\/tantrade.ee\/wp-content\/uploads\/2026\/04\/3d_toppingchocolate_white_fon-3-768x768-1.webp","datePublished":"2026-04-17T11:51:39+00:00","dateModified":"2026-04-17T11:55:24+00:00","description":"Sugar-free chocolate sauce with stevia. A vegan and lactose-free topping with a rich chocolate taste for desserts, pancakes, and breakfasts.","breadcrumb":{"@id":"https:\/\/tantrade.ee\/toode\/sokolaadikaste-green-leaf-90g\/#breadcrumb"},"inLanguage":"en-GB","potentialAction":[{"@type":"ReadAction","target":["https:\/\/tantrade.ee\/toode\/sokolaadikaste-green-leaf-90g\/"]}]},{"@type":"ImageObject","inLanguage":"en-GB","@id":"https:\/\/tantrade.ee\/toode\/sokolaadikaste-green-leaf-90g\/#primaryimage","url":"https:\/\/tantrade.ee\/wp-content\/uploads\/2026\/04\/3d_toppingchocolate_white_fon-3-768x768-1.webp","contentUrl":"https:\/\/tantrade.ee\/wp-content\/uploads\/2026\/04\/3d_toppingchocolate_white_fon-3-768x768-1.webp","width":768,"height":768},{"@type":"BreadcrumbList","@id":"https:\/\/tantrade.ee\/toode\/sokolaadikaste-green-leaf-90g\/#breadcrumb","itemListElement":[{"@type":"ListItem","position":1,"name":"Home","item":"https:\/\/tantrade.ee\/"},{"@type":"ListItem","position":2,"name":"E-pood","item":"https:\/\/tantrade.ee\/ru\/e-pood\/"},{"@type":"ListItem","position":3,"name":"Chocolate topping GREEN LEAF, 90g"}]},{"@type":"WebSite","@id":"https:\/\/tantrade.ee\/#website","url":"https:\/\/tantrade.ee\/","name":"Tantrade Veebipood","description":"E-shop","publisher":{"@id":"https:\/\/tantrade.ee\/#organization"},"potentialAction":[{"@type":"SearchAction","target":{"@type":"EntryPoint","urlTemplate":"https:\/\/tantrade.ee\/?s={search_term_string}"},"query-input":{"@type":"PropertyValueSpecification","valueRequired":true,"valueName":"search_term_string"}}],"inLanguage":"en-GB"},{"@type":"Organization","@id":"https:\/\/tantrade.ee\/#organization","name":"Tantrade O\u00dc","url":"https:\/\/tantrade.ee\/","logo":{"@type":"ImageObject","inLanguage":"en-GB","@id":"https:\/\/tantrade.ee\/#\/schema\/logo\/image\/","url":"https:\/\/tantrade.ee\/wp-content\/uploads\/2023\/12\/Tantrade_logo.png","contentUrl":"https:\/\/tantrade.ee\/wp-content\/uploads\/2023\/12\/Tantrade_logo.png","width":350,"height":338,"caption":"Tantrade O\u00dc"},"image":{"@id":"https:\/\/tantrade.ee\/#\/schema\/logo\/image\/"}}]}},"_links":{"self":[{"href":"https:\/\/tantrade.ee\/en\/wp-json\/wp\/v2\/product\/226442","targetHints":{"allow":["GET"]}}],"collection":[{"href":"https:\/\/tantrade.ee\/en\/wp-json\/wp\/v2\/product"}],"about":[{"href":"https:\/\/tantrade.ee\/en\/wp-json\/wp\/v2\/types\/product"}],"replies":[{"embeddable":true,"href":"https:\/\/tantrade.ee\/en\/wp-json\/wp\/v2\/comments?post=226442"}],"wp:featuredmedia":[{"embeddable":true,"href":"https:\/\/tantrade.ee\/en\/wp-json\/wp\/v2\/media\/226443"}],"wp:attachment":[{"href":"https:\/\/tantrade.ee\/en\/wp-json\/wp\/v2\/media?parent=226442"}],"wp:term":[{"taxonomy":"product_brand","embeddable":true,"href":"https:\/\/tantrade.ee\/en\/wp-json\/wp\/v2\/product_brand?post=226442"},{"taxonomy":"product_cat","embeddable":true,"href":"https:\/\/tantrade.ee\/en\/wp-json\/wp\/v2\/product_cat?post=226442"},{"taxonomy":"product_tag","embeddable":true,"href":"https:\/\/tantrade.ee\/en\/wp-json\/wp\/v2\/product_tag?post=226442"}],"curies":[{"name":"wp","href":"https:\/\/api.w.org\/{rel}","templated":true}]}}