{"id":225970,"date":"2024-10-24T20:31:45","date_gmt":"2024-10-24T20:31:45","guid":{"rendered":"https:\/\/tantrade.ee\/?post_type=product&#038;p=225970"},"modified":"2026-02-18T17:58:35","modified_gmt":"2026-02-18T17:58:35","slug":"kingitus-ploom-ja-aprikoos","status":"publish","type":"product","link":"https:\/\/tantrade.ee\/ru\/product\/kingitus-ploom-ja-aprikoos\/","title":{"rendered":"\u041f\u043e\u0434\u0430\u0440\u043e\u043a \"\u0421\u043b\u0438\u0432\u0430 \u0438 \u0430\u0431\u0440\u0438\u043a\u043e\u0441\""},"content":{"rendered":"<p>Komplekt sisaldab:<br \/>\n\u2022\tTee Battler, Sri Lanka English Breakfast (20 tk x 2 g)<br \/>\n\u2022\tKuivatatud puuviljad \u0161okolaadikattega: ploom kreekap\u00e4hklitega ja aprikoos kreekap\u00e4hklitega (350 g)<br \/>\nAvastage meie ainulaadne kingitus, mis toob erilistele hetkedele magusust ja maitset!<br \/>\nTee Battler Sri Lanka English Breakfast \u2014 t\u00e4iuslik must tee, mis annab teile hommikul energiat ja soojust.<br \/>\nKuivatatud puuviljad \u0161okolaadikattega: ploom kreekap\u00e4hklitega ja aprikoos kreekap\u00e4hklitega  delikaatsed, rikkaliku maitsega maiustused, mis on kaunistatud kvaliteetse \u0161okolaadiga.<br \/>\nIga suut\u00e4is toob esile eksootilised maitsed ja pakub suurep\u00e4rast v\u00f5imalust nautida tervislikke ja maitsvaid maiustusi.<br \/>\nSobib suurep\u00e4raselt kingituseks v\u00f5i lihtsalt enda hellitamiseks!<\/p>","protected":false},"excerpt":{"rendered":"<p>\u0421\u0443\u0445\u043e\u0444\u0440\u0443\u043a\u0442\u044b \u0432 \u0448\u043e\u043a\u043e\u043b\u0430\u0434\u043d\u043e\u0439 \u0433\u043b\u0430\u0437\u0443\u0440\u0438 *\u0421\u043b\u0438\u0432\u0430 \u0438 \u0430\u0431\u0440\u0438\u043a\u043e\u0441* 350 \u0433.<\/p>","protected":false},"featured_media":225991,"comment_status":"open","ping_status":"closed","template":"","meta":{"_acf_changed":false},"product_brand":[120,142],"product_cat":[20,155,153,42,148,147,159],"product_tag":[79,78],"class_list":{"0":"post-225970","1":"product","2":"type-product","3":"status-publish","4":"has-post-thumbnail","6":"product_brand-ametist-plus","7":"product_brand-battler","8":"product_cat-tee","9":"product_cat-must-tee","10":"product_cat-kinkepakendis-tee","11":"product_cat-kondiitritooted","12":"product_cat-puuviljad-glasuuris","13":"product_cat-kommid","14":"product_cat-kingituseks","15":"product_tag-kinkepakendis-kommid","16":"product_tag-kinkepakendis-tee","18":"first","19":"instock","20":"taxable","21":"shipping-taxable","22":"purchasable","23":"product-type-simple"},"acf":[],"yoast_head":"<!-- This site is optimized with the Yoast SEO plugin v26.9 - https:\/\/yoast.com\/product\/yoast-seo-wordpress\/ -->\n<title>Kingitus &quot;Ploom ja Aprikoos&quot; - Tantrade<\/title>\n<meta name=\"robots\" content=\"index, follow, max-snippet:-1, max-image-preview:large, max-video-preview:-1\" \/>\n<link rel=\"canonical\" href=\"https:\/\/tantrade.ee\/ru\/product\/kingitus-ploom-ja-aprikoos\/\" \/>\n<meta property=\"og:locale\" content=\"ru_RU\" \/>\n<meta property=\"og:type\" content=\"article\" \/>\n<meta property=\"og:title\" content=\"Kingitus &quot;Ploom ja Aprikoos&quot; - Tantrade\" \/>\n<meta property=\"og:description\" content=\"Kuivatatud puuviljad \u0161okolaadikattega *Ploom ja Aprikoos* 350g\" \/>\n<meta property=\"og:url\" content=\"https:\/\/tantrade.ee\/ru\/product\/kingitus-ploom-ja-aprikoos\/\" \/>\n<meta property=\"og:site_name\" content=\"Tantrade\" \/>\n<meta property=\"article:modified_time\" content=\"2026-02-18T17:58:35+00:00\" \/>\n<meta property=\"og:image\" content=\"https:\/\/tantrade.ee\/wp-content\/uploads\/2024\/10\/Batler-1-Photoroom-Photoroom-korras.jpg\" \/>\n\t<meta property=\"og:image:width\" content=\"1600\" \/>\n\t<meta property=\"og:image:height\" content=\"2000\" \/>\n\t<meta property=\"og:image:type\" content=\"image\/jpeg\" \/>\n<meta name=\"twitter:card\" content=\"summary_large_image\" \/>\n<meta name=\"twitter:label1\" content=\"\u041f\u0440\u0438\u043c\u0435\u0440\u043d\u043e\u0435 \u0432\u0440\u0435\u043c\u044f \u0434\u043b\u044f \u0447\u0442\u0435\u043d\u0438\u044f\" \/>\n\t<meta name=\"twitter:data1\" content=\"1 \u043c\u0438\u043d\u0443\u0442\u0430\" \/>\n<script type=\"application\/ld+json\" class=\"yoast-schema-graph\">{\"@context\":\"https:\/\/schema.org\",\"@graph\":[{\"@type\":\"WebPage\",\"@id\":\"https:\/\/tantrade.ee\/toode\/kingitus-ploom-ja-aprikoos\/\",\"url\":\"https:\/\/tantrade.ee\/toode\/kingitus-ploom-ja-aprikoos\/\",\"name\":\"Kingitus \\\"Ploom ja Aprikoos\\\" - Tantrade\",\"isPartOf\":{\"@id\":\"https:\/\/tantrade.ee\/#website\"},\"primaryImageOfPage\":{\"@id\":\"https:\/\/tantrade.ee\/toode\/kingitus-ploom-ja-aprikoos\/#primaryimage\"},\"image\":{\"@id\":\"https:\/\/tantrade.ee\/toode\/kingitus-ploom-ja-aprikoos\/#primaryimage\"},\"thumbnailUrl\":\"https:\/\/tantrade.ee\/wp-content\/uploads\/2024\/10\/Batler-1-Photoroom-Photoroom-korras.jpg\",\"datePublished\":\"2024-10-24T20:31:45+00:00\",\"dateModified\":\"2026-02-18T17:58:35+00:00\",\"breadcrumb\":{\"@id\":\"https:\/\/tantrade.ee\/toode\/kingitus-ploom-ja-aprikoos\/#breadcrumb\"},\"inLanguage\":\"ru-RU\",\"potentialAction\":[{\"@type\":\"ReadAction\",\"target\":[\"https:\/\/tantrade.ee\/toode\/kingitus-ploom-ja-aprikoos\/\"]}]},{\"@type\":\"ImageObject\",\"inLanguage\":\"ru-RU\",\"@id\":\"https:\/\/tantrade.ee\/toode\/kingitus-ploom-ja-aprikoos\/#primaryimage\",\"url\":\"https:\/\/tantrade.ee\/wp-content\/uploads\/2024\/10\/Batler-1-Photoroom-Photoroom-korras.jpg\",\"contentUrl\":\"https:\/\/tantrade.ee\/wp-content\/uploads\/2024\/10\/Batler-1-Photoroom-Photoroom-korras.jpg\",\"width\":1600,\"height\":2000},{\"@type\":\"BreadcrumbList\",\"@id\":\"https:\/\/tantrade.ee\/toode\/kingitus-ploom-ja-aprikoos\/#breadcrumb\",\"itemListElement\":[{\"@type\":\"ListItem\",\"position\":1,\"name\":\"Home\",\"item\":\"https:\/\/tantrade.ee\/\"},{\"@type\":\"ListItem\",\"position\":2,\"name\":\"E-pood\",\"item\":\"https:\/\/tantrade.ee\/ru\/e-pood\/\"},{\"@type\":\"ListItem\",\"position\":3,\"name\":\"Kingitus \\\"Ploom ja Aprikoos\\\"\"}]},{\"@type\":\"WebSite\",\"@id\":\"https:\/\/tantrade.ee\/#website\",\"url\":\"https:\/\/tantrade.ee\/\",\"name\":\"Tantrade Veebipood\",\"description\":\"E-pood\",\"publisher\":{\"@id\":\"https:\/\/tantrade.ee\/#organization\"},\"potentialAction\":[{\"@type\":\"SearchAction\",\"target\":{\"@type\":\"EntryPoint\",\"urlTemplate\":\"https:\/\/tantrade.ee\/?s={search_term_string}\"},\"query-input\":{\"@type\":\"PropertyValueSpecification\",\"valueRequired\":true,\"valueName\":\"search_term_string\"}}],\"inLanguage\":\"ru-RU\"},{\"@type\":\"Organization\",\"@id\":\"https:\/\/tantrade.ee\/#organization\",\"name\":\"Tantrade O\u00dc\",\"url\":\"https:\/\/tantrade.ee\/\",\"logo\":{\"@type\":\"ImageObject\",\"inLanguage\":\"ru-RU\",\"@id\":\"https:\/\/tantrade.ee\/#\/schema\/logo\/image\/\",\"url\":\"https:\/\/tantrade.ee\/wp-content\/uploads\/2023\/12\/Tantrade_logo.png\",\"contentUrl\":\"https:\/\/tantrade.ee\/wp-content\/uploads\/2023\/12\/Tantrade_logo.png\",\"width\":350,\"height\":338,\"caption\":\"Tantrade O\u00dc\"},\"image\":{\"@id\":\"https:\/\/tantrade.ee\/#\/schema\/logo\/image\/\"}}]}<\/script>\n<!-- \/ Yoast SEO plugin. -->","yoast_head_json":{"title":"Kingitus \"Ploom ja Aprikoos\" - Tantrade","robots":{"index":"index","follow":"follow","max-snippet":"max-snippet:-1","max-image-preview":"max-image-preview:large","max-video-preview":"max-video-preview:-1"},"canonical":"https:\/\/tantrade.ee\/ru\/product\/kingitus-ploom-ja-aprikoos\/","og_locale":"ru_RU","og_type":"article","og_title":"Kingitus \"Ploom ja Aprikoos\" - Tantrade","og_description":"Kuivatatud puuviljad \u0161okolaadikattega *Ploom ja Aprikoos* 350g","og_url":"https:\/\/tantrade.ee\/ru\/product\/kingitus-ploom-ja-aprikoos\/","og_site_name":"Tantrade","article_modified_time":"2026-02-18T17:58:35+00:00","og_image":[{"width":1600,"height":2000,"url":"https:\/\/tantrade.ee\/wp-content\/uploads\/2024\/10\/Batler-1-Photoroom-Photoroom-korras.jpg","type":"image\/jpeg"}],"twitter_card":"summary_large_image","twitter_misc":{"\u041f\u0440\u0438\u043c\u0435\u0440\u043d\u043e\u0435 \u0432\u0440\u0435\u043c\u044f \u0434\u043b\u044f \u0447\u0442\u0435\u043d\u0438\u044f":"1 \u043c\u0438\u043d\u0443\u0442\u0430"},"schema":{"@context":"https:\/\/schema.org","@graph":[{"@type":"WebPage","@id":"https:\/\/tantrade.ee\/toode\/kingitus-ploom-ja-aprikoos\/","url":"https:\/\/tantrade.ee\/toode\/kingitus-ploom-ja-aprikoos\/","name":"Kingitus \"Ploom ja Aprikoos\" - Tantrade","isPartOf":{"@id":"https:\/\/tantrade.ee\/#website"},"primaryImageOfPage":{"@id":"https:\/\/tantrade.ee\/toode\/kingitus-ploom-ja-aprikoos\/#primaryimage"},"image":{"@id":"https:\/\/tantrade.ee\/toode\/kingitus-ploom-ja-aprikoos\/#primaryimage"},"thumbnailUrl":"https:\/\/tantrade.ee\/wp-content\/uploads\/2024\/10\/Batler-1-Photoroom-Photoroom-korras.jpg","datePublished":"2024-10-24T20:31:45+00:00","dateModified":"2026-02-18T17:58:35+00:00","breadcrumb":{"@id":"https:\/\/tantrade.ee\/toode\/kingitus-ploom-ja-aprikoos\/#breadcrumb"},"inLanguage":"ru-RU","potentialAction":[{"@type":"ReadAction","target":["https:\/\/tantrade.ee\/toode\/kingitus-ploom-ja-aprikoos\/"]}]},{"@type":"ImageObject","inLanguage":"ru-RU","@id":"https:\/\/tantrade.ee\/toode\/kingitus-ploom-ja-aprikoos\/#primaryimage","url":"https:\/\/tantrade.ee\/wp-content\/uploads\/2024\/10\/Batler-1-Photoroom-Photoroom-korras.jpg","contentUrl":"https:\/\/tantrade.ee\/wp-content\/uploads\/2024\/10\/Batler-1-Photoroom-Photoroom-korras.jpg","width":1600,"height":2000},{"@type":"BreadcrumbList","@id":"https:\/\/tantrade.ee\/toode\/kingitus-ploom-ja-aprikoos\/#breadcrumb","itemListElement":[{"@type":"ListItem","position":1,"name":"Home","item":"https:\/\/tantrade.ee\/"},{"@type":"ListItem","position":2,"name":"E-pood","item":"https:\/\/tantrade.ee\/ru\/e-pood\/"},{"@type":"ListItem","position":3,"name":"Kingitus \"Ploom ja Aprikoos\""}]},{"@type":"WebSite","@id":"https:\/\/tantrade.ee\/#website","url":"https:\/\/tantrade.ee\/","name":"Tantrade Veebipood","description":"\u041c\u0430\u0433\u0430\u0437\u0438\u043d","publisher":{"@id":"https:\/\/tantrade.ee\/#organization"},"potentialAction":[{"@type":"SearchAction","target":{"@type":"EntryPoint","urlTemplate":"https:\/\/tantrade.ee\/?s={search_term_string}"},"query-input":{"@type":"PropertyValueSpecification","valueRequired":true,"valueName":"search_term_string"}}],"inLanguage":"ru-RU"},{"@type":"Organization","@id":"https:\/\/tantrade.ee\/#organization","name":"Tantrade O\u00dc","url":"https:\/\/tantrade.ee\/","logo":{"@type":"ImageObject","inLanguage":"ru-RU","@id":"https:\/\/tantrade.ee\/#\/schema\/logo\/image\/","url":"https:\/\/tantrade.ee\/wp-content\/uploads\/2023\/12\/Tantrade_logo.png","contentUrl":"https:\/\/tantrade.ee\/wp-content\/uploads\/2023\/12\/Tantrade_logo.png","width":350,"height":338,"caption":"Tantrade O\u00dc"},"image":{"@id":"https:\/\/tantrade.ee\/#\/schema\/logo\/image\/"}}]}},"_links":{"self":[{"href":"https:\/\/tantrade.ee\/ru\/wp-json\/wp\/v2\/product\/225970","targetHints":{"allow":["GET"]}}],"collection":[{"href":"https:\/\/tantrade.ee\/ru\/wp-json\/wp\/v2\/product"}],"about":[{"href":"https:\/\/tantrade.ee\/ru\/wp-json\/wp\/v2\/types\/product"}],"replies":[{"embeddable":true,"href":"https:\/\/tantrade.ee\/ru\/wp-json\/wp\/v2\/comments?post=225970"}],"wp:featuredmedia":[{"embeddable":true,"href":"https:\/\/tantrade.ee\/ru\/wp-json\/wp\/v2\/media\/225991"}],"wp:attachment":[{"href":"https:\/\/tantrade.ee\/ru\/wp-json\/wp\/v2\/media?parent=225970"}],"wp:term":[{"taxonomy":"product_brand","embeddable":true,"href":"https:\/\/tantrade.ee\/ru\/wp-json\/wp\/v2\/product_brand?post=225970"},{"taxonomy":"product_cat","embeddable":true,"href":"https:\/\/tantrade.ee\/ru\/wp-json\/wp\/v2\/product_cat?post=225970"},{"taxonomy":"product_tag","embeddable":true,"href":"https:\/\/tantrade.ee\/ru\/wp-json\/wp\/v2\/product_tag?post=225970"}],"curies":[{"name":"wp","href":"https:\/\/api.w.org\/{rel}","templated":true}]}}