{"id":226269,"date":"2026-03-18T17:08:01","date_gmt":"2026-03-18T17:08:01","guid":{"rendered":"https:\/\/tantrade.ee\/?post_type=product&#038;p=226269"},"modified":"2026-03-18T17:08:02","modified_gmt":"2026-03-18T17:08:02","slug":"mr-biguin-crispy","status":"publish","type":"product","link":"https:\/\/tantrade.ee\/ru\/product\/mr-biguin-crispy\/","title":{"rendered":"Mr.BIGuin Crispy"},"content":{"rendered":"<p>Mr. BIGuin Crispy \u2014 \u044d\u0442\u043e \u043d\u0435\u0436\u043d\u044b\u0435 \u0448\u043e\u043a\u043e\u043b\u0430\u0434\u043d\u044b\u0435 \u043a\u043e\u043d\u0444\u0435\u0442\u044b \u0441 \u0445\u0440\u0443\u0441\u0442\u044f\u0449\u0438\u043c\u0438 \u0437\u043b\u0430\u043a\u043e\u0432\u044b\u043c\u0438 \u0448\u0430\u0440\u0438\u043a\u0430\u043c\u0438 \u0438 \u043c\u044f\u0433\u043a\u043e\u0439 \u043c\u043e\u043b\u043e\u0447\u043d\u043e-\u043a\u0430\u0440\u0430\u043c\u0435\u043b\u044c\u043d\u043e\u0439 \u043d\u0430\u0447\u0438\u043d\u043a\u043e\u0439. \u041a\u043e\u043d\u0442\u0440\u0430\u0441\u0442 \u0432\u043e\u0437\u0434\u0443\u0448\u043d\u043e\u0433\u043e \u0445\u0440\u0443\u0441\u0442\u0430 \u0438 \u0433\u043b\u0430\u0434\u043a\u043e\u0433\u043e \u0441\u043b\u0438\u0432\u043e\u0447\u043d\u043e-\u043a\u0430\u0440\u0430\u043c\u0435\u043b\u044c\u043d\u043e\u0433\u043e \u0446\u0435\u043d\u0442\u0440\u0430 \u0434\u0435\u043b\u0430\u0435\u0442 \u0432\u043a\u0443\u0441 \u0431\u043e\u043b\u0435\u0435 \u043e\u0431\u044a\u0451\u043c\u043d\u044b\u043c \u0438 \u0438\u043d\u0442\u0435\u0440\u0435\u0441\u043d\u044b\u043c. \u0425\u043e\u0440\u043e\u0448\u0438\u0439 \u0432\u0430\u0440\u0438\u0430\u043d\u0442 \u0434\u043b\u044f \u0442\u0435\u0445, \u043a\u0442\u043e \u043b\u044e\u0431\u0438\u0442 \u043d\u0435 \u043f\u0440\u043e\u0441\u0442\u043e \u0441\u043b\u0430\u0434\u043e\u0441\u0442\u044c, \u0430 \u0441\u043e\u0447\u0435\u0442\u0430\u043d\u0438\u0435 \u0442\u0435\u043a\u0441\u0442\u0443\u0440 \u0432 \u043e\u0434\u043d\u043e\u043c \u0443\u043a\u0443\u0441\u0435.<\/p>","protected":false},"excerpt":{"rendered":"<p>\u0425\u0440\u0443\u0441\u0442\u044f\u0449\u0438\u0435 \u0448\u043e\u043a\u043e\u043b\u0430\u0434\u043d\u044b\u0435 \u043a\u043e\u043d\u0444\u0435\u0442\u044b \u0441 \u043c\u043e\u043b\u043e\u0447\u043d\u043e-\u043a\u0430\u0440\u0430\u043c\u0435\u043b\u044c\u043d\u043e\u0439 \u043d\u0430\u0447\u0438\u043d\u043a\u043e\u0439<\/p>","protected":false},"featured_media":226272,"comment_status":"open","ping_status":"closed","template":"","meta":{"_acf_changed":false},"product_brand":[128,125],"product_cat":[42,147],"product_tag":[],"class_list":{"0":"post-226269","1":"product","2":"type-product","3":"status-publish","4":"has-post-thumbnail","6":"product_brand-avk","7":"product_brand-biguin","8":"product_cat-kondiitritooted","9":"product_cat-kommid","11":"first","12":"instock","13":"taxable","14":"shipping-taxable","15":"purchasable","16":"product-type-variable"},"acf":[],"yoast_head":"<!-- This site is optimized with the Yoast SEO plugin v26.9 - https:\/\/yoast.com\/product\/yoast-seo-wordpress\/ -->\n<title>Mr.BIGuin Crispy - Tantrade<\/title>\n<meta name=\"description\" content=\"Mr. BIGuin Crispy on \u00f5rnad \u0161okolaadikommid kr\u00f5bedate teraviljakr\u00f5psude ja pehme piima-karamellit\u00e4idisega. \u00d5huline kr\u00f5mps ning siidine karamelline sisu!\" \/>\n<meta name=\"robots\" content=\"index, follow, max-snippet:-1, max-image-preview:large, max-video-preview:-1\" \/>\n<link rel=\"canonical\" href=\"https:\/\/tantrade.ee\/ru\/product\/mr-biguin-crispy\/\" \/>\n<meta property=\"og:locale\" content=\"ru_RU\" \/>\n<meta property=\"og:type\" content=\"article\" \/>\n<meta property=\"og:title\" content=\"Mr.BIGuin Crispy - Tantrade\" \/>\n<meta property=\"og:description\" content=\"Mr. BIGuin Crispy on \u00f5rnad \u0161okolaadikommid kr\u00f5bedate teraviljakr\u00f5psude ja pehme piima-karamellit\u00e4idisega. \u00d5huline kr\u00f5mps ning siidine karamelline sisu!\" \/>\n<meta property=\"og:url\" content=\"https:\/\/tantrade.ee\/ru\/product\/mr-biguin-crispy\/\" \/>\n<meta property=\"og:site_name\" content=\"Tantrade\" \/>\n<meta property=\"article:modified_time\" content=\"2026-03-18T17:08:02+00:00\" \/>\n<meta property=\"og:image\" content=\"https:\/\/tantrade.ee\/wp-content\/uploads\/2026\/03\/mr-big-uin-crispy.jpg\" \/>\n\t<meta property=\"og:image:width\" content=\"1000\" \/>\n\t<meta property=\"og:image:height\" content=\"1000\" \/>\n\t<meta property=\"og:image:type\" content=\"image\/jpeg\" \/>\n<meta name=\"twitter:card\" content=\"summary_large_image\" \/>\n<meta name=\"twitter:label1\" content=\"\u041f\u0440\u0438\u043c\u0435\u0440\u043d\u043e\u0435 \u0432\u0440\u0435\u043c\u044f \u0434\u043b\u044f \u0447\u0442\u0435\u043d\u0438\u044f\" \/>\n\t<meta name=\"twitter:data1\" content=\"1 \u043c\u0438\u043d\u0443\u0442\u0430\" \/>\n<script type=\"application\/ld+json\" class=\"yoast-schema-graph\">{\"@context\":\"https:\/\/schema.org\",\"@graph\":[{\"@type\":\"WebPage\",\"@id\":\"https:\/\/tantrade.ee\/toode\/mr-biguin-crispy\/\",\"url\":\"https:\/\/tantrade.ee\/toode\/mr-biguin-crispy\/\",\"name\":\"Mr.BIGuin Crispy - Tantrade\",\"isPartOf\":{\"@id\":\"https:\/\/tantrade.ee\/#website\"},\"primaryImageOfPage\":{\"@id\":\"https:\/\/tantrade.ee\/toode\/mr-biguin-crispy\/#primaryimage\"},\"image\":{\"@id\":\"https:\/\/tantrade.ee\/toode\/mr-biguin-crispy\/#primaryimage\"},\"thumbnailUrl\":\"https:\/\/tantrade.ee\/wp-content\/uploads\/2026\/03\/mr-big-uin-crispy.jpg\",\"datePublished\":\"2026-03-18T17:08:01+00:00\",\"dateModified\":\"2026-03-18T17:08:02+00:00\",\"description\":\"Mr. BIGuin Crispy on \u00f5rnad \u0161okolaadikommid kr\u00f5bedate teraviljakr\u00f5psude ja pehme piima-karamellit\u00e4idisega. \u00d5huline kr\u00f5mps ning siidine karamelline sisu!\",\"breadcrumb\":{\"@id\":\"https:\/\/tantrade.ee\/toode\/mr-biguin-crispy\/#breadcrumb\"},\"inLanguage\":\"ru-RU\",\"potentialAction\":[{\"@type\":\"ReadAction\",\"target\":[\"https:\/\/tantrade.ee\/toode\/mr-biguin-crispy\/\"]}]},{\"@type\":\"ImageObject\",\"inLanguage\":\"ru-RU\",\"@id\":\"https:\/\/tantrade.ee\/toode\/mr-biguin-crispy\/#primaryimage\",\"url\":\"https:\/\/tantrade.ee\/wp-content\/uploads\/2026\/03\/mr-big-uin-crispy.jpg\",\"contentUrl\":\"https:\/\/tantrade.ee\/wp-content\/uploads\/2026\/03\/mr-big-uin-crispy.jpg\",\"width\":1000,\"height\":1000},{\"@type\":\"BreadcrumbList\",\"@id\":\"https:\/\/tantrade.ee\/toode\/mr-biguin-crispy\/#breadcrumb\",\"itemListElement\":[{\"@type\":\"ListItem\",\"position\":1,\"name\":\"Home\",\"item\":\"https:\/\/tantrade.ee\/\"},{\"@type\":\"ListItem\",\"position\":2,\"name\":\"E-pood\",\"item\":\"https:\/\/tantrade.ee\/ru\/e-pood\/\"},{\"@type\":\"ListItem\",\"position\":3,\"name\":\"Mr.BIGuin Crispy\"}]},{\"@type\":\"WebSite\",\"@id\":\"https:\/\/tantrade.ee\/#website\",\"url\":\"https:\/\/tantrade.ee\/\",\"name\":\"Tantrade Veebipood\",\"description\":\"E-pood\",\"publisher\":{\"@id\":\"https:\/\/tantrade.ee\/#organization\"},\"potentialAction\":[{\"@type\":\"SearchAction\",\"target\":{\"@type\":\"EntryPoint\",\"urlTemplate\":\"https:\/\/tantrade.ee\/?s={search_term_string}\"},\"query-input\":{\"@type\":\"PropertyValueSpecification\",\"valueRequired\":true,\"valueName\":\"search_term_string\"}}],\"inLanguage\":\"ru-RU\"},{\"@type\":\"Organization\",\"@id\":\"https:\/\/tantrade.ee\/#organization\",\"name\":\"Tantrade O\u00dc\",\"url\":\"https:\/\/tantrade.ee\/\",\"logo\":{\"@type\":\"ImageObject\",\"inLanguage\":\"ru-RU\",\"@id\":\"https:\/\/tantrade.ee\/#\/schema\/logo\/image\/\",\"url\":\"https:\/\/tantrade.ee\/wp-content\/uploads\/2023\/12\/Tantrade_logo.png\",\"contentUrl\":\"https:\/\/tantrade.ee\/wp-content\/uploads\/2023\/12\/Tantrade_logo.png\",\"width\":350,\"height\":338,\"caption\":\"Tantrade O\u00dc\"},\"image\":{\"@id\":\"https:\/\/tantrade.ee\/#\/schema\/logo\/image\/\"}}]}<\/script>\n<!-- \/ Yoast SEO plugin. -->","yoast_head_json":{"title":"Mr.BIGuin Crispy - Tantrade","description":"Mr. BIGuin Crispy on \u00f5rnad \u0161okolaadikommid kr\u00f5bedate teraviljakr\u00f5psude ja pehme piima-karamellit\u00e4idisega. \u00d5huline kr\u00f5mps ning siidine karamelline sisu!","robots":{"index":"index","follow":"follow","max-snippet":"max-snippet:-1","max-image-preview":"max-image-preview:large","max-video-preview":"max-video-preview:-1"},"canonical":"https:\/\/tantrade.ee\/ru\/product\/mr-biguin-crispy\/","og_locale":"ru_RU","og_type":"article","og_title":"Mr.BIGuin Crispy - Tantrade","og_description":"Mr. BIGuin Crispy on \u00f5rnad \u0161okolaadikommid kr\u00f5bedate teraviljakr\u00f5psude ja pehme piima-karamellit\u00e4idisega. \u00d5huline kr\u00f5mps ning siidine karamelline sisu!","og_url":"https:\/\/tantrade.ee\/ru\/product\/mr-biguin-crispy\/","og_site_name":"Tantrade","article_modified_time":"2026-03-18T17:08:02+00:00","og_image":[{"width":1000,"height":1000,"url":"https:\/\/tantrade.ee\/wp-content\/uploads\/2026\/03\/mr-big-uin-crispy.jpg","type":"image\/jpeg"}],"twitter_card":"summary_large_image","twitter_misc":{"\u041f\u0440\u0438\u043c\u0435\u0440\u043d\u043e\u0435 \u0432\u0440\u0435\u043c\u044f \u0434\u043b\u044f \u0447\u0442\u0435\u043d\u0438\u044f":"1 \u043c\u0438\u043d\u0443\u0442\u0430"},"schema":{"@context":"https:\/\/schema.org","@graph":[{"@type":"WebPage","@id":"https:\/\/tantrade.ee\/toode\/mr-biguin-crispy\/","url":"https:\/\/tantrade.ee\/toode\/mr-biguin-crispy\/","name":"Mr.BIGuin Crispy - Tantrade","isPartOf":{"@id":"https:\/\/tantrade.ee\/#website"},"primaryImageOfPage":{"@id":"https:\/\/tantrade.ee\/toode\/mr-biguin-crispy\/#primaryimage"},"image":{"@id":"https:\/\/tantrade.ee\/toode\/mr-biguin-crispy\/#primaryimage"},"thumbnailUrl":"https:\/\/tantrade.ee\/wp-content\/uploads\/2026\/03\/mr-big-uin-crispy.jpg","datePublished":"2026-03-18T17:08:01+00:00","dateModified":"2026-03-18T17:08:02+00:00","description":"Mr. BIGuin Crispy on \u00f5rnad \u0161okolaadikommid kr\u00f5bedate teraviljakr\u00f5psude ja pehme piima-karamellit\u00e4idisega. \u00d5huline kr\u00f5mps ning siidine karamelline sisu!","breadcrumb":{"@id":"https:\/\/tantrade.ee\/toode\/mr-biguin-crispy\/#breadcrumb"},"inLanguage":"ru-RU","potentialAction":[{"@type":"ReadAction","target":["https:\/\/tantrade.ee\/toode\/mr-biguin-crispy\/"]}]},{"@type":"ImageObject","inLanguage":"ru-RU","@id":"https:\/\/tantrade.ee\/toode\/mr-biguin-crispy\/#primaryimage","url":"https:\/\/tantrade.ee\/wp-content\/uploads\/2026\/03\/mr-big-uin-crispy.jpg","contentUrl":"https:\/\/tantrade.ee\/wp-content\/uploads\/2026\/03\/mr-big-uin-crispy.jpg","width":1000,"height":1000},{"@type":"BreadcrumbList","@id":"https:\/\/tantrade.ee\/toode\/mr-biguin-crispy\/#breadcrumb","itemListElement":[{"@type":"ListItem","position":1,"name":"Home","item":"https:\/\/tantrade.ee\/"},{"@type":"ListItem","position":2,"name":"E-pood","item":"https:\/\/tantrade.ee\/ru\/e-pood\/"},{"@type":"ListItem","position":3,"name":"Mr.BIGuin Crispy"}]},{"@type":"WebSite","@id":"https:\/\/tantrade.ee\/#website","url":"https:\/\/tantrade.ee\/","name":"Tantrade Veebipood","description":"\u041c\u0430\u0433\u0430\u0437\u0438\u043d","publisher":{"@id":"https:\/\/tantrade.ee\/#organization"},"potentialAction":[{"@type":"SearchAction","target":{"@type":"EntryPoint","urlTemplate":"https:\/\/tantrade.ee\/?s={search_term_string}"},"query-input":{"@type":"PropertyValueSpecification","valueRequired":true,"valueName":"search_term_string"}}],"inLanguage":"ru-RU"},{"@type":"Organization","@id":"https:\/\/tantrade.ee\/#organization","name":"Tantrade O\u00dc","url":"https:\/\/tantrade.ee\/","logo":{"@type":"ImageObject","inLanguage":"ru-RU","@id":"https:\/\/tantrade.ee\/#\/schema\/logo\/image\/","url":"https:\/\/tantrade.ee\/wp-content\/uploads\/2023\/12\/Tantrade_logo.png","contentUrl":"https:\/\/tantrade.ee\/wp-content\/uploads\/2023\/12\/Tantrade_logo.png","width":350,"height":338,"caption":"Tantrade O\u00dc"},"image":{"@id":"https:\/\/tantrade.ee\/#\/schema\/logo\/image\/"}}]}},"_links":{"self":[{"href":"https:\/\/tantrade.ee\/ru\/wp-json\/wp\/v2\/product\/226269","targetHints":{"allow":["GET"]}}],"collection":[{"href":"https:\/\/tantrade.ee\/ru\/wp-json\/wp\/v2\/product"}],"about":[{"href":"https:\/\/tantrade.ee\/ru\/wp-json\/wp\/v2\/types\/product"}],"replies":[{"embeddable":true,"href":"https:\/\/tantrade.ee\/ru\/wp-json\/wp\/v2\/comments?post=226269"}],"wp:featuredmedia":[{"embeddable":true,"href":"https:\/\/tantrade.ee\/ru\/wp-json\/wp\/v2\/media\/226272"}],"wp:attachment":[{"href":"https:\/\/tantrade.ee\/ru\/wp-json\/wp\/v2\/media?parent=226269"}],"wp:term":[{"taxonomy":"product_brand","embeddable":true,"href":"https:\/\/tantrade.ee\/ru\/wp-json\/wp\/v2\/product_brand?post=226269"},{"taxonomy":"product_cat","embeddable":true,"href":"https:\/\/tantrade.ee\/ru\/wp-json\/wp\/v2\/product_cat?post=226269"},{"taxonomy":"product_tag","embeddable":true,"href":"https:\/\/tantrade.ee\/ru\/wp-json\/wp\/v2\/product_tag?post=226269"}],"curies":[{"name":"wp","href":"https:\/\/api.w.org\/{rel}","templated":true}]}}