{"id":226321,"date":"2026-03-18T20:04:15","date_gmt":"2026-03-18T20:04:15","guid":{"rendered":"https:\/\/tantrade.ee\/?post_type=product&#038;p=226321"},"modified":"2026-03-18T20:04:15","modified_gmt":"2026-03-18T20:04:15","slug":"burunduchok","status":"publish","type":"product","link":"https:\/\/tantrade.ee\/ru\/product\/burunduchok\/","title":{"rendered":"Burunduchok"},"content":{"rendered":"<p>\u041a\u043e\u043d\u0444\u0435\u0442\u044b \u00ab\u0411\u0443\u0440\u0443\u043d\u0434\u0443\u0447\u043e\u043a\u00bb \u043e\u0442 ABK \u2014 \u044d\u0442\u043e \u0448\u043e\u043a\u043e\u043b\u0430\u0434\u043d\u043e\u0435 \u043b\u0430\u043a\u043e\u043c\u0441\u0442\u0432\u043e \u0441 \u043d\u0430\u0442\u0443\u0440\u0430\u043b\u044c\u043d\u044b\u043c \u043a\u0430\u043a\u0430\u043e \u0438 \u0434\u0440\u043e\u0431\u043b\u0451\u043d\u044b\u043c \u0430\u0440\u0430\u0445\u0438\u0441\u043e\u043c. \u041e\u0440\u0435\u0445\u043e\u0432\u044b\u0435 \u043d\u043e\u0442\u043a\u0438 \u0433\u0430\u0440\u043c\u043e\u043d\u0438\u0447\u043d\u043e \u0441\u043e\u0447\u0435\u0442\u0430\u044e\u0442\u0441\u044f \u0441 \u043d\u0430\u0441\u044b\u0449\u0435\u043d\u043d\u044b\u043c \u0448\u043e\u043a\u043e\u043b\u0430\u0434\u043d\u044b\u043c \u0432\u043a\u0443\u0441\u043e\u043c, \u0441\u043e\u0437\u0434\u0430\u0432\u0430\u044f \u043c\u044f\u0433\u043a\u0438\u0439 \u0438 \u0441\u0431\u0430\u043b\u0430\u043d\u0441\u0438\u0440\u043e\u0432\u0430\u043d\u043d\u044b\u0439 \u043f\u0440\u043e\u0444\u0438\u043b\u044c.<\/p>\n<p>\u0410\u0440\u043e\u043c\u0430\u0442\u043d\u0430\u044f \u043a\u0440\u043e\u0448\u043a\u0430 \u043f\u0440\u0438\u0434\u0430\u0451\u0442 \u043a\u043e\u043d\u0444\u0435\u0442\u0430\u043c \u0434\u043e\u043f\u043e\u043b\u043d\u0438\u0442\u0435\u043b\u044c\u043d\u0443\u044e \u0442\u0435\u043a\u0441\u0442\u0443\u0440\u0443 \u0438 \u0434\u0435\u043b\u0430\u0435\u0442 \u0432\u043a\u0443\u0441 \u0431\u043e\u043b\u0435\u0435 \u0432\u044b\u0440\u0430\u0437\u0438\u0442\u0435\u043b\u044c\u043d\u044b\u043c. \u041f\u043e\u0434\u0445\u043e\u0434\u044f\u0442 \u0434\u043b\u044f \u043f\u043e\u0432\u0441\u0435\u0434\u043d\u0435\u0432\u043d\u043e\u0433\u043e \u0447\u0430\u0435\u043f\u0438\u0442\u0438\u044f, \u0441\u0435\u043c\u0435\u0439\u043d\u044b\u0445 \u0443\u0433\u043e\u0449\u0435\u043d\u0438\u0439 \u0438 \u0441\u043b\u0430\u0434\u043a\u0438\u0445 \u043f\u0430\u0443\u0437 \u0432 \u0442\u0435\u0447\u0435\u043d\u0438\u0435 \u0434\u043d\u044f.<\/p>","protected":false},"excerpt":{"rendered":"<p>\u0428\u043e\u043a\u043e\u043b\u0430\u0434\u043d\u044b\u0435 \u043a\u043e\u043d\u0444\u0435\u0442\u044b \u0441 \u0430\u0440\u0430\u0445\u0438\u0441\u043e\u043c<\/p>","protected":false},"featured_media":226325,"comment_status":"open","ping_status":"closed","template":"","meta":{"_acf_changed":false},"product_brand":[128],"product_cat":[42,147],"product_tag":[],"class_list":{"0":"post-226321","1":"product","2":"type-product","3":"status-publish","4":"has-post-thumbnail","6":"product_brand-avk","7":"product_cat-kondiitritooted","8":"product_cat-kommid","10":"first","11":"instock","12":"taxable","13":"shipping-taxable","14":"purchasable","15":"product-type-variable"},"acf":[],"yoast_head":"<!-- This site is optimized with the Yoast SEO plugin v26.9 - https:\/\/yoast.com\/product\/yoast-seo-wordpress\/ -->\n<title>Burunduchok - Tantrade<\/title>\n<meta name=\"description\" content=\"\u0160okolaadised maiustused, mis on valmistatud naturaalse kakaoga ja purustatud maap\u00e4hklitega. \u0160okolaadi ja p\u00e4hklite kooslus - tasakaal ja meeldia maitse!\" \/>\n<meta name=\"robots\" content=\"index, follow, max-snippet:-1, max-image-preview:large, max-video-preview:-1\" \/>\n<link rel=\"canonical\" href=\"https:\/\/tantrade.ee\/ru\/product\/burunduchok\/\" \/>\n<meta property=\"og:locale\" content=\"ru_RU\" \/>\n<meta property=\"og:type\" content=\"article\" \/>\n<meta property=\"og:title\" content=\"Burunduchok - Tantrade\" \/>\n<meta property=\"og:description\" content=\"\u0160okolaadised maiustused, mis on valmistatud naturaalse kakaoga ja purustatud maap\u00e4hklitega. \u0160okolaadi ja p\u00e4hklite kooslus - tasakaal ja meeldia maitse!\" \/>\n<meta property=\"og:url\" content=\"https:\/\/tantrade.ee\/ru\/product\/burunduchok\/\" \/>\n<meta property=\"og:site_name\" content=\"Tantrade\" \/>\n<meta property=\"og:image\" content=\"https:\/\/tantrade.ee\/wp-content\/uploads\/2026\/03\/burunduchok-kommid.webp\" \/>\n\t<meta property=\"og:image:width\" content=\"1080\" \/>\n\t<meta property=\"og:image:height\" content=\"1080\" \/>\n\t<meta property=\"og:image:type\" content=\"image\/webp\" \/>\n<meta name=\"twitter:card\" content=\"summary_large_image\" \/>\n<meta name=\"twitter:label1\" content=\"\u041f\u0440\u0438\u043c\u0435\u0440\u043d\u043e\u0435 \u0432\u0440\u0435\u043c\u044f \u0434\u043b\u044f \u0447\u0442\u0435\u043d\u0438\u044f\" \/>\n\t<meta name=\"twitter:data1\" content=\"1 \u043c\u0438\u043d\u0443\u0442\u0430\" \/>\n<script type=\"application\/ld+json\" class=\"yoast-schema-graph\">{\"@context\":\"https:\/\/schema.org\",\"@graph\":[{\"@type\":\"WebPage\",\"@id\":\"https:\/\/tantrade.ee\/toode\/burunduchok\/\",\"url\":\"https:\/\/tantrade.ee\/toode\/burunduchok\/\",\"name\":\"Burunduchok - Tantrade\",\"isPartOf\":{\"@id\":\"https:\/\/tantrade.ee\/#website\"},\"primaryImageOfPage\":{\"@id\":\"https:\/\/tantrade.ee\/toode\/burunduchok\/#primaryimage\"},\"image\":{\"@id\":\"https:\/\/tantrade.ee\/toode\/burunduchok\/#primaryimage\"},\"thumbnailUrl\":\"https:\/\/tantrade.ee\/wp-content\/uploads\/2026\/03\/burunduchok-kommid.webp\",\"datePublished\":\"2026-03-18T20:04:15+00:00\",\"description\":\"\u0160okolaadised maiustused, mis on valmistatud naturaalse kakaoga ja purustatud maap\u00e4hklitega. \u0160okolaadi ja p\u00e4hklite kooslus - tasakaal ja meeldia maitse!\",\"breadcrumb\":{\"@id\":\"https:\/\/tantrade.ee\/toode\/burunduchok\/#breadcrumb\"},\"inLanguage\":\"ru-RU\",\"potentialAction\":[{\"@type\":\"ReadAction\",\"target\":[\"https:\/\/tantrade.ee\/toode\/burunduchok\/\"]}]},{\"@type\":\"ImageObject\",\"inLanguage\":\"ru-RU\",\"@id\":\"https:\/\/tantrade.ee\/toode\/burunduchok\/#primaryimage\",\"url\":\"https:\/\/tantrade.ee\/wp-content\/uploads\/2026\/03\/burunduchok-kommid.webp\",\"contentUrl\":\"https:\/\/tantrade.ee\/wp-content\/uploads\/2026\/03\/burunduchok-kommid.webp\",\"width\":1080,\"height\":1080},{\"@type\":\"BreadcrumbList\",\"@id\":\"https:\/\/tantrade.ee\/toode\/burunduchok\/#breadcrumb\",\"itemListElement\":[{\"@type\":\"ListItem\",\"position\":1,\"name\":\"Home\",\"item\":\"https:\/\/tantrade.ee\/\"},{\"@type\":\"ListItem\",\"position\":2,\"name\":\"E-pood\",\"item\":\"https:\/\/tantrade.ee\/ru\/e-pood\/\"},{\"@type\":\"ListItem\",\"position\":3,\"name\":\"Burunduchok\"}]},{\"@type\":\"WebSite\",\"@id\":\"https:\/\/tantrade.ee\/#website\",\"url\":\"https:\/\/tantrade.ee\/\",\"name\":\"Tantrade Veebipood\",\"description\":\"E-pood\",\"publisher\":{\"@id\":\"https:\/\/tantrade.ee\/#organization\"},\"potentialAction\":[{\"@type\":\"SearchAction\",\"target\":{\"@type\":\"EntryPoint\",\"urlTemplate\":\"https:\/\/tantrade.ee\/?s={search_term_string}\"},\"query-input\":{\"@type\":\"PropertyValueSpecification\",\"valueRequired\":true,\"valueName\":\"search_term_string\"}}],\"inLanguage\":\"ru-RU\"},{\"@type\":\"Organization\",\"@id\":\"https:\/\/tantrade.ee\/#organization\",\"name\":\"Tantrade O\u00dc\",\"url\":\"https:\/\/tantrade.ee\/\",\"logo\":{\"@type\":\"ImageObject\",\"inLanguage\":\"ru-RU\",\"@id\":\"https:\/\/tantrade.ee\/#\/schema\/logo\/image\/\",\"url\":\"https:\/\/tantrade.ee\/wp-content\/uploads\/2023\/12\/Tantrade_logo.png\",\"contentUrl\":\"https:\/\/tantrade.ee\/wp-content\/uploads\/2023\/12\/Tantrade_logo.png\",\"width\":350,\"height\":338,\"caption\":\"Tantrade O\u00dc\"},\"image\":{\"@id\":\"https:\/\/tantrade.ee\/#\/schema\/logo\/image\/\"}}]}<\/script>\n<!-- \/ Yoast SEO plugin. -->","yoast_head_json":{"title":"Burunduchok - Tantrade","description":"\u0160okolaadised maiustused, mis on valmistatud naturaalse kakaoga ja purustatud maap\u00e4hklitega. \u0160okolaadi ja p\u00e4hklite kooslus - tasakaal ja meeldia maitse!","robots":{"index":"index","follow":"follow","max-snippet":"max-snippet:-1","max-image-preview":"max-image-preview:large","max-video-preview":"max-video-preview:-1"},"canonical":"https:\/\/tantrade.ee\/ru\/product\/burunduchok\/","og_locale":"ru_RU","og_type":"article","og_title":"Burunduchok - Tantrade","og_description":"\u0160okolaadised maiustused, mis on valmistatud naturaalse kakaoga ja purustatud maap\u00e4hklitega. \u0160okolaadi ja p\u00e4hklite kooslus - tasakaal ja meeldia maitse!","og_url":"https:\/\/tantrade.ee\/ru\/product\/burunduchok\/","og_site_name":"Tantrade","og_image":[{"width":1080,"height":1080,"url":"https:\/\/tantrade.ee\/wp-content\/uploads\/2026\/03\/burunduchok-kommid.webp","type":"image\/webp"}],"twitter_card":"summary_large_image","twitter_misc":{"\u041f\u0440\u0438\u043c\u0435\u0440\u043d\u043e\u0435 \u0432\u0440\u0435\u043c\u044f \u0434\u043b\u044f \u0447\u0442\u0435\u043d\u0438\u044f":"1 \u043c\u0438\u043d\u0443\u0442\u0430"},"schema":{"@context":"https:\/\/schema.org","@graph":[{"@type":"WebPage","@id":"https:\/\/tantrade.ee\/toode\/burunduchok\/","url":"https:\/\/tantrade.ee\/toode\/burunduchok\/","name":"Burunduchok - Tantrade","isPartOf":{"@id":"https:\/\/tantrade.ee\/#website"},"primaryImageOfPage":{"@id":"https:\/\/tantrade.ee\/toode\/burunduchok\/#primaryimage"},"image":{"@id":"https:\/\/tantrade.ee\/toode\/burunduchok\/#primaryimage"},"thumbnailUrl":"https:\/\/tantrade.ee\/wp-content\/uploads\/2026\/03\/burunduchok-kommid.webp","datePublished":"2026-03-18T20:04:15+00:00","description":"\u0160okolaadised maiustused, mis on valmistatud naturaalse kakaoga ja purustatud maap\u00e4hklitega. \u0160okolaadi ja p\u00e4hklite kooslus - tasakaal ja meeldia maitse!","breadcrumb":{"@id":"https:\/\/tantrade.ee\/toode\/burunduchok\/#breadcrumb"},"inLanguage":"ru-RU","potentialAction":[{"@type":"ReadAction","target":["https:\/\/tantrade.ee\/toode\/burunduchok\/"]}]},{"@type":"ImageObject","inLanguage":"ru-RU","@id":"https:\/\/tantrade.ee\/toode\/burunduchok\/#primaryimage","url":"https:\/\/tantrade.ee\/wp-content\/uploads\/2026\/03\/burunduchok-kommid.webp","contentUrl":"https:\/\/tantrade.ee\/wp-content\/uploads\/2026\/03\/burunduchok-kommid.webp","width":1080,"height":1080},{"@type":"BreadcrumbList","@id":"https:\/\/tantrade.ee\/toode\/burunduchok\/#breadcrumb","itemListElement":[{"@type":"ListItem","position":1,"name":"Home","item":"https:\/\/tantrade.ee\/"},{"@type":"ListItem","position":2,"name":"E-pood","item":"https:\/\/tantrade.ee\/ru\/e-pood\/"},{"@type":"ListItem","position":3,"name":"Burunduchok"}]},{"@type":"WebSite","@id":"https:\/\/tantrade.ee\/#website","url":"https:\/\/tantrade.ee\/","name":"Tantrade Veebipood","description":"\u041c\u0430\u0433\u0430\u0437\u0438\u043d","publisher":{"@id":"https:\/\/tantrade.ee\/#organization"},"potentialAction":[{"@type":"SearchAction","target":{"@type":"EntryPoint","urlTemplate":"https:\/\/tantrade.ee\/?s={search_term_string}"},"query-input":{"@type":"PropertyValueSpecification","valueRequired":true,"valueName":"search_term_string"}}],"inLanguage":"ru-RU"},{"@type":"Organization","@id":"https:\/\/tantrade.ee\/#organization","name":"Tantrade O\u00dc","url":"https:\/\/tantrade.ee\/","logo":{"@type":"ImageObject","inLanguage":"ru-RU","@id":"https:\/\/tantrade.ee\/#\/schema\/logo\/image\/","url":"https:\/\/tantrade.ee\/wp-content\/uploads\/2023\/12\/Tantrade_logo.png","contentUrl":"https:\/\/tantrade.ee\/wp-content\/uploads\/2023\/12\/Tantrade_logo.png","width":350,"height":338,"caption":"Tantrade O\u00dc"},"image":{"@id":"https:\/\/tantrade.ee\/#\/schema\/logo\/image\/"}}]}},"_links":{"self":[{"href":"https:\/\/tantrade.ee\/ru\/wp-json\/wp\/v2\/product\/226321","targetHints":{"allow":["GET"]}}],"collection":[{"href":"https:\/\/tantrade.ee\/ru\/wp-json\/wp\/v2\/product"}],"about":[{"href":"https:\/\/tantrade.ee\/ru\/wp-json\/wp\/v2\/types\/product"}],"replies":[{"embeddable":true,"href":"https:\/\/tantrade.ee\/ru\/wp-json\/wp\/v2\/comments?post=226321"}],"wp:featuredmedia":[{"embeddable":true,"href":"https:\/\/tantrade.ee\/ru\/wp-json\/wp\/v2\/media\/226325"}],"wp:attachment":[{"href":"https:\/\/tantrade.ee\/ru\/wp-json\/wp\/v2\/media?parent=226321"}],"wp:term":[{"taxonomy":"product_brand","embeddable":true,"href":"https:\/\/tantrade.ee\/ru\/wp-json\/wp\/v2\/product_brand?post=226321"},{"taxonomy":"product_cat","embeddable":true,"href":"https:\/\/tantrade.ee\/ru\/wp-json\/wp\/v2\/product_cat?post=226321"},{"taxonomy":"product_tag","embeddable":true,"href":"https:\/\/tantrade.ee\/ru\/wp-json\/wp\/v2\/product_tag?post=226321"}],"curies":[{"name":"wp","href":"https:\/\/api.w.org\/{rel}","templated":true}]}}