{"id":226390,"date":"2026-04-02T15:52:57","date_gmt":"2026-04-02T15:52:57","guid":{"rendered":"https:\/\/tantrade.ee\/?post_type=product&#038;p=226390"},"modified":"2026-04-02T15:52:57","modified_gmt":"2026-04-02T15:52:57","slug":"minisalamini-parma-50-g","status":"publish","type":"product","link":"https:\/\/tantrade.ee\/ru\/product\/minisalamini-parma-50-g\/","title":{"rendered":"MINISALAMINI Parma, 50 g"},"content":{"rendered":"<p>MINISALAMINI Parma \u2014 \u043c\u0438\u043d\u0438-\u0441\u0430\u043b\u044f\u043c\u0438, \u043f\u0440\u0438\u0433\u043e\u0442\u043e\u0432\u043b\u0435\u043d\u043d\u044b\u0435 \u0442\u043e\u043b\u044c\u043a\u043e \u0438\u0437 \u0441\u0432\u0438\u043d\u0438\u043d\u044b \u0438 \u0442\u0440\u0430\u0434\u0438\u0446\u0438\u043e\u043d\u043d\u044b\u0445 \u0438\u0442\u0430\u043b\u044c\u044f\u043d\u0441\u043a\u0438\u0445 \u0441\u043f\u0435\u0446\u0438\u0439. \u041f\u0440\u043e\u0434\u0443\u043a\u0442 \u043f\u043e\u0434\u0445\u043e\u0434\u0438\u0442 \u043a\u0430\u043a \u0443\u0434\u043e\u0431\u043d\u044b\u0439 \u043c\u044f\u0441\u043d\u043e\u0439 \u043f\u0435\u0440\u0435\u043a\u0443\u0441 \u0432 \u0434\u043e\u0440\u043e\u0433\u0435, \u043d\u0430 \u0440\u0430\u0431\u043e\u0442\u0435 \u0438\u043b\u0438 \u0432 \u0442\u0435\u0447\u0435\u043d\u0438\u0435 \u0434\u043d\u044f.<\/p>","protected":false},"excerpt":{"rendered":"<p>\u041c\u0438\u043d\u0438-\u0441\u0430\u043b\u044f\u043c\u0438 \u0438\u0437 \u0441\u0432\u0438\u043d\u0438\u043d\u044b \u0441 \u0438\u0442\u0430\u043b\u044c\u044f\u043d\u0441\u043a\u0438\u043c\u0438 \u0441\u043f\u0435\u0446\u0438\u044f\u043c\u0438<\/p>","protected":false},"featured_media":226391,"comment_status":"open","ping_status":"closed","template":"","meta":{"_acf_changed":false},"product_brand":[164],"product_cat":[165,149],"product_tag":[],"class_list":{"0":"post-226390","1":"product","2":"type-product","3":"status-publish","4":"has-post-thumbnail","6":"product_brand-objerky","7":"product_cat-lihasnakid","8":"product_cat-snakid","10":"first","11":"instock","12":"taxable","13":"shipping-taxable","14":"purchasable","15":"product-type-simple"},"acf":[],"yoast_head":"<!-- This site is optimized with the Yoast SEO plugin v26.9 - https:\/\/yoast.com\/product\/yoast-seo-wordpress\/ -->\n<title>MINISALAMINI Parma, 50 g - Tantrade<\/title>\n<meta name=\"description\" content=\"MINISALAMINI Parma on mini-salaami, mis on valmistatud ainult sealihast ja traditsioonilistest Itaalia maitseainetest. Toode sobib mugavaks lihasuupisteks reisile, t\u00f6\u00f6le v\u00f5i vahepalaks p\u00e4eva jooksul.\" \/>\n<meta name=\"robots\" content=\"index, follow, max-snippet:-1, max-image-preview:large, max-video-preview:-1\" \/>\n<link rel=\"canonical\" href=\"https:\/\/tantrade.ee\/ru\/product\/minisalamini-parma-50-g\/\" \/>\n<meta property=\"og:locale\" content=\"ru_RU\" \/>\n<meta property=\"og:type\" content=\"article\" \/>\n<meta property=\"og:title\" content=\"MINISALAMINI Parma, 50 g - Tantrade\" \/>\n<meta property=\"og:description\" content=\"MINISALAMINI Parma on mini-salaami, mis on valmistatud ainult sealihast ja traditsioonilistest Itaalia maitseainetest. Toode sobib mugavaks lihasuupisteks reisile, t\u00f6\u00f6le v\u00f5i vahepalaks p\u00e4eva jooksul.\" \/>\n<meta property=\"og:url\" content=\"https:\/\/tantrade.ee\/ru\/product\/minisalamini-parma-50-g\/\" \/>\n<meta property=\"og:site_name\" content=\"Tantrade\" \/>\n<meta property=\"og:image\" content=\"https:\/\/tantrade.ee\/wp-content\/uploads\/2026\/04\/SalaminiParma_F.webp\" \/>\n\t<meta property=\"og:image:width\" content=\"1080\" \/>\n\t<meta property=\"og:image:height\" content=\"1080\" \/>\n\t<meta property=\"og:image:type\" content=\"image\/webp\" \/>\n<meta name=\"twitter:card\" content=\"summary_large_image\" \/>\n<meta name=\"twitter:label1\" content=\"\u041f\u0440\u0438\u043c\u0435\u0440\u043d\u043e\u0435 \u0432\u0440\u0435\u043c\u044f \u0434\u043b\u044f \u0447\u0442\u0435\u043d\u0438\u044f\" \/>\n\t<meta name=\"twitter:data1\" content=\"1 \u043c\u0438\u043d\u0443\u0442\u0430\" \/>\n<script type=\"application\/ld+json\" class=\"yoast-schema-graph\">{\"@context\":\"https:\/\/schema.org\",\"@graph\":[{\"@type\":\"WebPage\",\"@id\":\"https:\/\/tantrade.ee\/toode\/minisalamini-parma-50-g\/\",\"url\":\"https:\/\/tantrade.ee\/toode\/minisalamini-parma-50-g\/\",\"name\":\"MINISALAMINI Parma, 50 g - Tantrade\",\"isPartOf\":{\"@id\":\"https:\/\/tantrade.ee\/#website\"},\"primaryImageOfPage\":{\"@id\":\"https:\/\/tantrade.ee\/toode\/minisalamini-parma-50-g\/#primaryimage\"},\"image\":{\"@id\":\"https:\/\/tantrade.ee\/toode\/minisalamini-parma-50-g\/#primaryimage\"},\"thumbnailUrl\":\"https:\/\/tantrade.ee\/wp-content\/uploads\/2026\/04\/SalaminiParma_F.webp\",\"datePublished\":\"2026-04-02T15:52:57+00:00\",\"description\":\"MINISALAMINI Parma on mini-salaami, mis on valmistatud ainult sealihast ja traditsioonilistest Itaalia maitseainetest. Toode sobib mugavaks lihasuupisteks reisile, t\u00f6\u00f6le v\u00f5i vahepalaks p\u00e4eva jooksul.\",\"breadcrumb\":{\"@id\":\"https:\/\/tantrade.ee\/toode\/minisalamini-parma-50-g\/#breadcrumb\"},\"inLanguage\":\"ru-RU\",\"potentialAction\":[{\"@type\":\"ReadAction\",\"target\":[\"https:\/\/tantrade.ee\/toode\/minisalamini-parma-50-g\/\"]}]},{\"@type\":\"ImageObject\",\"inLanguage\":\"ru-RU\",\"@id\":\"https:\/\/tantrade.ee\/toode\/minisalamini-parma-50-g\/#primaryimage\",\"url\":\"https:\/\/tantrade.ee\/wp-content\/uploads\/2026\/04\/SalaminiParma_F.webp\",\"contentUrl\":\"https:\/\/tantrade.ee\/wp-content\/uploads\/2026\/04\/SalaminiParma_F.webp\",\"width\":1080,\"height\":1080},{\"@type\":\"BreadcrumbList\",\"@id\":\"https:\/\/tantrade.ee\/toode\/minisalamini-parma-50-g\/#breadcrumb\",\"itemListElement\":[{\"@type\":\"ListItem\",\"position\":1,\"name\":\"Home\",\"item\":\"https:\/\/tantrade.ee\/\"},{\"@type\":\"ListItem\",\"position\":2,\"name\":\"E-pood\",\"item\":\"https:\/\/tantrade.ee\/ru\/e-pood\/\"},{\"@type\":\"ListItem\",\"position\":3,\"name\":\"MINISALAMINI Parma, 50 g\"}]},{\"@type\":\"WebSite\",\"@id\":\"https:\/\/tantrade.ee\/#website\",\"url\":\"https:\/\/tantrade.ee\/\",\"name\":\"Tantrade Veebipood\",\"description\":\"E-pood\",\"publisher\":{\"@id\":\"https:\/\/tantrade.ee\/#organization\"},\"potentialAction\":[{\"@type\":\"SearchAction\",\"target\":{\"@type\":\"EntryPoint\",\"urlTemplate\":\"https:\/\/tantrade.ee\/?s={search_term_string}\"},\"query-input\":{\"@type\":\"PropertyValueSpecification\",\"valueRequired\":true,\"valueName\":\"search_term_string\"}}],\"inLanguage\":\"ru-RU\"},{\"@type\":\"Organization\",\"@id\":\"https:\/\/tantrade.ee\/#organization\",\"name\":\"Tantrade O\u00dc\",\"url\":\"https:\/\/tantrade.ee\/\",\"logo\":{\"@type\":\"ImageObject\",\"inLanguage\":\"ru-RU\",\"@id\":\"https:\/\/tantrade.ee\/#\/schema\/logo\/image\/\",\"url\":\"https:\/\/tantrade.ee\/wp-content\/uploads\/2023\/12\/Tantrade_logo.png\",\"contentUrl\":\"https:\/\/tantrade.ee\/wp-content\/uploads\/2023\/12\/Tantrade_logo.png\",\"width\":350,\"height\":338,\"caption\":\"Tantrade O\u00dc\"},\"image\":{\"@id\":\"https:\/\/tantrade.ee\/#\/schema\/logo\/image\/\"}}]}<\/script>\n<!-- \/ Yoast SEO plugin. -->","yoast_head_json":{"title":"MINISALAMINI Parma, 50 g - Tantrade","description":"MINISALAMINI Parma \u2014 \u043c\u0438\u043d\u0438-\u0441\u0430\u043b\u044f\u043c\u0438, \u043f\u0440\u0438\u0433\u043e\u0442\u043e\u0432\u043b\u0435\u043d\u043d\u044b\u0435 \u0442\u043e\u043b\u044c\u043a\u043e \u0438\u0437 \u0441\u0432\u0438\u043d\u0438\u043d\u044b \u0438 \u0442\u0440\u0430\u0434\u0438\u0446\u0438\u043e\u043d\u043d\u044b\u0445 \u0438\u0442\u0430\u043b\u044c\u044f\u043d\u0441\u043a\u0438\u0445 \u0441\u043f\u0435\u0446\u0438\u0439. \u041f\u0440\u043e\u0434\u0443\u043a\u0442 \u043f\u043e\u0434\u0445\u043e\u0434\u0438\u0442 \u043a\u0430\u043a \u0443\u0434\u043e\u0431\u043d\u044b\u0439 \u043c\u044f\u0441\u043d\u043e\u0439 \u043f\u0435\u0440\u0435\u043a\u0443\u0441 \u0432 \u0434\u043e\u0440\u043e\u0433\u0435, \u043d\u0430 \u0440\u0430\u0431\u043e\u0442\u0435 \u0438\u043b\u0438 \u0432 \u0442\u0435\u0447\u0435\u043d\u0438\u0435 \u0434\u043d\u044f.","robots":{"index":"index","follow":"follow","max-snippet":"max-snippet:-1","max-image-preview":"max-image-preview:large","max-video-preview":"max-video-preview:-1"},"canonical":"https:\/\/tantrade.ee\/ru\/product\/minisalamini-parma-50-g\/","og_locale":"ru_RU","og_type":"article","og_title":"MINISALAMINI Parma, 50 g - Tantrade","og_description":"MINISALAMINI Parma on mini-salaami, mis on valmistatud ainult sealihast ja traditsioonilistest Itaalia maitseainetest. Toode sobib mugavaks lihasuupisteks reisile, t\u00f6\u00f6le v\u00f5i vahepalaks p\u00e4eva jooksul.","og_url":"https:\/\/tantrade.ee\/ru\/product\/minisalamini-parma-50-g\/","og_site_name":"Tantrade","og_image":[{"width":1080,"height":1080,"url":"https:\/\/tantrade.ee\/wp-content\/uploads\/2026\/04\/SalaminiParma_F.webp","type":"image\/webp"}],"twitter_card":"summary_large_image","twitter_misc":{"\u041f\u0440\u0438\u043c\u0435\u0440\u043d\u043e\u0435 \u0432\u0440\u0435\u043c\u044f \u0434\u043b\u044f \u0447\u0442\u0435\u043d\u0438\u044f":"1 \u043c\u0438\u043d\u0443\u0442\u0430"},"schema":{"@context":"https:\/\/schema.org","@graph":[{"@type":"WebPage","@id":"https:\/\/tantrade.ee\/toode\/minisalamini-parma-50-g\/","url":"https:\/\/tantrade.ee\/toode\/minisalamini-parma-50-g\/","name":"MINISALAMINI Parma, 50 g - Tantrade","isPartOf":{"@id":"https:\/\/tantrade.ee\/#website"},"primaryImageOfPage":{"@id":"https:\/\/tantrade.ee\/toode\/minisalamini-parma-50-g\/#primaryimage"},"image":{"@id":"https:\/\/tantrade.ee\/toode\/minisalamini-parma-50-g\/#primaryimage"},"thumbnailUrl":"https:\/\/tantrade.ee\/wp-content\/uploads\/2026\/04\/SalaminiParma_F.webp","datePublished":"2026-04-02T15:52:57+00:00","description":"MINISALAMINI Parma \u2014 \u043c\u0438\u043d\u0438-\u0441\u0430\u043b\u044f\u043c\u0438, \u043f\u0440\u0438\u0433\u043e\u0442\u043e\u0432\u043b\u0435\u043d\u043d\u044b\u0435 \u0442\u043e\u043b\u044c\u043a\u043e \u0438\u0437 \u0441\u0432\u0438\u043d\u0438\u043d\u044b \u0438 \u0442\u0440\u0430\u0434\u0438\u0446\u0438\u043e\u043d\u043d\u044b\u0445 \u0438\u0442\u0430\u043b\u044c\u044f\u043d\u0441\u043a\u0438\u0445 \u0441\u043f\u0435\u0446\u0438\u0439. \u041f\u0440\u043e\u0434\u0443\u043a\u0442 \u043f\u043e\u0434\u0445\u043e\u0434\u0438\u0442 \u043a\u0430\u043a \u0443\u0434\u043e\u0431\u043d\u044b\u0439 \u043c\u044f\u0441\u043d\u043e\u0439 \u043f\u0435\u0440\u0435\u043a\u0443\u0441 \u0432 \u0434\u043e\u0440\u043e\u0433\u0435, \u043d\u0430 \u0440\u0430\u0431\u043e\u0442\u0435 \u0438\u043b\u0438 \u0432 \u0442\u0435\u0447\u0435\u043d\u0438\u0435 \u0434\u043d\u044f.","breadcrumb":{"@id":"https:\/\/tantrade.ee\/toode\/minisalamini-parma-50-g\/#breadcrumb"},"inLanguage":"ru-RU","potentialAction":[{"@type":"ReadAction","target":["https:\/\/tantrade.ee\/toode\/minisalamini-parma-50-g\/"]}]},{"@type":"ImageObject","inLanguage":"ru-RU","@id":"https:\/\/tantrade.ee\/toode\/minisalamini-parma-50-g\/#primaryimage","url":"https:\/\/tantrade.ee\/wp-content\/uploads\/2026\/04\/SalaminiParma_F.webp","contentUrl":"https:\/\/tantrade.ee\/wp-content\/uploads\/2026\/04\/SalaminiParma_F.webp","width":1080,"height":1080},{"@type":"BreadcrumbList","@id":"https:\/\/tantrade.ee\/toode\/minisalamini-parma-50-g\/#breadcrumb","itemListElement":[{"@type":"ListItem","position":1,"name":"Home","item":"https:\/\/tantrade.ee\/"},{"@type":"ListItem","position":2,"name":"E-pood","item":"https:\/\/tantrade.ee\/ru\/e-pood\/"},{"@type":"ListItem","position":3,"name":"MINISALAMINI Parma, 50 g"}]},{"@type":"WebSite","@id":"https:\/\/tantrade.ee\/#website","url":"https:\/\/tantrade.ee\/","name":"Tantrade Veebipood","description":"\u041c\u0430\u0433\u0430\u0437\u0438\u043d","publisher":{"@id":"https:\/\/tantrade.ee\/#organization"},"potentialAction":[{"@type":"SearchAction","target":{"@type":"EntryPoint","urlTemplate":"https:\/\/tantrade.ee\/?s={search_term_string}"},"query-input":{"@type":"PropertyValueSpecification","valueRequired":true,"valueName":"search_term_string"}}],"inLanguage":"ru-RU"},{"@type":"Organization","@id":"https:\/\/tantrade.ee\/#organization","name":"Tantrade O\u00dc","url":"https:\/\/tantrade.ee\/","logo":{"@type":"ImageObject","inLanguage":"ru-RU","@id":"https:\/\/tantrade.ee\/#\/schema\/logo\/image\/","url":"https:\/\/tantrade.ee\/wp-content\/uploads\/2023\/12\/Tantrade_logo.png","contentUrl":"https:\/\/tantrade.ee\/wp-content\/uploads\/2023\/12\/Tantrade_logo.png","width":350,"height":338,"caption":"Tantrade O\u00dc"},"image":{"@id":"https:\/\/tantrade.ee\/#\/schema\/logo\/image\/"}}]}},"_links":{"self":[{"href":"https:\/\/tantrade.ee\/ru\/wp-json\/wp\/v2\/product\/226390","targetHints":{"allow":["GET"]}}],"collection":[{"href":"https:\/\/tantrade.ee\/ru\/wp-json\/wp\/v2\/product"}],"about":[{"href":"https:\/\/tantrade.ee\/ru\/wp-json\/wp\/v2\/types\/product"}],"replies":[{"embeddable":true,"href":"https:\/\/tantrade.ee\/ru\/wp-json\/wp\/v2\/comments?post=226390"}],"wp:featuredmedia":[{"embeddable":true,"href":"https:\/\/tantrade.ee\/ru\/wp-json\/wp\/v2\/media\/226391"}],"wp:attachment":[{"href":"https:\/\/tantrade.ee\/ru\/wp-json\/wp\/v2\/media?parent=226390"}],"wp:term":[{"taxonomy":"product_brand","embeddable":true,"href":"https:\/\/tantrade.ee\/ru\/wp-json\/wp\/v2\/product_brand?post=226390"},{"taxonomy":"product_cat","embeddable":true,"href":"https:\/\/tantrade.ee\/ru\/wp-json\/wp\/v2\/product_cat?post=226390"},{"taxonomy":"product_tag","embeddable":true,"href":"https:\/\/tantrade.ee\/ru\/wp-json\/wp\/v2\/product_tag?post=226390"}],"curies":[{"name":"wp","href":"https:\/\/api.w.org\/{rel}","templated":true}]}}